{"id":26886,"date":"2023-10-05T13:08:50","date_gmt":"2023-10-05T13:08:50","guid":{"rendered":"https:\/\/www.trustguard.eu\/urheberrechte\/"},"modified":"2024-01-15T09:51:10","modified_gmt":"2024-01-15T09:51:10","slug":"urheberrechte","status":"publish","type":"page","link":"https:\/\/www.trustguard.eu\/de\/urheberrechte\/","title":{"rendered":"Urheberrechte"},"content":{"rendered":"\t\t<div data-elementor-type=\"wp-page\" data-elementor-id=\"26886\" class=\"elementor elementor-26886 elementor-1480\" data-elementor-post-type=\"page\">\n\t\t\t\t\t\t<section class=\"elementor-section elementor-top-section elementor-element elementor-element-33ff185 elementor-section-height-min-height elementor-section-boxed elementor-section-height-default elementor-section-items-middle\" data-id=\"33ff185\" data-element_type=\"section\" data-e-type=\"section\" data-settings=\"{&quot;background_background&quot;:&quot;classic&quot;,&quot;shape_divider_bottom&quot;:&quot;opacity-tilt&quot;}\">\n\t\t\t\t\t\t\t<div class=\"elementor-background-overlay\"><\/div>\n\t\t\t\t\t\t<div class=\"elementor-shape elementor-shape-bottom\" aria-hidden=\"true\" data-negative=\"false\">\n\t\t\t<svg xmlns=\"http:\/\/www.w3.org\/2000\/svg\" viewBox=\"0 0 2600 131.1\" preserveAspectRatio=\"none\">\n\t<path class=\"elementor-shape-fill\" d=\"M0 0L2600 0 2600 69.1 0 0z\"\/>\n\t<path class=\"elementor-shape-fill\" style=\"opacity:0.5\" d=\"M0 0L2600 0 2600 69.1 0 69.1z\"\/>\n\t<path class=\"elementor-shape-fill\" style=\"opacity:0.25\" d=\"M2600 0L0 0 0 130.1 2600 69.1z\"\/>\n<\/svg>\t\t<\/div>\n\t\t\t\t\t<div class=\"elementor-container elementor-column-gap-default\">\n\t\t\t\t\t<div class=\"elementor-column elementor-col-100 elementor-top-column elementor-element elementor-element-9915fb0\" data-id=\"9915fb0\" data-element_type=\"column\" data-e-type=\"column\">\n\t\t\t<div class=\"elementor-widget-wrap elementor-element-populated\">\n\t\t\t\t\t\t<div class=\"elementor-element elementor-element-2f24130 elementor-widget elementor-widget-heading\" data-id=\"2f24130\" data-element_type=\"widget\" data-e-type=\"widget\" data-widget_type=\"heading.default\">\n\t\t\t\t<div class=\"elementor-widget-container\">\n\t\t\t\t\t<h1 class=\"elementor-heading-title elementor-size-default\">Urheberrechte<\/h1>\t\t\t\t<\/div>\n\t\t\t\t<\/div>\n\t\t\t\t\t<\/div>\n\t\t<\/div>\n\t\t\t\t\t<\/div>\n\t\t<\/section>\n\t\t\t\t<section class=\"elementor-section elementor-top-section elementor-element elementor-element-87dcc1f elementor-section-boxed elementor-section-height-default elementor-section-height-default\" data-id=\"87dcc1f\" data-element_type=\"section\" data-e-type=\"section\">\n\t\t\t\t\t\t<div class=\"elementor-container elementor-column-gap-default\">\n\t\t\t\t\t<div class=\"elementor-column elementor-col-100 elementor-top-column elementor-element elementor-element-0f07d4a\" data-id=\"0f07d4a\" data-element_type=\"column\" data-e-type=\"column\">\n\t\t\t<div class=\"elementor-widget-wrap elementor-element-populated\">\n\t\t\t\t\t\t<div class=\"elementor-element elementor-element-1d798e9 elementor-widget elementor-widget-spacer\" data-id=\"1d798e9\" data-element_type=\"widget\" data-e-type=\"widget\" data-widget_type=\"spacer.default\">\n\t\t\t\t<div class=\"elementor-widget-container\">\n\t\t\t\t\t\t\t<div class=\"elementor-spacer\">\n\t\t\t<div class=\"elementor-spacer-inner\"><\/div>\n\t\t<\/div>\n\t\t\t\t\t\t<\/div>\n\t\t\t\t<\/div>\n\t\t\t\t<div class=\"elementor-element elementor-element-5f08655 elementor-widget elementor-widget-html\" data-id=\"5f08655\" data-element_type=\"widget\" data-e-type=\"widget\" data-widget_type=\"html.default\">\n\t\t\t\t<div class=\"elementor-widget-container\">\n\t\t\t\t\t<div id=\"content\"><\/div>\t\t\t\t<\/div>\n\t\t\t\t<\/div>\n\t\t\t\t\t<\/div>\n\t\t<\/div>\n\t\t\t\t\t<\/div>\n\t\t<\/section>\n\t\t\t\t<section class=\"elementor-section elementor-top-section elementor-element elementor-element-310983f elementor-section-boxed elementor-section-height-default elementor-section-height-default\" data-id=\"310983f\" data-element_type=\"section\" data-e-type=\"section\">\n\t\t\t\t\t\t<div class=\"elementor-container elementor-column-gap-default\">\n\t\t\t\t\t<div class=\"elementor-column elementor-col-100 elementor-top-column elementor-element elementor-element-41068ae\" data-id=\"41068ae\" data-element_type=\"column\" data-e-type=\"column\" data-settings=\"{&quot;background_background&quot;:&quot;slideshow&quot;,&quot;background_slideshow_gallery&quot;:[],&quot;background_slideshow_loop&quot;:&quot;yes&quot;,&quot;background_slideshow_slide_duration&quot;:5000,&quot;background_slideshow_slide_transition&quot;:&quot;fade&quot;,&quot;background_slideshow_transition_duration&quot;:500}\">\n\t\t\t<div class=\"elementor-widget-wrap elementor-element-populated\">\n\t\t\t\t\t\t<div class=\"elementor-element elementor-element-137e89c elementor-widget elementor-widget-heading\" data-id=\"137e89c\" data-element_type=\"widget\" data-e-type=\"widget\" data-widget_type=\"heading.default\">\n\t\t\t\t<div class=\"elementor-widget-container\">\n\t\t\t\t\t<h2 class=\"elementor-heading-title elementor-size-default\">Urheberrechte<\/h2>\t\t\t\t<\/div>\n\t\t\t\t<\/div>\n\t\t\t\t<div class=\"elementor-element elementor-element-7974a8a elementor-widget__width-initial elementor-widget elementor-widget-text-editor\" data-id=\"7974a8a\" data-element_type=\"widget\" data-e-type=\"widget\" data-widget_type=\"text-editor.default\">\n\t\t\t\t<div class=\"elementor-widget-container\">\n\t\t\t\t\t\t\t\t\t<p><strong>Copyright \u00a9 Business to You B.V. 2024. Alle Rechte vorbehalten. <\/strong><\/p>\n<p>Es ist strengstens untersagt, Material von Business to You (B2U)-Websites oder von Business to You (B2U)-bezogenen Medienwebsites ohne vorherige Genehmigung von Business to You zu speichern, zu kopieren, weiterzuverbreiten, zu ver\u00f6ffentlichen oder zu \u00e4ndern. Es besteht keine Freiheit, den Inhalt dieser Website zu reproduzieren. Alle Urheberrechte bleiben vorbehalten, wie in Abschnitt 15 des Urheberrechtsgesetzes dargelegt.<\/p>\n\t\t\t\t\t\t\t\t<\/div>\n\t\t\t\t<\/div>\n\t\t\t\t\t<\/div>\n\t\t<\/div>\n\t\t\t\t\t<\/div>\n\t\t<\/section>\n\t\t\t\t<section class=\"elementor-section elementor-top-section elementor-element elementor-element-489fc51 elementor-section-boxed elementor-section-height-default elementor-section-height-default\" data-id=\"489fc51\" data-element_type=\"section\" data-e-type=\"section\">\n\t\t\t\t\t\t<div class=\"elementor-container elementor-column-gap-default\">\n\t\t\t\t\t<div class=\"elementor-column elementor-col-100 elementor-top-column elementor-element elementor-element-0b0cc36\" data-id=\"0b0cc36\" data-element_type=\"column\" data-e-type=\"column\">\n\t\t\t<div class=\"elementor-widget-wrap elementor-element-populated\">\n\t\t\t\t\t\t<div class=\"elementor-element elementor-element-0333794 elementor-widget elementor-widget-spacer\" data-id=\"0333794\" data-element_type=\"widget\" data-e-type=\"widget\" data-widget_type=\"spacer.default\">\n\t\t\t\t<div class=\"elementor-widget-container\">\n\t\t\t\t\t\t\t<div class=\"elementor-spacer\">\n\t\t\t<div class=\"elementor-spacer-inner\"><\/div>\n\t\t<\/div>\n\t\t\t\t\t\t<\/div>\n\t\t\t\t<\/div>\n\t\t\t\t\t<\/div>\n\t\t<\/div>\n\t\t\t\t\t<\/div>\n\t\t<\/section>\n\t\t\t\t<\/div>\n\t\t","protected":false},"excerpt":{"rendered":"<p>Urheberrechte Urheberrechte Copyright \u00a9 Business to You B.V. 2024. Alle Rechte vorbehalten. Es ist strengstens untersagt, Material von Business to You (B2U)-Websites oder von Business to You (B2U)-bezogenen Medienwebsites ohne vorherige Genehmigung von Business to You zu speichern, zu kopieren, weiterzuverbreiten, zu ver\u00f6ffentlichen oder zu \u00e4ndern. Es besteht keine Freiheit, den Inhalt dieser Website zu <a href=\"https:\/\/www.trustguard.eu\/de\/urheberrechte\/\" class=\"more-link\">&#8230;<\/a><\/p>\n","protected":false},"author":2,"featured_media":0,"parent":0,"menu_order":804,"comment_status":"closed","ping_status":"closed","template":"elementor_header_footer","meta":{"_acf_changed":false,"inline_featured_image":false,"footnotes":""},"class_list":["post-26886","page","type-page","status-publish","hentry"],"acf":[],"yoast_head":"<!-- This site is optimized with the Yoast SEO plugin v27.3 - https:\/\/yoast.com\/product\/yoast-seo-wordpress\/ -->\n<title>Urheberrechte - Trust Guard<\/title>\n<meta name=\"description\" content=\"F\u00fcr diese Website gilt das Urheberrecht. Alle Urheberrechte bleiben gem\u00e4\u00df Abschnitt 15 des Urheberrechtsgesetzes vorbehalten.\" \/>\n<meta name=\"robots\" content=\"index, follow, max-snippet:-1, max-image-preview:large, max-video-preview:-1\" \/>\n<link rel=\"canonical\" href=\"https:\/\/www.trustguard.eu\/de\/urheberrechte\/\" \/>\n<meta property=\"og:locale\" content=\"de_DE\" \/>\n<meta property=\"og:type\" content=\"article\" \/>\n<meta property=\"og:title\" content=\"Urheberrechte - Trust Guard\" \/>\n<meta property=\"og:description\" content=\"F\u00fcr diese Website gilt das Urheberrecht. Alle Urheberrechte bleiben gem\u00e4\u00df Abschnitt 15 des Urheberrechtsgesetzes vorbehalten.\" \/>\n<meta property=\"og:url\" content=\"https:\/\/www.trustguard.eu\/de\/urheberrechte\/\" \/>\n<meta property=\"og:site_name\" content=\"Trust Guard\" \/>\n<meta property=\"article:modified_time\" content=\"2024-01-15T09:51:10+00:00\" \/>\n<meta name=\"twitter:card\" content=\"summary_large_image\" \/>\n<script type=\"application\/ld+json\" class=\"yoast-schema-graph\">{\"@context\":\"https:\\\/\\\/schema.org\",\"@graph\":[{\"@type\":\"WebPage\",\"@id\":\"https:\\\/\\\/www.trustguard.eu\\\/de\\\/urheberrechte\\\/\",\"url\":\"https:\\\/\\\/www.trustguard.eu\\\/de\\\/urheberrechte\\\/\",\"name\":\"Urheberrechte - Trust Guard\",\"isPartOf\":{\"@id\":\"https:\\\/\\\/www.trustguard.eu\\\/de\\\/#website\"},\"datePublished\":\"2023-10-05T13:08:50+00:00\",\"dateModified\":\"2024-01-15T09:51:10+00:00\",\"description\":\"F\u00fcr diese Website gilt das Urheberrecht. Alle Urheberrechte bleiben gem\u00e4\u00df Abschnitt 15 des Urheberrechtsgesetzes vorbehalten.\",\"breadcrumb\":{\"@id\":\"https:\\\/\\\/www.trustguard.eu\\\/de\\\/urheberrechte\\\/#breadcrumb\"},\"inLanguage\":\"de\",\"potentialAction\":[{\"@type\":\"ReadAction\",\"target\":[\"https:\\\/\\\/www.trustguard.eu\\\/de\\\/urheberrechte\\\/\"]}]},{\"@type\":\"BreadcrumbList\",\"@id\":\"https:\\\/\\\/www.trustguard.eu\\\/de\\\/urheberrechte\\\/#breadcrumb\",\"itemListElement\":[{\"@type\":\"ListItem\",\"position\":1,\"name\":\"Home\",\"item\":\"https:\\\/\\\/www.trustguard.eu\\\/de\\\/\"},{\"@type\":\"ListItem\",\"position\":2,\"name\":\"Urheberrechte\"}]},{\"@type\":\"WebSite\",\"@id\":\"https:\\\/\\\/www.trustguard.eu\\\/de\\\/#website\",\"url\":\"https:\\\/\\\/www.trustguard.eu\\\/de\\\/\",\"name\":\"Trust Guard\",\"description\":\"Websitebeveiliging\",\"publisher\":{\"@id\":\"https:\\\/\\\/www.trustguard.eu\\\/de\\\/#organization\"},\"potentialAction\":[{\"@type\":\"SearchAction\",\"target\":{\"@type\":\"EntryPoint\",\"urlTemplate\":\"https:\\\/\\\/www.trustguard.eu\\\/de\\\/?s={search_term_string}\"},\"query-input\":{\"@type\":\"PropertyValueSpecification\",\"valueRequired\":true,\"valueName\":\"search_term_string\"}}],\"inLanguage\":\"de\"},{\"@type\":\"Organization\",\"@id\":\"https:\\\/\\\/www.trustguard.eu\\\/de\\\/#organization\",\"name\":\"Trust Guard\",\"url\":\"https:\\\/\\\/www.trustguard.eu\\\/de\\\/\",\"logo\":{\"@type\":\"ImageObject\",\"inLanguage\":\"de\",\"@id\":\"https:\\\/\\\/www.trustguard.eu\\\/de\\\/#\\\/schema\\\/logo\\\/image\\\/\",\"url\":\"https:\\\/\\\/www.trustguard.eu\\\/wp-content\\\/uploads\\\/2024\\\/12\\\/TG_logo_1-line.png\",\"contentUrl\":\"https:\\\/\\\/www.trustguard.eu\\\/wp-content\\\/uploads\\\/2024\\\/12\\\/TG_logo_1-line.png\",\"width\":792,\"height\":613,\"caption\":\"Trust Guard\"},\"image\":{\"@id\":\"https:\\\/\\\/www.trustguard.eu\\\/de\\\/#\\\/schema\\\/logo\\\/image\\\/\"},\"sameAs\":[\"https:\\\/\\\/nl.linkedin.com\\\/company\\\/paybylink-com\"]}]}<\/script>\n<!-- \/ Yoast SEO plugin. -->","yoast_head_json":{"title":"Urheberrechte - Trust Guard","description":"F\u00fcr diese Website gilt das Urheberrecht. Alle Urheberrechte bleiben gem\u00e4\u00df Abschnitt 15 des Urheberrechtsgesetzes vorbehalten.","robots":{"index":"index","follow":"follow","max-snippet":"max-snippet:-1","max-image-preview":"max-image-preview:large","max-video-preview":"max-video-preview:-1"},"canonical":"https:\/\/www.trustguard.eu\/de\/urheberrechte\/","og_locale":"de_DE","og_type":"article","og_title":"Urheberrechte - Trust Guard","og_description":"F\u00fcr diese Website gilt das Urheberrecht. Alle Urheberrechte bleiben gem\u00e4\u00df Abschnitt 15 des Urheberrechtsgesetzes vorbehalten.","og_url":"https:\/\/www.trustguard.eu\/de\/urheberrechte\/","og_site_name":"Trust Guard","article_modified_time":"2024-01-15T09:51:10+00:00","twitter_card":"summary_large_image","schema":{"@context":"https:\/\/schema.org","@graph":[{"@type":"WebPage","@id":"https:\/\/www.trustguard.eu\/de\/urheberrechte\/","url":"https:\/\/www.trustguard.eu\/de\/urheberrechte\/","name":"Urheberrechte - Trust Guard","isPartOf":{"@id":"https:\/\/www.trustguard.eu\/de\/#website"},"datePublished":"2023-10-05T13:08:50+00:00","dateModified":"2024-01-15T09:51:10+00:00","description":"F\u00fcr diese Website gilt das Urheberrecht. Alle Urheberrechte bleiben gem\u00e4\u00df Abschnitt 15 des Urheberrechtsgesetzes vorbehalten.","breadcrumb":{"@id":"https:\/\/www.trustguard.eu\/de\/urheberrechte\/#breadcrumb"},"inLanguage":"de","potentialAction":[{"@type":"ReadAction","target":["https:\/\/www.trustguard.eu\/de\/urheberrechte\/"]}]},{"@type":"BreadcrumbList","@id":"https:\/\/www.trustguard.eu\/de\/urheberrechte\/#breadcrumb","itemListElement":[{"@type":"ListItem","position":1,"name":"Home","item":"https:\/\/www.trustguard.eu\/de\/"},{"@type":"ListItem","position":2,"name":"Urheberrechte"}]},{"@type":"WebSite","@id":"https:\/\/www.trustguard.eu\/de\/#website","url":"https:\/\/www.trustguard.eu\/de\/","name":"Trust Guard","description":"Websitebeveiliging","publisher":{"@id":"https:\/\/www.trustguard.eu\/de\/#organization"},"potentialAction":[{"@type":"SearchAction","target":{"@type":"EntryPoint","urlTemplate":"https:\/\/www.trustguard.eu\/de\/?s={search_term_string}"},"query-input":{"@type":"PropertyValueSpecification","valueRequired":true,"valueName":"search_term_string"}}],"inLanguage":"de"},{"@type":"Organization","@id":"https:\/\/www.trustguard.eu\/de\/#organization","name":"Trust Guard","url":"https:\/\/www.trustguard.eu\/de\/","logo":{"@type":"ImageObject","inLanguage":"de","@id":"https:\/\/www.trustguard.eu\/de\/#\/schema\/logo\/image\/","url":"https:\/\/www.trustguard.eu\/wp-content\/uploads\/2024\/12\/TG_logo_1-line.png","contentUrl":"https:\/\/www.trustguard.eu\/wp-content\/uploads\/2024\/12\/TG_logo_1-line.png","width":792,"height":613,"caption":"Trust Guard"},"image":{"@id":"https:\/\/www.trustguard.eu\/de\/#\/schema\/logo\/image\/"},"sameAs":["https:\/\/nl.linkedin.com\/company\/paybylink-com"]}]}},"_links":{"self":[{"href":"https:\/\/www.trustguard.eu\/de\/wp-json\/wp\/v2\/pages\/26886","targetHints":{"allow":["GET"]}}],"collection":[{"href":"https:\/\/www.trustguard.eu\/de\/wp-json\/wp\/v2\/pages"}],"about":[{"href":"https:\/\/www.trustguard.eu\/de\/wp-json\/wp\/v2\/types\/page"}],"author":[{"embeddable":true,"href":"https:\/\/www.trustguard.eu\/de\/wp-json\/wp\/v2\/users\/2"}],"replies":[{"embeddable":true,"href":"https:\/\/www.trustguard.eu\/de\/wp-json\/wp\/v2\/comments?post=26886"}],"version-history":[{"count":0,"href":"https:\/\/www.trustguard.eu\/de\/wp-json\/wp\/v2\/pages\/26886\/revisions"}],"wp:attachment":[{"href":"https:\/\/www.trustguard.eu\/de\/wp-json\/wp\/v2\/media?parent=26886"}],"curies":[{"name":"wp","href":"https:\/\/api.w.org\/{rel}","templated":true}]}}