{"id":26896,"date":"2023-10-05T13:40:27","date_gmt":"2023-10-05T13:40:27","guid":{"rendered":"https:\/\/www.trustguard.eu\/cookie-richtlinie\/"},"modified":"2023-11-14T10:55:19","modified_gmt":"2023-11-14T10:55:19","slug":"cookie-richtlinie","status":"publish","type":"page","link":"https:\/\/www.trustguard.eu\/de\/cookie-richtlinie\/","title":{"rendered":"Cookie-Richtlinie"},"content":{"rendered":"\t\t<div data-elementor-type=\"wp-page\" data-elementor-id=\"26896\" class=\"elementor elementor-26896 elementor-1530\" data-elementor-post-type=\"page\">\n\t\t\t\t\t\t<section class=\"elementor-section elementor-top-section elementor-element elementor-element-5663c15 elementor-section-height-min-height elementor-section-boxed elementor-section-height-default elementor-section-items-middle\" data-id=\"5663c15\" data-element_type=\"section\" data-e-type=\"section\" data-settings=\"{&quot;background_background&quot;:&quot;classic&quot;,&quot;shape_divider_bottom&quot;:&quot;opacity-tilt&quot;}\">\n\t\t\t\t\t\t\t<div class=\"elementor-background-overlay\"><\/div>\n\t\t\t\t\t\t<div class=\"elementor-shape elementor-shape-bottom\" aria-hidden=\"true\" data-negative=\"false\">\n\t\t\t<svg xmlns=\"http:\/\/www.w3.org\/2000\/svg\" viewBox=\"0 0 2600 131.1\" preserveAspectRatio=\"none\">\n\t<path class=\"elementor-shape-fill\" d=\"M0 0L2600 0 2600 69.1 0 0z\"\/>\n\t<path class=\"elementor-shape-fill\" style=\"opacity:0.5\" d=\"M0 0L2600 0 2600 69.1 0 69.1z\"\/>\n\t<path class=\"elementor-shape-fill\" style=\"opacity:0.25\" d=\"M2600 0L0 0 0 130.1 2600 69.1z\"\/>\n<\/svg>\t\t<\/div>\n\t\t\t\t\t<div class=\"elementor-container elementor-column-gap-default\">\n\t\t\t\t\t<div class=\"elementor-column elementor-col-100 elementor-top-column elementor-element elementor-element-099a9a2\" data-id=\"099a9a2\" data-element_type=\"column\" data-e-type=\"column\">\n\t\t\t<div class=\"elementor-widget-wrap elementor-element-populated\">\n\t\t\t\t\t\t<div class=\"elementor-element elementor-element-64cfd27 elementor-widget elementor-widget-heading\" data-id=\"64cfd27\" data-element_type=\"widget\" data-e-type=\"widget\" data-widget_type=\"heading.default\">\n\t\t\t\t<div class=\"elementor-widget-container\">\n\t\t\t\t\t<h1 class=\"elementor-heading-title elementor-size-default\">Cookie-Richtlinie<\/h1>\t\t\t\t<\/div>\n\t\t\t\t<\/div>\n\t\t\t\t\t<\/div>\n\t\t<\/div>\n\t\t\t\t\t<\/div>\n\t\t<\/section>\n\t\t\t\t<section class=\"elementor-section elementor-top-section elementor-element elementor-element-a195186 elementor-section-boxed elementor-section-height-default elementor-section-height-default\" data-id=\"a195186\" data-element_type=\"section\" data-e-type=\"section\" data-settings=\"{&quot;background_background&quot;:&quot;slideshow&quot;,&quot;background_slideshow_gallery&quot;:[],&quot;background_slideshow_loop&quot;:&quot;yes&quot;,&quot;background_slideshow_slide_duration&quot;:5000,&quot;background_slideshow_slide_transition&quot;:&quot;fade&quot;,&quot;background_slideshow_transition_duration&quot;:500}\">\n\t\t\t\t\t\t<div class=\"elementor-container elementor-column-gap-default\">\n\t\t\t\t\t<div class=\"elementor-column elementor-col-100 elementor-top-column elementor-element elementor-element-3807b8f\" data-id=\"3807b8f\" data-element_type=\"column\" data-e-type=\"column\">\n\t\t\t<div class=\"elementor-widget-wrap elementor-element-populated\">\n\t\t\t\t\t\t<div class=\"elementor-element elementor-element-7b4dafe elementor-widget elementor-widget-spacer\" data-id=\"7b4dafe\" data-element_type=\"widget\" data-e-type=\"widget\" data-widget_type=\"spacer.default\">\n\t\t\t\t<div class=\"elementor-widget-container\">\n\t\t\t\t\t\t\t<div class=\"elementor-spacer\">\n\t\t\t<div class=\"elementor-spacer-inner\"><\/div>\n\t\t<\/div>\n\t\t\t\t\t\t<\/div>\n\t\t\t\t<\/div>\n\t\t\t\t<div class=\"elementor-element elementor-element-a94177a elementor-widget elementor-widget-html\" data-id=\"a94177a\" data-element_type=\"widget\" data-e-type=\"widget\" data-widget_type=\"html.default\">\n\t\t\t\t<div class=\"elementor-widget-container\">\n\t\t\t\t\t<div id=\"content\"><\/div>\t\t\t\t<\/div>\n\t\t\t\t<\/div>\n\t\t\t\t<div class=\"elementor-element elementor-element-3dd7346 elementor-widget elementor-widget-heading\" data-id=\"3dd7346\" data-element_type=\"widget\" data-e-type=\"widget\" data-widget_type=\"heading.default\">\n\t\t\t\t<div class=\"elementor-widget-container\">\n\t\t\t\t\t<h2 class=\"elementor-heading-title elementor-size-default\">Was sind Cookies?<\/h2>\t\t\t\t<\/div>\n\t\t\t\t<\/div>\n\t\t\t\t<div class=\"elementor-element elementor-element-c4f0deb elementor-widget elementor-widget-text-editor\" data-id=\"c4f0deb\" data-element_type=\"widget\" data-e-type=\"widget\" data-widget_type=\"text-editor.default\">\n\t\t\t\t<div class=\"elementor-widget-container\">\n\t\t\t\t\t\t\t\t\t<p>Cookies sind kleine, einfache Textdateien, die Ihr Computer oder Mobilger\u00e4t speichert, wenn Sie unsere Website besuchen.<\/p>\n\t\t\t\t\t\t\t\t<\/div>\n\t\t\t\t<\/div>\n\t\t\t\t<div class=\"elementor-element elementor-element-5d0b535 elementor-widget elementor-widget-heading\" data-id=\"5d0b535\" data-element_type=\"widget\" data-e-type=\"widget\" data-widget_type=\"heading.default\">\n\t\t\t\t<div class=\"elementor-widget-container\">\n\t\t\t\t\t<h2 class=\"elementor-heading-title elementor-size-default\">Welche Cookies verwenden wir?<\/h2>\t\t\t\t<\/div>\n\t\t\t\t<\/div>\n\t\t\t\t<div class=\"elementor-element elementor-element-81959af elementor-widget elementor-widget-text-editor\" data-id=\"81959af\" data-element_type=\"widget\" data-e-type=\"widget\" data-widget_type=\"text-editor.default\">\n\t\t\t\t<div class=\"elementor-widget-container\">\n\t\t\t\t\t\t\t\t\t<p><strong>Funktionelle Cookies<\/strong><br \/>\nF\u00fcr die ordnungsgem\u00e4\u00dfe Funktion der Website sind funktionale oder notwendige Cookies erforderlich. Denken Sie beispielsweise an gespeicherte Browsereinstellungen, damit Sie unsere Website optimal auf Ihrem Bildschirm anzeigen k\u00f6nnen.<\/p>\n<p><strong>Analytische Cookies<\/strong><br \/>\nDiese Cookies dienen ausschlie\u00dflich statistischen Zwecken. Mithilfe analytischer Cookies k\u00f6nnen wir beispielsweise Besucherstatistiken verfolgen. Ein Cookie wird nur beim ersten Besuch erstellt. Bei sp\u00e4teren Besuchen wird das vorhandene Cookie verwendet.<\/p>\n<p>F\u00fcr funktionale und analytische Cookies, die keine oder nur geringe Auswirkungen auf Ihre Privatsph\u00e4re haben, ist keine Zustimmung Ihrerseits erforderlich. Der Zweck dieser Cookies besteht darin, die Website besser funktionieren zu lassen.<\/p>\n\t\t\t\t\t\t\t\t<\/div>\n\t\t\t\t<\/div>\n\t\t\t\t<div class=\"elementor-element elementor-element-0bc31ce elementor-widget elementor-widget-shortcode\" data-id=\"0bc31ce\" data-element_type=\"widget\" data-e-type=\"widget\" data-widget_type=\"shortcode.default\">\n\t\t\t\t<div class=\"elementor-widget-container\">\n\t\t\t\t\t\t\t<div class=\"elementor-shortcode\">\n<table id=\"tablepress-25\" class=\"tablepress tablepress-id-25\">\n<thead>\n<tr class=\"row-1\">\n\t<th class=\"column-1\">Cookie-Name<\/th><th class=\"column-2\">Cookie-Kategorie<\/th><th class=\"column-3\">Herkunft<\/th>\n<\/tr>\n<\/thead>\n<tbody>\n<tr class=\"row-2\">\n\t<td class=\"column-1\">_ga<\/td><td class=\"column-2\">Analyse-cookie<\/td><td class=\"column-3\">trustguard.eu<\/td>\n<\/tr>\n<tr class=\"row-3\">\n\t<td class=\"column-1\">_ga_0EVCJSRH3Q<\/td><td class=\"column-2\">Analyse-cookie<\/td><td class=\"column-3\">trustguard.eu<\/td>\n<\/tr>\n<tr class=\"row-4\">\n\t<td class=\"column-1\">_gid<\/td><td class=\"column-2\">Analyse-cookie<\/td><td class=\"column-3\">trustguard.eu<\/td>\n<\/tr>\n<\/tbody>\n<\/table>\n<!-- #tablepress-25 from cache --><\/div>\n\t\t\t\t\t\t<\/div>\n\t\t\t\t<\/div>\n\t\t\t\t<div class=\"elementor-element elementor-element-0fda376 elementor-widget elementor-widget-heading\" data-id=\"0fda376\" data-element_type=\"widget\" data-e-type=\"widget\" data-widget_type=\"heading.default\">\n\t\t\t\t<div class=\"elementor-widget-container\">\n\t\t\t\t\t<h2 class=\"elementor-heading-title elementor-size-default\">Datenschutzrichtlinie<\/h2>\t\t\t\t<\/div>\n\t\t\t\t<\/div>\n\t\t\t\t<div class=\"elementor-element elementor-element-48eccb8 elementor-widget elementor-widget-text-editor\" data-id=\"48eccb8\" data-element_type=\"widget\" data-e-type=\"widget\" data-widget_type=\"text-editor.default\">\n\t\t\t\t<div class=\"elementor-widget-container\">\n\t\t\t\t\t\t\t\t\t<p>Durch die Verwendung von Cookies auf unserer Website kommt es zu keinem oder nur geringem Eingriff in Ihre Privatsph\u00e4re. Weitere Informationen zum Umgang mit Ihren Daten finden Sie in unserer Datenschutzerkl\u00e4rung.<\/p>\n\t\t\t\t\t\t\t\t<\/div>\n\t\t\t\t<\/div>\n\t\t\t\t<div class=\"elementor-element elementor-element-59291cb elementor-widget elementor-widget-heading\" data-id=\"59291cb\" data-element_type=\"widget\" data-e-type=\"widget\" data-widget_type=\"heading.default\">\n\t\t\t\t<div class=\"elementor-widget-container\">\n\t\t\t\t\t<h2 class=\"elementor-heading-title elementor-size-default\">Endlich<\/h2>\t\t\t\t<\/div>\n\t\t\t\t<\/div>\n\t\t\t\t<div class=\"elementor-element elementor-element-de0fcf9 elementor-widget elementor-widget-text-editor\" data-id=\"de0fcf9\" data-element_type=\"widget\" data-e-type=\"widget\" data-widget_type=\"text-editor.default\">\n\t\t\t\t<div class=\"elementor-widget-container\">\n\t\t\t\t\t\t\t\t\t<p>Wir werden unsere Cookie-Richtlinie aktualisieren, wenn sich unsere Website oder die Regeln f\u00fcr Cookies \u00e4ndern. Sie k\u00f6nnen auf die aktuelle Version dieser Cookie-Richtlinie zugreifen, indem Sie unten auf jeder Seite auf den Link zur Cookie-Richtlinie klicken.<\/p>\n\t\t\t\t\t\t\t\t<\/div>\n\t\t\t\t<\/div>\n\t\t\t\t<div class=\"elementor-element elementor-element-1fc1a89 elementor-widget elementor-widget-spacer\" data-id=\"1fc1a89\" data-element_type=\"widget\" data-e-type=\"widget\" data-widget_type=\"spacer.default\">\n\t\t\t\t<div class=\"elementor-widget-container\">\n\t\t\t\t\t\t\t<div class=\"elementor-spacer\">\n\t\t\t<div class=\"elementor-spacer-inner\"><\/div>\n\t\t<\/div>\n\t\t\t\t\t\t<\/div>\n\t\t\t\t<\/div>\n\t\t\t\t\t<\/div>\n\t\t<\/div>\n\t\t\t\t\t<\/div>\n\t\t<\/section>\n\t\t\t\t<\/div>\n\t\t","protected":false},"excerpt":{"rendered":"<p>Cookie-Richtlinie Was sind Cookies? Cookies sind kleine, einfache Textdateien, die Ihr Computer oder Mobilger\u00e4t speichert, wenn Sie unsere Website besuchen. Welche Cookies verwenden wir? Funktionelle Cookies F\u00fcr die ordnungsgem\u00e4\u00dfe Funktion der Website sind funktionale oder notwendige Cookies erforderlich. Denken Sie beispielsweise an gespeicherte Browsereinstellungen, damit Sie unsere Website optimal auf Ihrem Bildschirm anzeigen k\u00f6nnen. Analytische <a href=\"https:\/\/www.trustguard.eu\/de\/cookie-richtlinie\/\" class=\"more-link\">&#8230;<\/a><\/p>\n","protected":false},"author":2,"featured_media":0,"parent":0,"menu_order":802,"comment_status":"closed","ping_status":"closed","template":"elementor_header_footer","meta":{"_acf_changed":false,"inline_featured_image":false,"footnotes":""},"class_list":["post-26896","page","type-page","status-publish","hentry"],"acf":[],"yoast_head":"<!-- This site is optimized with the Yoast SEO plugin v27.3 - https:\/\/yoast.com\/product\/yoast-seo-wordpress\/ -->\n<title>Cookie-Richtlinie - Trust Guard<\/title>\n<meta name=\"description\" content=\"Cookie-Richtlinie auf unserer Website. Sehen Sie hier, welche funktionalen und technisch notwendigen Cookies unsere Website verwendet.\" \/>\n<meta name=\"robots\" content=\"index, follow, max-snippet:-1, max-image-preview:large, max-video-preview:-1\" \/>\n<link rel=\"canonical\" href=\"https:\/\/www.trustguard.eu\/de\/cookie-richtlinie\/\" \/>\n<meta property=\"og:locale\" content=\"de_DE\" \/>\n<meta property=\"og:type\" content=\"article\" \/>\n<meta property=\"og:title\" content=\"Cookie-Richtlinie - Trust Guard\" \/>\n<meta property=\"og:description\" content=\"Cookie-Richtlinie auf unserer Website. Sehen Sie hier, welche funktionalen und technisch notwendigen Cookies unsere Website verwendet.\" \/>\n<meta property=\"og:url\" content=\"https:\/\/www.trustguard.eu\/de\/cookie-richtlinie\/\" \/>\n<meta property=\"og:site_name\" content=\"Trust Guard\" \/>\n<meta property=\"article:modified_time\" content=\"2023-11-14T10:55:19+00:00\" \/>\n<meta name=\"twitter:card\" content=\"summary_large_image\" \/>\n<meta name=\"twitter:label1\" content=\"Gesch\u00e4tzte Lesezeit\" \/>\n\t<meta name=\"twitter:data1\" content=\"1\u00a0Minute\" \/>\n<script type=\"application\/ld+json\" class=\"yoast-schema-graph\">{\"@context\":\"https:\\\/\\\/schema.org\",\"@graph\":[{\"@type\":\"WebPage\",\"@id\":\"https:\\\/\\\/www.trustguard.eu\\\/de\\\/cookie-richtlinie\\\/\",\"url\":\"https:\\\/\\\/www.trustguard.eu\\\/de\\\/cookie-richtlinie\\\/\",\"name\":\"Cookie-Richtlinie - Trust Guard\",\"isPartOf\":{\"@id\":\"https:\\\/\\\/www.trustguard.eu\\\/de\\\/#website\"},\"datePublished\":\"2023-10-05T13:40:27+00:00\",\"dateModified\":\"2023-11-14T10:55:19+00:00\",\"description\":\"Cookie-Richtlinie auf unserer Website. Sehen Sie hier, welche funktionalen und technisch notwendigen Cookies unsere Website verwendet.\",\"breadcrumb\":{\"@id\":\"https:\\\/\\\/www.trustguard.eu\\\/de\\\/cookie-richtlinie\\\/#breadcrumb\"},\"inLanguage\":\"de\",\"potentialAction\":[{\"@type\":\"ReadAction\",\"target\":[\"https:\\\/\\\/www.trustguard.eu\\\/de\\\/cookie-richtlinie\\\/\"]}]},{\"@type\":\"BreadcrumbList\",\"@id\":\"https:\\\/\\\/www.trustguard.eu\\\/de\\\/cookie-richtlinie\\\/#breadcrumb\",\"itemListElement\":[{\"@type\":\"ListItem\",\"position\":1,\"name\":\"Home\",\"item\":\"https:\\\/\\\/www.trustguard.eu\\\/de\\\/\"},{\"@type\":\"ListItem\",\"position\":2,\"name\":\"Cookie-Richtlinie\"}]},{\"@type\":\"WebSite\",\"@id\":\"https:\\\/\\\/www.trustguard.eu\\\/de\\\/#website\",\"url\":\"https:\\\/\\\/www.trustguard.eu\\\/de\\\/\",\"name\":\"Trust Guard\",\"description\":\"Websitebeveiliging\",\"publisher\":{\"@id\":\"https:\\\/\\\/www.trustguard.eu\\\/de\\\/#organization\"},\"potentialAction\":[{\"@type\":\"SearchAction\",\"target\":{\"@type\":\"EntryPoint\",\"urlTemplate\":\"https:\\\/\\\/www.trustguard.eu\\\/de\\\/?s={search_term_string}\"},\"query-input\":{\"@type\":\"PropertyValueSpecification\",\"valueRequired\":true,\"valueName\":\"search_term_string\"}}],\"inLanguage\":\"de\"},{\"@type\":\"Organization\",\"@id\":\"https:\\\/\\\/www.trustguard.eu\\\/de\\\/#organization\",\"name\":\"Trust Guard\",\"url\":\"https:\\\/\\\/www.trustguard.eu\\\/de\\\/\",\"logo\":{\"@type\":\"ImageObject\",\"inLanguage\":\"de\",\"@id\":\"https:\\\/\\\/www.trustguard.eu\\\/de\\\/#\\\/schema\\\/logo\\\/image\\\/\",\"url\":\"https:\\\/\\\/www.trustguard.eu\\\/wp-content\\\/uploads\\\/2024\\\/12\\\/TG_logo_1-line.png\",\"contentUrl\":\"https:\\\/\\\/www.trustguard.eu\\\/wp-content\\\/uploads\\\/2024\\\/12\\\/TG_logo_1-line.png\",\"width\":792,\"height\":613,\"caption\":\"Trust Guard\"},\"image\":{\"@id\":\"https:\\\/\\\/www.trustguard.eu\\\/de\\\/#\\\/schema\\\/logo\\\/image\\\/\"},\"sameAs\":[\"https:\\\/\\\/nl.linkedin.com\\\/company\\\/paybylink-com\"]}]}<\/script>\n<!-- \/ Yoast SEO plugin. -->","yoast_head_json":{"title":"Cookie-Richtlinie - Trust Guard","description":"Cookie-Richtlinie auf unserer Website. Sehen Sie hier, welche funktionalen und technisch notwendigen Cookies unsere Website verwendet.","robots":{"index":"index","follow":"follow","max-snippet":"max-snippet:-1","max-image-preview":"max-image-preview:large","max-video-preview":"max-video-preview:-1"},"canonical":"https:\/\/www.trustguard.eu\/de\/cookie-richtlinie\/","og_locale":"de_DE","og_type":"article","og_title":"Cookie-Richtlinie - Trust Guard","og_description":"Cookie-Richtlinie auf unserer Website. Sehen Sie hier, welche funktionalen und technisch notwendigen Cookies unsere Website verwendet.","og_url":"https:\/\/www.trustguard.eu\/de\/cookie-richtlinie\/","og_site_name":"Trust Guard","article_modified_time":"2023-11-14T10:55:19+00:00","twitter_card":"summary_large_image","twitter_misc":{"Gesch\u00e4tzte Lesezeit":"1\u00a0Minute"},"schema":{"@context":"https:\/\/schema.org","@graph":[{"@type":"WebPage","@id":"https:\/\/www.trustguard.eu\/de\/cookie-richtlinie\/","url":"https:\/\/www.trustguard.eu\/de\/cookie-richtlinie\/","name":"Cookie-Richtlinie - Trust Guard","isPartOf":{"@id":"https:\/\/www.trustguard.eu\/de\/#website"},"datePublished":"2023-10-05T13:40:27+00:00","dateModified":"2023-11-14T10:55:19+00:00","description":"Cookie-Richtlinie auf unserer Website. Sehen Sie hier, welche funktionalen und technisch notwendigen Cookies unsere Website verwendet.","breadcrumb":{"@id":"https:\/\/www.trustguard.eu\/de\/cookie-richtlinie\/#breadcrumb"},"inLanguage":"de","potentialAction":[{"@type":"ReadAction","target":["https:\/\/www.trustguard.eu\/de\/cookie-richtlinie\/"]}]},{"@type":"BreadcrumbList","@id":"https:\/\/www.trustguard.eu\/de\/cookie-richtlinie\/#breadcrumb","itemListElement":[{"@type":"ListItem","position":1,"name":"Home","item":"https:\/\/www.trustguard.eu\/de\/"},{"@type":"ListItem","position":2,"name":"Cookie-Richtlinie"}]},{"@type":"WebSite","@id":"https:\/\/www.trustguard.eu\/de\/#website","url":"https:\/\/www.trustguard.eu\/de\/","name":"Trust Guard","description":"Websitebeveiliging","publisher":{"@id":"https:\/\/www.trustguard.eu\/de\/#organization"},"potentialAction":[{"@type":"SearchAction","target":{"@type":"EntryPoint","urlTemplate":"https:\/\/www.trustguard.eu\/de\/?s={search_term_string}"},"query-input":{"@type":"PropertyValueSpecification","valueRequired":true,"valueName":"search_term_string"}}],"inLanguage":"de"},{"@type":"Organization","@id":"https:\/\/www.trustguard.eu\/de\/#organization","name":"Trust Guard","url":"https:\/\/www.trustguard.eu\/de\/","logo":{"@type":"ImageObject","inLanguage":"de","@id":"https:\/\/www.trustguard.eu\/de\/#\/schema\/logo\/image\/","url":"https:\/\/www.trustguard.eu\/wp-content\/uploads\/2024\/12\/TG_logo_1-line.png","contentUrl":"https:\/\/www.trustguard.eu\/wp-content\/uploads\/2024\/12\/TG_logo_1-line.png","width":792,"height":613,"caption":"Trust Guard"},"image":{"@id":"https:\/\/www.trustguard.eu\/de\/#\/schema\/logo\/image\/"},"sameAs":["https:\/\/nl.linkedin.com\/company\/paybylink-com"]}]}},"_links":{"self":[{"href":"https:\/\/www.trustguard.eu\/de\/wp-json\/wp\/v2\/pages\/26896","targetHints":{"allow":["GET"]}}],"collection":[{"href":"https:\/\/www.trustguard.eu\/de\/wp-json\/wp\/v2\/pages"}],"about":[{"href":"https:\/\/www.trustguard.eu\/de\/wp-json\/wp\/v2\/types\/page"}],"author":[{"embeddable":true,"href":"https:\/\/www.trustguard.eu\/de\/wp-json\/wp\/v2\/users\/2"}],"replies":[{"embeddable":true,"href":"https:\/\/www.trustguard.eu\/de\/wp-json\/wp\/v2\/comments?post=26896"}],"version-history":[{"count":0,"href":"https:\/\/www.trustguard.eu\/de\/wp-json\/wp\/v2\/pages\/26896\/revisions"}],"wp:attachment":[{"href":"https:\/\/www.trustguard.eu\/de\/wp-json\/wp\/v2\/media?parent=26896"}],"curies":[{"name":"wp","href":"https:\/\/api.w.org\/{rel}","templated":true}]}}