{"id":28312,"date":"2023-11-09T10:28:33","date_gmt":"2023-11-09T10:28:33","guid":{"rendered":"https:\/\/www.trustguard.eu\/ueber-uns\/ueber-b2u\/"},"modified":"2025-04-07T12:16:53","modified_gmt":"2025-04-07T12:16:53","slug":"ueber-b2u","status":"publish","type":"page","link":"https:\/\/www.trustguard.eu\/de\/ueber-uns\/ueber-b2u\/","title":{"rendered":"\u00dcber B2U"},"content":{"rendered":"\t\t<div data-elementor-type=\"wp-page\" data-elementor-id=\"28312\" class=\"elementor elementor-28312 elementor-19359\" data-elementor-post-type=\"page\">\n\t\t\t\t\t\t<section class=\"elementor-section elementor-top-section elementor-element elementor-element-582753c elementor-section-height-min-height elementor-section-boxed elementor-section-height-default elementor-section-items-middle\" data-id=\"582753c\" data-element_type=\"section\" data-e-type=\"section\" data-settings=\"{&quot;background_background&quot;:&quot;slideshow&quot;,&quot;background_slideshow_gallery&quot;:[{&quot;id&quot;:35235,&quot;url&quot;:&quot;https:\\\/\\\/www.trustguard.eu\\\/wp-content\\\/uploads\\\/2025\\\/04\\\/office.jpg&quot;}],&quot;background_slideshow_ken_burns&quot;:&quot;yes&quot;,&quot;background_slideshow_loop&quot;:&quot;yes&quot;,&quot;background_slideshow_slide_duration&quot;:5000,&quot;background_slideshow_slide_transition&quot;:&quot;fade&quot;,&quot;background_slideshow_transition_duration&quot;:500,&quot;background_slideshow_ken_burns_zoom_direction&quot;:&quot;in&quot;}\">\n\t\t\t\t\t\t\t<div class=\"elementor-background-overlay\"><\/div>\n\t\t\t\t\t\t\t<div class=\"elementor-container elementor-column-gap-default\">\n\t\t\t\t\t<div class=\"elementor-column elementor-col-100 elementor-top-column elementor-element elementor-element-92846a3\" data-id=\"92846a3\" data-element_type=\"column\" data-e-type=\"column\">\n\t\t\t<div class=\"elementor-widget-wrap elementor-element-populated\">\n\t\t\t\t\t\t<section class=\"elementor-section elementor-inner-section elementor-element elementor-element-1ab8171 elementor-section-boxed elementor-section-height-default elementor-section-height-default\" data-id=\"1ab8171\" data-element_type=\"section\" data-e-type=\"section\">\n\t\t\t\t\t\t<div class=\"elementor-container elementor-column-gap-default\">\n\t\t\t\t\t<div class=\"elementor-column elementor-col-100 elementor-inner-column elementor-element elementor-element-4592743\" data-id=\"4592743\" data-element_type=\"column\" data-e-type=\"column\">\n\t\t\t<div class=\"elementor-widget-wrap elementor-element-populated\">\n\t\t\t\t\t\t<div class=\"elementor-element elementor-element-263380f elementor-widget__width-auto elementor-widget elementor-widget-heading\" data-id=\"263380f\" data-element_type=\"widget\" data-e-type=\"widget\" data-widget_type=\"heading.default\">\n\t\t\t\t<div class=\"elementor-widget-container\">\n\t\t\t\t\t<h1 class=\"elementor-heading-title elementor-size-default\">\u00dcber B2U<\/h1>\t\t\t\t<\/div>\n\t\t\t\t<\/div>\n\t\t\t\t<div class=\"elementor-element elementor-element-aeb17a6 elementor-widget elementor-widget-heading\" data-id=\"aeb17a6\" data-element_type=\"widget\" data-e-type=\"widget\" data-widget_type=\"heading.default\">\n\t\t\t\t<div class=\"elementor-widget-container\">\n\t\t\t\t\t<h2 class=\"elementor-heading-title elementor-size-default\">Als Exklusiver Partner Trust Guard EMEA <br>tragen wir dazu bei eine sicherere Online-Welt zu schaffen.<\/h2>\t\t\t\t<\/div>\n\t\t\t\t<\/div>\n\t\t\t\t<div class=\"elementor-element elementor-element-7501b6c elementor-align-left elementor-widget elementor-widget-button\" data-id=\"7501b6c\" data-element_type=\"widget\" data-e-type=\"widget\" data-widget_type=\"button.default\">\n\t\t\t\t<div class=\"elementor-widget-container\">\n\t\t\t\t\t\t\t\t\t<div class=\"elementor-button-wrapper\">\n\t\t\t\t\t<a class=\"elementor-button elementor-button-link elementor-size-sm elementor-animation-grow\" href=\"#aboutb2u\">\n\t\t\t\t\t\t<span class=\"elementor-button-content-wrapper\">\n\t\t\t\t\t\t<span class=\"elementor-button-icon\">\n\t\t\t\t<i aria-hidden=\"true\" class=\"fas fa-chevron-down\"><\/i>\t\t\t<\/span>\n\t\t\t\t\t\t\t\t\t<span class=\"elementor-button-text\">Mehr lesen<\/span>\n\t\t\t\t\t<\/span>\n\t\t\t\t\t<\/a>\n\t\t\t\t<\/div>\n\t\t\t\t\t\t\t\t<\/div>\n\t\t\t\t<\/div>\n\t\t\t\t\t<\/div>\n\t\t<\/div>\n\t\t\t\t\t<\/div>\n\t\t<\/section>\n\t\t\t\t\t<\/div>\n\t\t<\/div>\n\t\t\t\t\t<\/div>\n\t\t<\/section>\n\t\t\t\t<section class=\"elementor-section elementor-top-section elementor-element elementor-element-be77704 elementor-section-boxed elementor-section-height-default elementor-section-height-default\" data-id=\"be77704\" data-element_type=\"section\" data-e-type=\"section\">\n\t\t\t\t\t\t<div class=\"elementor-container elementor-column-gap-default\">\n\t\t\t\t\t<div class=\"elementor-column elementor-col-100 elementor-top-column elementor-element elementor-element-b3e6ce9\" data-id=\"b3e6ce9\" data-element_type=\"column\" data-e-type=\"column\" data-settings=\"{&quot;background_background&quot;:&quot;slideshow&quot;,&quot;background_slideshow_gallery&quot;:[{&quot;id&quot;:18707,&quot;url&quot;:&quot;https:\\\/\\\/www.trustguard.eu\\\/wp-content\\\/uploads\\\/2023\\\/04\\\/B2U-patronen-cirkels2w.png&quot;}],&quot;background_slideshow_loop&quot;:&quot;yes&quot;,&quot;background_slideshow_slide_duration&quot;:5000,&quot;background_slideshow_slide_transition&quot;:&quot;fade&quot;,&quot;background_slideshow_transition_duration&quot;:500}\">\n\t\t\t<div class=\"elementor-widget-wrap elementor-element-populated\">\n\t\t\t\t\t\t<section class=\"elementor-section elementor-inner-section elementor-element elementor-element-c647c93 elementor-section-boxed elementor-section-height-default elementor-section-height-default\" data-id=\"c647c93\" data-element_type=\"section\" data-e-type=\"section\">\n\t\t\t\t\t\t<div class=\"elementor-container elementor-column-gap-default\">\n\t\t\t\t\t<div class=\"elementor-column elementor-col-100 elementor-inner-column elementor-element elementor-element-775fff5\" data-id=\"775fff5\" data-element_type=\"column\" data-e-type=\"column\">\n\t\t\t<div class=\"elementor-widget-wrap elementor-element-populated\">\n\t\t\t\t\t\t<div class=\"elementor-element elementor-element-9694294 elementor-widget elementor-widget-spacer\" data-id=\"9694294\" data-element_type=\"widget\" data-e-type=\"widget\" data-widget_type=\"spacer.default\">\n\t\t\t\t<div class=\"elementor-widget-container\">\n\t\t\t\t\t\t\t<div class=\"elementor-spacer\">\n\t\t\t<div class=\"elementor-spacer-inner\"><\/div>\n\t\t<\/div>\n\t\t\t\t\t\t<\/div>\n\t\t\t\t<\/div>\n\t\t\t\t<div class=\"elementor-element elementor-element-efb5130 elementor-widget elementor-widget-menu-anchor\" data-id=\"efb5130\" data-element_type=\"widget\" data-e-type=\"widget\" data-widget_type=\"menu-anchor.default\">\n\t\t\t\t<div class=\"elementor-widget-container\">\n\t\t\t\t\t\t\t<div class=\"elementor-menu-anchor\" id=\"aboutb2u\"><\/div>\n\t\t\t\t\t\t<\/div>\n\t\t\t\t<\/div>\n\t\t\t\t<div class=\"elementor-element elementor-element-73ca63c elementor-widget elementor-widget-html\" data-id=\"73ca63c\" data-element_type=\"widget\" data-e-type=\"widget\" data-widget_type=\"html.default\">\n\t\t\t\t<div class=\"elementor-widget-container\">\n\t\t\t\t\t<div id=\"content\"><\/div>\t\t\t\t<\/div>\n\t\t\t\t<\/div>\n\t\t\t\t\t<\/div>\n\t\t<\/div>\n\t\t\t\t\t<\/div>\n\t\t<\/section>\n\t\t\t\t\t<\/div>\n\t\t<\/div>\n\t\t\t\t\t<\/div>\n\t\t<\/section>\n\t\t\t\t<section class=\"elementor-section elementor-top-section elementor-element elementor-element-357def1 elementor-section-boxed elementor-section-height-default elementor-section-height-default\" data-id=\"357def1\" data-element_type=\"section\" data-e-type=\"section\">\n\t\t\t\t\t\t<div class=\"elementor-container elementor-column-gap-default\">\n\t\t\t\t\t<div class=\"elementor-column elementor-col-100 elementor-top-column elementor-element elementor-element-17bcfb5\" data-id=\"17bcfb5\" data-element_type=\"column\" data-e-type=\"column\">\n\t\t\t<div class=\"elementor-widget-wrap\">\n\t\t\t\t\t\t\t<\/div>\n\t\t<\/div>\n\t\t\t\t\t<\/div>\n\t\t<\/section>\n\t\t\t\t<section class=\"elementor-section elementor-top-section elementor-element elementor-element-34e1a30 elementor-section-boxed elementor-section-height-default elementor-section-height-default\" data-id=\"34e1a30\" data-element_type=\"section\" data-e-type=\"section\">\n\t\t\t\t\t\t<div class=\"elementor-container elementor-column-gap-default\">\n\t\t\t\t\t<div class=\"elementor-column elementor-col-50 elementor-top-column elementor-element elementor-element-1e3a125\" data-id=\"1e3a125\" data-element_type=\"column\" data-e-type=\"column\">\n\t\t\t<div class=\"elementor-widget-wrap elementor-element-populated\">\n\t\t\t\t\t\t<div class=\"elementor-element elementor-element-f945de1 elementor-widget__width-initial elementor-widget elementor-widget-text-editor\" data-id=\"f945de1\" data-element_type=\"widget\" data-e-type=\"widget\" data-widget_type=\"text-editor.default\">\n\t\t\t\t<div class=\"elementor-widget-container\">\n\t\t\t\t\t\t\t\t\t<p><a href=\"https:\/\/www.b2u.eu\/en\" target=\"_blank\" rel=\"noopener\">Business to You<\/a> ber\u00e4t und bietet seit 2001 L\u00f6sungen im Bereich Online-Zahlungen und Online-Sicherheit an. Business to You arbeitet in einem kleinen, flexiblen Team. Die W\u00fcnsche des Kunden sind unser Ausgangspunkt. Wir sind erst dann zufrieden, wenn unser Kunde es ist. Gerade wegen dieses serviceorientierten Ansatzes k\u00f6nnen wir viele namhafte Unternehmen und Organisationen zu unseren Kunden z\u00e4hlen.<\/p>\n<p>Unser Trust Guard Service scannt Websites auf Sicherheitsschwachstellen. Schwachstellen, die es Hackern erm\u00f6glichen k\u00f6nnten, Schaden anzurichten. Diese Scans werden t\u00e4glich, w\u00f6chentlich, monatlich oder viertelj\u00e4hrlich vollautomatisch durchgef\u00fchrt. Gefundene Sicherheitsprobleme werden identifiziert, kategorisiert und in einem Dashboard an den Kunden gemeldet. Au\u00dferdem wird ein L\u00f6sungsweg aufgezeigt. Damit kann sich der Kunde an seine IT-Abteilung oder seinen Web-Builder wenden, um die gefundenen Schwachstellen zu beheben.<\/p>\n<p>Auf diese Weise tr\u00e4gt Business to You zur Schaffung einer sichereren Online-Welt bei.<\/p>\n<p>Und Online-Sicherheit ist derzeit ein hei\u00dfes Thema. Jeden Tag sind die Medien voll von Berichten \u00fcber Hacker, die sich Zugang zu Unternehmenswebsites verschafft und pers\u00f6nliche Daten gestohlen haben. Infolgedessen sind sich die Unternehmen zunehmend der Bedeutung einer guten Online-Sicherheit bewusst. Infolgedessen klopfen immer mehr Unternehmen bei Business to You f\u00fcr Trust Guard an.<\/p>\n\t\t\t\t\t\t\t\t<\/div>\n\t\t\t\t<\/div>\n\t\t\t\t\t<\/div>\n\t\t<\/div>\n\t\t\t\t<div class=\"elementor-column elementor-col-50 elementor-top-column elementor-element elementor-element-b134120\" data-id=\"b134120\" data-element_type=\"column\" data-e-type=\"column\" data-settings=\"{&quot;background_background&quot;:&quot;classic&quot;}\">\n\t\t\t<div class=\"elementor-widget-wrap elementor-element-populated\">\n\t\t\t\t\t\t<div class=\"elementor-element elementor-element-832f180 elementor-widget elementor-widget-image\" data-id=\"832f180\" data-element_type=\"widget\" data-e-type=\"widget\" data-widget_type=\"image.default\">\n\t\t\t\t<div class=\"elementor-widget-container\">\n\t\t\t\t\t\t\t\t\t\t\t\t\t\t\t\t<a href=\"https:\/\/www.b2u.eu\" target=\"_blank\">\n\t\t\t\t\t\t\t<img decoding=\"async\" src=\"https:\/\/www.trustguard.eu\/wp-content\/uploads\/elementor\/thumbs\/B2U.eu-logo-white-rke5ir4paecawhag3ru5kvoffdspsywdb1y0m575a6.png\" title=\"logo-b2u-weiss\" alt=\"logo b2u weiss\" loading=\"lazy\" \/>\t\t\t\t\t\t\t\t<\/a>\n\t\t\t\t\t\t\t\t\t\t\t\t\t\t\t<\/div>\n\t\t\t\t<\/div>\n\t\t\t\t<div class=\"elementor-element elementor-element-f4f458c elementor-widget__width-initial elementor-widget elementor-widget-text-editor\" data-id=\"f4f458c\" data-element_type=\"widget\" data-e-type=\"widget\" data-widget_type=\"text-editor.default\">\n\t\t\t\t<div class=\"elementor-widget-container\">\n\t\t\t\t\t\t\t\t\t<p>Business to You B.V.<br \/>\nVeenweg 158-B<br \/>\n3641 SM Mijdrecht<br \/>\nDie Nederlande<\/p>\n\t\t\t\t\t\t\t\t<\/div>\n\t\t\t\t<\/div>\n\t\t\t\t<div class=\"elementor-element elementor-element-3d1b8e4 elementor-position-inline-start elementor-view-default elementor-mobile-position-block-start elementor-widget elementor-widget-icon-box\" data-id=\"3d1b8e4\" data-element_type=\"widget\" data-e-type=\"widget\" data-widget_type=\"icon-box.default\">\n\t\t\t\t<div class=\"elementor-widget-container\">\n\t\t\t\t\t\t\t<div class=\"elementor-icon-box-wrapper\">\n\n\t\t\t\t\t\t<div class=\"elementor-icon-box-icon\">\n\t\t\t\t<span  class=\"elementor-icon\">\n\t\t\t\t<i aria-hidden=\"true\" class=\"fas fa-phone\"><\/i>\t\t\t\t<\/span>\n\t\t\t<\/div>\n\t\t\t\n\t\t\t\t\t\t<div class=\"elementor-icon-box-content\">\n\n\t\t\t\t\n\t\t\t\t\t\t\t\t\t<p class=\"elementor-icon-box-description\">\n\t\t\t\t\t\t+31 (0)297 - 381 300\t\t\t\t\t<\/p>\n\t\t\t\t\n\t\t\t<\/div>\n\t\t\t\n\t\t<\/div>\n\t\t\t\t\t\t<\/div>\n\t\t\t\t<\/div>\n\t\t\t\t<div class=\"elementor-element elementor-element-fa2cbf3 elementor-position-inline-start elementor-view-default elementor-mobile-position-block-start elementor-widget elementor-widget-icon-box\" data-id=\"fa2cbf3\" data-element_type=\"widget\" data-e-type=\"widget\" data-widget_type=\"icon-box.default\">\n\t\t\t\t<div class=\"elementor-widget-container\">\n\t\t\t\t\t\t\t<div class=\"elementor-icon-box-wrapper\">\n\n\t\t\t\t\t\t<div class=\"elementor-icon-box-icon\">\n\t\t\t\t<a href=\"mailto:info@b2u.eu\" target=\"_blank\" class=\"elementor-icon\" tabindex=\"-1\">\n\t\t\t\t<i aria-hidden=\"true\" class=\"fas fa-envelope\"><\/i>\t\t\t\t<\/a>\n\t\t\t<\/div>\n\t\t\t\n\t\t\t\t\t\t<div class=\"elementor-icon-box-content\">\n\n\t\t\t\t\n\t\t\t\t\t\t\t\t\t<p class=\"elementor-icon-box-description\">\n\t\t\t\t\t\tinfo@b2u.eu\t\t\t\t\t<\/p>\n\t\t\t\t\n\t\t\t<\/div>\n\t\t\t\n\t\t<\/div>\n\t\t\t\t\t\t<\/div>\n\t\t\t\t<\/div>\n\t\t\t\t<div class=\"elementor-element elementor-element-48081ca elementor-position-inline-start elementor-view-default elementor-mobile-position-block-start elementor-widget elementor-widget-icon-box\" data-id=\"48081ca\" data-element_type=\"widget\" data-e-type=\"widget\" data-widget_type=\"icon-box.default\">\n\t\t\t\t<div class=\"elementor-widget-container\">\n\t\t\t\t\t\t\t<div class=\"elementor-icon-box-wrapper\">\n\n\t\t\t\t\t\t<div class=\"elementor-icon-box-icon\">\n\t\t\t\t<a href=\"https:\/\/www.b2u.eu\" class=\"elementor-icon\" tabindex=\"-1\">\n\t\t\t\t<i aria-hidden=\"true\" class=\"fas fa-globe\"><\/i>\t\t\t\t<\/a>\n\t\t\t<\/div>\n\t\t\t\n\t\t\t\t\t\t<div class=\"elementor-icon-box-content\">\n\n\t\t\t\t\n\t\t\t\t\t\t\t\t\t<p class=\"elementor-icon-box-description\">\n\t\t\t\t\t\twww.b2u.eu\t\t\t\t\t<\/p>\n\t\t\t\t\n\t\t\t<\/div>\n\t\t\t\n\t\t<\/div>\n\t\t\t\t\t\t<\/div>\n\t\t\t\t<\/div>\n\t\t\t\t<div class=\"elementor-element elementor-element-276a7b9 elementor-widget__width-initial elementor-widget elementor-widget-text-editor\" data-id=\"276a7b9\" data-element_type=\"widget\" data-e-type=\"widget\" data-widget_type=\"text-editor.default\">\n\t\t\t\t<div class=\"elementor-widget-container\">\n\t\t\t\t\t\t\t\t\t<p>Umsatzsteuer-Identifikationsnummer: NL809702654B01<br \/>\nNummer der Handelskammer: 30154544<\/p>\n\t\t\t\t\t\t\t\t<\/div>\n\t\t\t\t<\/div>\n\t\t\t\t\t<\/div>\n\t\t<\/div>\n\t\t\t\t\t<\/div>\n\t\t<\/section>\n\t\t\t\t<section class=\"elementor-section elementor-top-section elementor-element elementor-element-ddae815 elementor-section-boxed elementor-section-height-default elementor-section-height-default\" data-id=\"ddae815\" data-element_type=\"section\" data-e-type=\"section\">\n\t\t\t\t\t\t<div class=\"elementor-container elementor-column-gap-default\">\n\t\t\t\t\t<div class=\"elementor-column elementor-col-100 elementor-top-column elementor-element elementor-element-a192fa0\" data-id=\"a192fa0\" data-element_type=\"column\" data-e-type=\"column\">\n\t\t\t<div class=\"elementor-widget-wrap elementor-element-populated\">\n\t\t\t\t\t\t<div class=\"elementor-element elementor-element-2aae596 elementor-widget elementor-widget-spacer\" data-id=\"2aae596\" data-element_type=\"widget\" data-e-type=\"widget\" data-widget_type=\"spacer.default\">\n\t\t\t\t<div class=\"elementor-widget-container\">\n\t\t\t\t\t\t\t<div class=\"elementor-spacer\">\n\t\t\t<div class=\"elementor-spacer-inner\"><\/div>\n\t\t<\/div>\n\t\t\t\t\t\t<\/div>\n\t\t\t\t<\/div>\n\t\t\t\t\t<\/div>\n\t\t<\/div>\n\t\t\t\t\t<\/div>\n\t\t<\/section>\n\t\t\t\t<\/div>\n\t\t","protected":false},"excerpt":{"rendered":"<p>\u00dcber B2U Als Exklusiver Partner Trust Guard EMEA tragen wir dazu bei eine sicherere Online-Welt zu schaffen. Mehr lesen Business to You ber\u00e4t und bietet seit 2001 L\u00f6sungen im Bereich Online-Zahlungen und Online-Sicherheit an. Business to You arbeitet in einem kleinen, flexiblen Team. Die W\u00fcnsche des Kunden sind unser Ausgangspunkt. Wir sind erst dann zufrieden, <a href=\"https:\/\/www.trustguard.eu\/de\/ueber-uns\/ueber-b2u\/\" class=\"more-link\">&#8230;<\/a><\/p>\n","protected":false},"author":2,"featured_media":0,"parent":26947,"menu_order":10,"comment_status":"closed","ping_status":"closed","template":"elementor_header_footer","meta":{"_acf_changed":false,"inline_featured_image":false,"footnotes":""},"class_list":["post-28312","page","type-page","status-publish","hentry"],"acf":[],"yoast_head":"<!-- This site is optimized with the Yoast SEO plugin v27.3 - https:\/\/yoast.com\/product\/yoast-seo-wordpress\/ -->\n<title>\u00dcber B2U - Trust Guard<\/title>\n<meta name=\"description\" content=\"B2U (Business to You) ber\u00e4t und bietet seit 2001 L\u00f6sungen f\u00fcr Online-Zahlungen und der Sicherheit von Websites an.\" \/>\n<meta name=\"robots\" content=\"index, follow, max-snippet:-1, max-image-preview:large, max-video-preview:-1\" \/>\n<link rel=\"canonical\" href=\"https:\/\/www.trustguard.eu\/de\/ueber-uns\/ueber-b2u\/\" \/>\n<meta property=\"og:locale\" content=\"de_DE\" \/>\n<meta property=\"og:type\" content=\"article\" \/>\n<meta property=\"og:title\" content=\"\u00dcber B2U - Trust Guard\" \/>\n<meta property=\"og:description\" content=\"B2U (Business to You) ber\u00e4t und bietet seit 2001 L\u00f6sungen f\u00fcr Online-Zahlungen und der Sicherheit von Websites an.\" \/>\n<meta property=\"og:url\" content=\"https:\/\/www.trustguard.eu\/de\/ueber-uns\/ueber-b2u\/\" \/>\n<meta property=\"og:site_name\" content=\"Trust Guard\" \/>\n<meta property=\"article:modified_time\" content=\"2025-04-07T12:16:53+00:00\" \/>\n<meta property=\"og:image\" content=\"https:\/\/www.trustguard.eu\/wp-content\/uploads\/elementor\/thumbs\/B2U.eu-logo-white-qf3n2q3djtnpa34byw3rbhycgdswvvxc28c4erncso.png\" \/>\n<meta name=\"twitter:card\" content=\"summary_large_image\" \/>\n<meta name=\"twitter:label1\" content=\"Gesch\u00e4tzte Lesezeit\" \/>\n\t<meta name=\"twitter:data1\" content=\"1\u00a0Minute\" \/>\n<script type=\"application\/ld+json\" class=\"yoast-schema-graph\">{\"@context\":\"https:\\\/\\\/schema.org\",\"@graph\":[{\"@type\":\"WebPage\",\"@id\":\"https:\\\/\\\/www.trustguard.eu\\\/de\\\/ueber-uns\\\/ueber-b2u\\\/\",\"url\":\"https:\\\/\\\/www.trustguard.eu\\\/de\\\/ueber-uns\\\/ueber-b2u\\\/\",\"name\":\"\u00dcber B2U - Trust Guard\",\"isPartOf\":{\"@id\":\"https:\\\/\\\/www.trustguard.eu\\\/de\\\/#website\"},\"primaryImageOfPage\":{\"@id\":\"https:\\\/\\\/www.trustguard.eu\\\/de\\\/ueber-uns\\\/ueber-b2u\\\/#primaryimage\"},\"image\":{\"@id\":\"https:\\\/\\\/www.trustguard.eu\\\/de\\\/ueber-uns\\\/ueber-b2u\\\/#primaryimage\"},\"thumbnailUrl\":\"https:\\\/\\\/www.trustguard.eu\\\/wp-content\\\/uploads\\\/elementor\\\/thumbs\\\/B2U.eu-logo-white-qf3n2q3djtnpa34byw3rbhycgdswvvxc28c4erncso.png\",\"datePublished\":\"2023-11-09T10:28:33+00:00\",\"dateModified\":\"2025-04-07T12:16:53+00:00\",\"description\":\"B2U (Business to You) ber\u00e4t und bietet seit 2001 L\u00f6sungen f\u00fcr Online-Zahlungen und der Sicherheit von Websites an.\",\"breadcrumb\":{\"@id\":\"https:\\\/\\\/www.trustguard.eu\\\/de\\\/ueber-uns\\\/ueber-b2u\\\/#breadcrumb\"},\"inLanguage\":\"de\",\"potentialAction\":[{\"@type\":\"ReadAction\",\"target\":[\"https:\\\/\\\/www.trustguard.eu\\\/de\\\/ueber-uns\\\/ueber-b2u\\\/\"]}]},{\"@type\":\"ImageObject\",\"inLanguage\":\"de\",\"@id\":\"https:\\\/\\\/www.trustguard.eu\\\/de\\\/ueber-uns\\\/ueber-b2u\\\/#primaryimage\",\"url\":\"https:\\\/\\\/www.trustguard.eu\\\/wp-content\\\/uploads\\\/elementor\\\/thumbs\\\/B2U.eu-logo-white-qf3n2q3djtnpa34byw3rbhycgdswvvxc28c4erncso.png\",\"contentUrl\":\"https:\\\/\\\/www.trustguard.eu\\\/wp-content\\\/uploads\\\/elementor\\\/thumbs\\\/B2U.eu-logo-white-qf3n2q3djtnpa34byw3rbhycgdswvvxc28c4erncso.png\"},{\"@type\":\"BreadcrumbList\",\"@id\":\"https:\\\/\\\/www.trustguard.eu\\\/de\\\/ueber-uns\\\/ueber-b2u\\\/#breadcrumb\",\"itemListElement\":[{\"@type\":\"ListItem\",\"position\":1,\"name\":\"Home\",\"item\":\"https:\\\/\\\/www.trustguard.eu\\\/de\\\/\"},{\"@type\":\"ListItem\",\"position\":2,\"name\":\"\u00dcber uns\",\"item\":\"https:\\\/\\\/www.trustguard.eu\\\/de\\\/ueber-uns\\\/\"},{\"@type\":\"ListItem\",\"position\":3,\"name\":\"\u00dcber B2U\"}]},{\"@type\":\"WebSite\",\"@id\":\"https:\\\/\\\/www.trustguard.eu\\\/de\\\/#website\",\"url\":\"https:\\\/\\\/www.trustguard.eu\\\/de\\\/\",\"name\":\"Trust Guard\",\"description\":\"Websitebeveiliging\",\"publisher\":{\"@id\":\"https:\\\/\\\/www.trustguard.eu\\\/de\\\/#organization\"},\"potentialAction\":[{\"@type\":\"SearchAction\",\"target\":{\"@type\":\"EntryPoint\",\"urlTemplate\":\"https:\\\/\\\/www.trustguard.eu\\\/de\\\/?s={search_term_string}\"},\"query-input\":{\"@type\":\"PropertyValueSpecification\",\"valueRequired\":true,\"valueName\":\"search_term_string\"}}],\"inLanguage\":\"de\"},{\"@type\":\"Organization\",\"@id\":\"https:\\\/\\\/www.trustguard.eu\\\/de\\\/#organization\",\"name\":\"Trust Guard\",\"url\":\"https:\\\/\\\/www.trustguard.eu\\\/de\\\/\",\"logo\":{\"@type\":\"ImageObject\",\"inLanguage\":\"de\",\"@id\":\"https:\\\/\\\/www.trustguard.eu\\\/de\\\/#\\\/schema\\\/logo\\\/image\\\/\",\"url\":\"https:\\\/\\\/www.trustguard.eu\\\/wp-content\\\/uploads\\\/2024\\\/12\\\/TG_logo_1-line.png\",\"contentUrl\":\"https:\\\/\\\/www.trustguard.eu\\\/wp-content\\\/uploads\\\/2024\\\/12\\\/TG_logo_1-line.png\",\"width\":792,\"height\":613,\"caption\":\"Trust Guard\"},\"image\":{\"@id\":\"https:\\\/\\\/www.trustguard.eu\\\/de\\\/#\\\/schema\\\/logo\\\/image\\\/\"},\"sameAs\":[\"https:\\\/\\\/nl.linkedin.com\\\/company\\\/paybylink-com\"]}]}<\/script>\n<!-- \/ Yoast SEO plugin. -->","yoast_head_json":{"title":"\u00dcber B2U - Trust Guard","description":"B2U (Business to You) ber\u00e4t und bietet seit 2001 L\u00f6sungen f\u00fcr Online-Zahlungen und der Sicherheit von Websites an.","robots":{"index":"index","follow":"follow","max-snippet":"max-snippet:-1","max-image-preview":"max-image-preview:large","max-video-preview":"max-video-preview:-1"},"canonical":"https:\/\/www.trustguard.eu\/de\/ueber-uns\/ueber-b2u\/","og_locale":"de_DE","og_type":"article","og_title":"\u00dcber B2U - Trust Guard","og_description":"B2U (Business to You) ber\u00e4t und bietet seit 2001 L\u00f6sungen f\u00fcr Online-Zahlungen und der Sicherheit von Websites an.","og_url":"https:\/\/www.trustguard.eu\/de\/ueber-uns\/ueber-b2u\/","og_site_name":"Trust Guard","article_modified_time":"2025-04-07T12:16:53+00:00","og_image":[{"url":"https:\/\/www.trustguard.eu\/wp-content\/uploads\/elementor\/thumbs\/B2U.eu-logo-white-qf3n2q3djtnpa34byw3rbhycgdswvvxc28c4erncso.png","type":"","width":"","height":""}],"twitter_card":"summary_large_image","twitter_misc":{"Gesch\u00e4tzte Lesezeit":"1\u00a0Minute"},"schema":{"@context":"https:\/\/schema.org","@graph":[{"@type":"WebPage","@id":"https:\/\/www.trustguard.eu\/de\/ueber-uns\/ueber-b2u\/","url":"https:\/\/www.trustguard.eu\/de\/ueber-uns\/ueber-b2u\/","name":"\u00dcber B2U - Trust Guard","isPartOf":{"@id":"https:\/\/www.trustguard.eu\/de\/#website"},"primaryImageOfPage":{"@id":"https:\/\/www.trustguard.eu\/de\/ueber-uns\/ueber-b2u\/#primaryimage"},"image":{"@id":"https:\/\/www.trustguard.eu\/de\/ueber-uns\/ueber-b2u\/#primaryimage"},"thumbnailUrl":"https:\/\/www.trustguard.eu\/wp-content\/uploads\/elementor\/thumbs\/B2U.eu-logo-white-qf3n2q3djtnpa34byw3rbhycgdswvvxc28c4erncso.png","datePublished":"2023-11-09T10:28:33+00:00","dateModified":"2025-04-07T12:16:53+00:00","description":"B2U (Business to You) ber\u00e4t und bietet seit 2001 L\u00f6sungen f\u00fcr Online-Zahlungen und der Sicherheit von Websites an.","breadcrumb":{"@id":"https:\/\/www.trustguard.eu\/de\/ueber-uns\/ueber-b2u\/#breadcrumb"},"inLanguage":"de","potentialAction":[{"@type":"ReadAction","target":["https:\/\/www.trustguard.eu\/de\/ueber-uns\/ueber-b2u\/"]}]},{"@type":"ImageObject","inLanguage":"de","@id":"https:\/\/www.trustguard.eu\/de\/ueber-uns\/ueber-b2u\/#primaryimage","url":"https:\/\/www.trustguard.eu\/wp-content\/uploads\/elementor\/thumbs\/B2U.eu-logo-white-qf3n2q3djtnpa34byw3rbhycgdswvvxc28c4erncso.png","contentUrl":"https:\/\/www.trustguard.eu\/wp-content\/uploads\/elementor\/thumbs\/B2U.eu-logo-white-qf3n2q3djtnpa34byw3rbhycgdswvvxc28c4erncso.png"},{"@type":"BreadcrumbList","@id":"https:\/\/www.trustguard.eu\/de\/ueber-uns\/ueber-b2u\/#breadcrumb","itemListElement":[{"@type":"ListItem","position":1,"name":"Home","item":"https:\/\/www.trustguard.eu\/de\/"},{"@type":"ListItem","position":2,"name":"\u00dcber uns","item":"https:\/\/www.trustguard.eu\/de\/ueber-uns\/"},{"@type":"ListItem","position":3,"name":"\u00dcber B2U"}]},{"@type":"WebSite","@id":"https:\/\/www.trustguard.eu\/de\/#website","url":"https:\/\/www.trustguard.eu\/de\/","name":"Trust Guard","description":"Websitebeveiliging","publisher":{"@id":"https:\/\/www.trustguard.eu\/de\/#organization"},"potentialAction":[{"@type":"SearchAction","target":{"@type":"EntryPoint","urlTemplate":"https:\/\/www.trustguard.eu\/de\/?s={search_term_string}"},"query-input":{"@type":"PropertyValueSpecification","valueRequired":true,"valueName":"search_term_string"}}],"inLanguage":"de"},{"@type":"Organization","@id":"https:\/\/www.trustguard.eu\/de\/#organization","name":"Trust Guard","url":"https:\/\/www.trustguard.eu\/de\/","logo":{"@type":"ImageObject","inLanguage":"de","@id":"https:\/\/www.trustguard.eu\/de\/#\/schema\/logo\/image\/","url":"https:\/\/www.trustguard.eu\/wp-content\/uploads\/2024\/12\/TG_logo_1-line.png","contentUrl":"https:\/\/www.trustguard.eu\/wp-content\/uploads\/2024\/12\/TG_logo_1-line.png","width":792,"height":613,"caption":"Trust Guard"},"image":{"@id":"https:\/\/www.trustguard.eu\/de\/#\/schema\/logo\/image\/"},"sameAs":["https:\/\/nl.linkedin.com\/company\/paybylink-com"]}]}},"_links":{"self":[{"href":"https:\/\/www.trustguard.eu\/de\/wp-json\/wp\/v2\/pages\/28312","targetHints":{"allow":["GET"]}}],"collection":[{"href":"https:\/\/www.trustguard.eu\/de\/wp-json\/wp\/v2\/pages"}],"about":[{"href":"https:\/\/www.trustguard.eu\/de\/wp-json\/wp\/v2\/types\/page"}],"author":[{"embeddable":true,"href":"https:\/\/www.trustguard.eu\/de\/wp-json\/wp\/v2\/users\/2"}],"replies":[{"embeddable":true,"href":"https:\/\/www.trustguard.eu\/de\/wp-json\/wp\/v2\/comments?post=28312"}],"version-history":[{"count":0,"href":"https:\/\/www.trustguard.eu\/de\/wp-json\/wp\/v2\/pages\/28312\/revisions"}],"up":[{"embeddable":true,"href":"https:\/\/www.trustguard.eu\/de\/wp-json\/wp\/v2\/pages\/26947"}],"wp:attachment":[{"href":"https:\/\/www.trustguard.eu\/de\/wp-json\/wp\/v2\/media?parent=28312"}],"curies":[{"name":"wp","href":"https:\/\/api.w.org\/{rel}","templated":true}]}}