{"id":33581,"date":"2025-03-17T15:03:25","date_gmt":"2025-03-17T15:03:25","guid":{"rendered":"https:\/\/www.trustguard.eu\/?page_id=33581"},"modified":"2025-04-28T12:18:19","modified_gmt":"2025-04-28T12:18:19","slug":"logos","status":"publish","type":"page","link":"https:\/\/www.trustguard.eu\/de\/beziehungen\/partner\/logos\/","title":{"rendered":"Logos"},"content":{"rendered":"\t\t<div data-elementor-type=\"wp-page\" data-elementor-id=\"33581\" class=\"elementor elementor-33581 elementor-32777\" data-elementor-post-type=\"page\">\n\t\t\t\t\t\t<section class=\"elementor-section elementor-top-section elementor-element elementor-element-ac76f03 elementor-section-height-min-height elementor-section-boxed elementor-section-height-default elementor-section-items-middle\" data-id=\"ac76f03\" data-element_type=\"section\" data-e-type=\"section\" data-settings=\"{&quot;background_background&quot;:&quot;slideshow&quot;,&quot;background_slideshow_gallery&quot;:[{&quot;id&quot;:33231,&quot;url&quot;:&quot;https:\\\/\\\/www.trustguard.eu\\\/wp-content\\\/uploads\\\/2024\\\/12\\\/TG-logo-2-lines.png&quot;}],&quot;background_slideshow_ken_burns&quot;:&quot;yes&quot;,&quot;background_slideshow_loop&quot;:&quot;yes&quot;,&quot;background_slideshow_slide_duration&quot;:5000,&quot;background_slideshow_slide_transition&quot;:&quot;fade&quot;,&quot;background_slideshow_transition_duration&quot;:500,&quot;background_slideshow_ken_burns_zoom_direction&quot;:&quot;in&quot;}\">\n\t\t\t\t\t\t\t<div class=\"elementor-background-overlay\"><\/div>\n\t\t\t\t\t\t\t<div class=\"elementor-container elementor-column-gap-default\">\n\t\t\t\t\t<div class=\"elementor-column elementor-col-100 elementor-top-column elementor-element elementor-element-175972f\" data-id=\"175972f\" data-element_type=\"column\" data-e-type=\"column\">\n\t\t\t<div class=\"elementor-widget-wrap elementor-element-populated\">\n\t\t\t\t\t\t<section class=\"elementor-section elementor-inner-section elementor-element elementor-element-a8893f9 elementor-section-boxed elementor-section-height-default elementor-section-height-default\" data-id=\"a8893f9\" data-element_type=\"section\" data-e-type=\"section\">\n\t\t\t\t\t\t<div class=\"elementor-container elementor-column-gap-default\">\n\t\t\t\t\t<div class=\"elementor-column elementor-col-100 elementor-inner-column elementor-element elementor-element-f024741\" data-id=\"f024741\" data-element_type=\"column\" data-e-type=\"column\">\n\t\t\t<div class=\"elementor-widget-wrap elementor-element-populated\">\n\t\t\t\t\t\t<div class=\"elementor-element elementor-element-2c3d10e elementor-widget__width-auto elementor-widget elementor-widget-heading\" data-id=\"2c3d10e\" data-element_type=\"widget\" data-e-type=\"widget\" data-widget_type=\"heading.default\">\n\t\t\t\t<div class=\"elementor-widget-container\">\n\t\t\t\t\t<h1 class=\"elementor-heading-title elementor-size-default\">Logos<\/h1>\t\t\t\t<\/div>\n\t\t\t\t<\/div>\n\t\t\t\t<div class=\"elementor-element elementor-element-e33be44 elementor-widget elementor-widget-heading\" data-id=\"e33be44\" data-element_type=\"widget\" data-e-type=\"widget\" data-widget_type=\"heading.default\">\n\t\t\t\t<div class=\"elementor-widget-container\">\n\t\t\t\t\t<h2 class=\"elementor-heading-title elementor-size-default\">Werbung f\u00fcr Trust Guard und Verwendung der verschiedenen Logos<\/h2>\t\t\t\t<\/div>\n\t\t\t\t<\/div>\n\t\t\t\t<div class=\"elementor-element elementor-element-10c97d8 elementor-align-left elementor-widget elementor-widget-button\" data-id=\"10c97d8\" data-element_type=\"widget\" data-e-type=\"widget\" data-widget_type=\"button.default\">\n\t\t\t\t<div class=\"elementor-widget-container\">\n\t\t\t\t\t\t\t\t\t<div class=\"elementor-button-wrapper\">\n\t\t\t\t\t<a class=\"elementor-button elementor-button-link elementor-size-sm elementor-animation-grow\" href=\"#logos\">\n\t\t\t\t\t\t<span class=\"elementor-button-content-wrapper\">\n\t\t\t\t\t\t<span class=\"elementor-button-icon\">\n\t\t\t\t<i aria-hidden=\"true\" class=\"fas fa-chevron-down\"><\/i>\t\t\t<\/span>\n\t\t\t\t\t\t\t\t\t<span class=\"elementor-button-text\">VIEW OUR LOGOS<\/span>\n\t\t\t\t\t<\/span>\n\t\t\t\t\t<\/a>\n\t\t\t\t<\/div>\n\t\t\t\t\t\t\t\t<\/div>\n\t\t\t\t<\/div>\n\t\t\t\t\t<\/div>\n\t\t<\/div>\n\t\t\t\t\t<\/div>\n\t\t<\/section>\n\t\t\t\t\t<\/div>\n\t\t<\/div>\n\t\t\t\t\t<\/div>\n\t\t<\/section>\n\t\t\t\t<section class=\"elementor-section elementor-top-section elementor-element elementor-element-be42b7f elementor-section-boxed elementor-section-height-default elementor-section-height-default\" data-id=\"be42b7f\" data-element_type=\"section\" data-e-type=\"section\">\n\t\t\t\t\t\t<div class=\"elementor-container elementor-column-gap-default\">\n\t\t\t\t\t<div class=\"elementor-column elementor-col-100 elementor-top-column elementor-element elementor-element-1322ecc\" data-id=\"1322ecc\" data-element_type=\"column\" data-e-type=\"column\">\n\t\t\t<div class=\"elementor-widget-wrap elementor-element-populated\">\n\t\t\t\t\t\t<div class=\"elementor-element elementor-element-5b16296 elementor-widget elementor-widget-spacer\" data-id=\"5b16296\" data-element_type=\"widget\" data-e-type=\"widget\" data-widget_type=\"spacer.default\">\n\t\t\t\t<div class=\"elementor-widget-container\">\n\t\t\t\t\t\t\t<div class=\"elementor-spacer\">\n\t\t\t<div class=\"elementor-spacer-inner\"><\/div>\n\t\t<\/div>\n\t\t\t\t\t\t<\/div>\n\t\t\t\t<\/div>\n\t\t\t\t<div class=\"elementor-element elementor-element-fb04422 elementor-widget elementor-widget-html\" data-id=\"fb04422\" data-element_type=\"widget\" data-e-type=\"widget\" data-widget_type=\"html.default\">\n\t\t\t\t<div class=\"elementor-widget-container\">\n\t\t\t\t\t<div id=\"content\"><\/div>\t\t\t\t<\/div>\n\t\t\t\t<\/div>\n\t\t\t\t<div class=\"elementor-element elementor-element-f76ef6c elementor-widget elementor-widget-menu-anchor\" data-id=\"f76ef6c\" data-element_type=\"widget\" data-e-type=\"widget\" data-widget_type=\"menu-anchor.default\">\n\t\t\t\t<div class=\"elementor-widget-container\">\n\t\t\t\t\t\t\t<div class=\"elementor-menu-anchor\" id=\"logos\"><\/div>\n\t\t\t\t\t\t<\/div>\n\t\t\t\t<\/div>\n\t\t\t\t\t<\/div>\n\t\t<\/div>\n\t\t\t\t\t<\/div>\n\t\t<\/section>\n\t\t\t\t<section class=\"elementor-section elementor-top-section elementor-element elementor-element-07cfce7 elementor-section-boxed elementor-section-height-default elementor-section-height-default\" data-id=\"07cfce7\" data-element_type=\"section\" data-e-type=\"section\">\n\t\t\t\t\t\t<div class=\"elementor-container elementor-column-gap-default\">\n\t\t\t\t\t<div class=\"elementor-column elementor-col-100 elementor-top-column elementor-element elementor-element-79ba44f\" data-id=\"79ba44f\" data-element_type=\"column\" data-e-type=\"column\">\n\t\t\t<div class=\"elementor-widget-wrap elementor-element-populated\">\n\t\t\t\t\t\t<div class=\"elementor-element elementor-element-0450377 elementor-widget elementor-widget-heading\" data-id=\"0450377\" data-element_type=\"widget\" data-e-type=\"widget\" data-widget_type=\"heading.default\">\n\t\t\t\t<div class=\"elementor-widget-container\">\n\t\t\t\t\t<h2 class=\"elementor-heading-title elementor-size-default\">Die Logos von Trust Guard<\/h2>\t\t\t\t<\/div>\n\t\t\t\t<\/div>\n\t\t\t\t<div class=\"elementor-element elementor-element-c8beee4 elementor-widget elementor-widget-text-editor\" data-id=\"c8beee4\" data-element_type=\"widget\" data-e-type=\"widget\" data-widget_type=\"text-editor.default\">\n\t\t\t\t<div class=\"elementor-widget-container\">\n\t\t\t\t\t\t\t\t\t<p>Um Ihnen die aktive Werbung f\u00fcr Trust Guard bei Ihren Kunden zu erleichtern, haben wir f\u00fcr Sie auf dieser Seite verschiedene Logos zusammengestellt, die Sie zu diesem Zweck verwenden k\u00f6nnen.<\/p>\n<p>Das Trust Guard-Logo stellen wir Ihnen gerne zur Verf\u00fcgung, damit Sie es z.B. auf Ihrer eigenen Website verwenden k\u00f6nnen.<br \/>\nEs handelt sich um ein breites Logo mit dem Wort Trust Guard in einer Zeile. Sie k\u00f6nnen auch ein schmales Logo w\u00e4hlen, das sich \u00fcber zwei Zeilen erstreckt.<\/p>\n\t\t\t\t\t\t\t\t<\/div>\n\t\t\t\t<\/div>\n\t\t\t\t\t<\/div>\n\t\t<\/div>\n\t\t\t\t\t<\/div>\n\t\t<\/section>\n\t\t\t\t<section class=\"elementor-section elementor-top-section elementor-element elementor-element-bba3eb1 elementor-section-boxed elementor-section-height-default elementor-section-height-default\" data-id=\"bba3eb1\" data-element_type=\"section\" data-e-type=\"section\" data-settings=\"{&quot;background_background&quot;:&quot;classic&quot;}\">\n\t\t\t\t\t\t<div class=\"elementor-container elementor-column-gap-default\">\n\t\t\t\t\t<div class=\"elementor-column elementor-col-100 elementor-top-column elementor-element elementor-element-d20bed4\" data-id=\"d20bed4\" data-element_type=\"column\" data-e-type=\"column\">\n\t\t\t<div class=\"elementor-widget-wrap elementor-element-populated\">\n\t\t\t\t\t\t<section class=\"elementor-section elementor-inner-section elementor-element elementor-element-692ea02 elementor-section-boxed elementor-section-height-default elementor-section-height-default\" data-id=\"692ea02\" data-element_type=\"section\" data-e-type=\"section\">\n\t\t\t\t\t\t<div class=\"elementor-container elementor-column-gap-default\">\n\t\t\t\t\t<div class=\"elementor-column elementor-col-50 elementor-inner-column elementor-element elementor-element-6173cbd\" data-id=\"6173cbd\" data-element_type=\"column\" data-e-type=\"column\">\n\t\t\t<div class=\"elementor-widget-wrap elementor-element-populated\">\n\t\t\t\t\t\t<div class=\"elementor-element elementor-element-18da3ab elementor-widget elementor-widget-image\" data-id=\"18da3ab\" data-element_type=\"widget\" data-e-type=\"widget\" data-widget_type=\"image.default\">\n\t\t\t\t<div class=\"elementor-widget-container\">\n\t\t\t\t\t\t\t\t\t\t\t\t\t\t\t<img fetchpriority=\"high\" decoding=\"async\" width=\"792\" height=\"613\" src=\"https:\/\/www.trustguard.eu\/wp-content\/uploads\/2024\/12\/TG_logo_1-line.png\" class=\"attachment-full size-full wp-image-33230\" alt=\"TG-logo one line\" srcset=\"https:\/\/www.trustguard.eu\/wp-content\/uploads\/2024\/12\/TG_logo_1-line.png 792w, https:\/\/www.trustguard.eu\/wp-content\/uploads\/2024\/12\/TG_logo_1-line-300x232.png 300w\" sizes=\"(max-width: 792px) 100vw, 792px\" \/>\t\t\t\t\t\t\t\t\t\t\t\t\t\t\t<\/div>\n\t\t\t\t<\/div>\n\t\t\t\t\t<\/div>\n\t\t<\/div>\n\t\t\t\t<div class=\"elementor-column elementor-col-50 elementor-inner-column elementor-element elementor-element-84eed85\" data-id=\"84eed85\" data-element_type=\"column\" data-e-type=\"column\">\n\t\t\t<div class=\"elementor-widget-wrap elementor-element-populated\">\n\t\t\t\t\t\t<div class=\"elementor-element elementor-element-8c2d558 elementor-widget__width-initial elementor-widget elementor-widget-image\" data-id=\"8c2d558\" data-element_type=\"widget\" data-e-type=\"widget\" data-widget_type=\"image.default\">\n\t\t\t\t<div class=\"elementor-widget-container\">\n\t\t\t\t\t\t\t\t\t\t\t\t\t\t\t<img decoding=\"async\" width=\"793\" height=\"613\" src=\"https:\/\/www.trustguard.eu\/wp-content\/uploads\/2024\/12\/TG-logo-2-lines.png\" class=\"attachment-full size-full wp-image-33234\" alt=\"Tg-logo two lines\" srcset=\"https:\/\/www.trustguard.eu\/wp-content\/uploads\/2024\/12\/TG-logo-2-lines.png 793w, https:\/\/www.trustguard.eu\/wp-content\/uploads\/2024\/12\/TG-logo-2-lines-300x232.png 300w\" sizes=\"(max-width: 793px) 100vw, 793px\" \/>\t\t\t\t\t\t\t\t\t\t\t\t\t\t\t<\/div>\n\t\t\t\t<\/div>\n\t\t\t\t\t<\/div>\n\t\t<\/div>\n\t\t\t\t\t<\/div>\n\t\t<\/section>\n\t\t\t\t\t<\/div>\n\t\t<\/div>\n\t\t\t\t\t<\/div>\n\t\t<\/section>\n\t\t\t\t<section class=\"elementor-section elementor-top-section elementor-element elementor-element-2bc015d elementor-section-boxed elementor-section-height-default elementor-section-height-default\" data-id=\"2bc015d\" data-element_type=\"section\" data-e-type=\"section\">\n\t\t\t\t\t\t<div class=\"elementor-container elementor-column-gap-default\">\n\t\t\t\t\t<div class=\"elementor-column elementor-col-100 elementor-top-column elementor-element elementor-element-3ff6ec2\" data-id=\"3ff6ec2\" data-element_type=\"column\" data-e-type=\"column\">\n\t\t\t<div class=\"elementor-widget-wrap elementor-element-populated\">\n\t\t\t\t\t\t<div class=\"elementor-element elementor-element-6e19336 elementor-widget elementor-widget-text-editor\" data-id=\"6e19336\" data-element_type=\"widget\" data-e-type=\"widget\" data-widget_type=\"text-editor.default\">\n\t\t\t\t<div class=\"elementor-widget-container\">\n\t\t\t\t\t\t\t\t\t<p>Bitte beachten Sie, dass dieses Logo nur als Hinweis auf die Trust Guard Dienste verwendet werden darf und nicht <a href=\"https:\/\/www.trustguard.eu\/de\/loesung\/trustmark\/\">das Trust Guard Trustmark<\/a> ersetzen.<\/p>\n\t\t\t\t\t\t\t\t<\/div>\n\t\t\t\t<\/div>\n\t\t\t\t<div class=\"elementor-element elementor-element-12e2ab3 elementor-widget elementor-widget-spacer\" data-id=\"12e2ab3\" data-element_type=\"widget\" data-e-type=\"widget\" data-widget_type=\"spacer.default\">\n\t\t\t\t<div class=\"elementor-widget-container\">\n\t\t\t\t\t\t\t<div class=\"elementor-spacer\">\n\t\t\t<div class=\"elementor-spacer-inner\"><\/div>\n\t\t<\/div>\n\t\t\t\t\t\t<\/div>\n\t\t\t\t<\/div>\n\t\t\t\t\t<\/div>\n\t\t<\/div>\n\t\t\t\t\t<\/div>\n\t\t<\/section>\n\t\t\t\t<\/div>\n\t\t","protected":false},"excerpt":{"rendered":"<p>Logos Werbung f\u00fcr Trust Guard und Verwendung der verschiedenen Logos VIEW OUR LOGOS Die Logos von Trust Guard Um Ihnen die aktive Werbung f\u00fcr Trust Guard bei Ihren Kunden zu erleichtern, haben wir f\u00fcr Sie auf dieser Seite verschiedene Logos zusammengestellt, die Sie zu diesem Zweck verwenden k\u00f6nnen. Das Trust Guard-Logo stellen wir Ihnen gerne <a href=\"https:\/\/www.trustguard.eu\/de\/beziehungen\/partner\/logos\/\" class=\"more-link\">&#8230;<\/a><\/p>\n","protected":false},"author":2,"featured_media":0,"parent":33565,"menu_order":30,"comment_status":"closed","ping_status":"closed","template":"elementor_header_footer","meta":{"_acf_changed":false,"inline_featured_image":false,"footnotes":""},"class_list":["post-33581","page","type-page","status-publish","hentry"],"acf":[],"yoast_head":"<!-- This site is optimized with the Yoast SEO plugin v27.3 - https:\/\/yoast.com\/product\/yoast-seo-wordpress\/ -->\n<title>Logos - Trust Guard<\/title>\n<meta name=\"description\" content=\"Unsere Partner verf\u00fcgen \u00fcber spezifisches Wissen und Fachkenntnisse, so dass sie Ihnen auf dem Gebiet der Website-Sicherheit hervorragend helfen k\u00f6nnen.\" \/>\n<meta name=\"robots\" content=\"index, follow, max-snippet:-1, max-image-preview:large, max-video-preview:-1\" \/>\n<link rel=\"canonical\" href=\"https:\/\/www.trustguard.eu\/de\/beziehungen\/partner\/logos\/\" \/>\n<meta property=\"og:locale\" content=\"de_DE\" \/>\n<meta property=\"og:type\" content=\"article\" \/>\n<meta property=\"og:title\" content=\"Logos - Trust Guard\" \/>\n<meta property=\"og:description\" content=\"Unsere Partner verf\u00fcgen \u00fcber spezifisches Wissen und Fachkenntnisse, so dass sie Ihnen auf dem Gebiet der Website-Sicherheit hervorragend helfen k\u00f6nnen.\" \/>\n<meta property=\"og:url\" content=\"https:\/\/www.trustguard.eu\/de\/beziehungen\/partner\/logos\/\" \/>\n<meta property=\"og:site_name\" content=\"Trust Guard\" \/>\n<meta property=\"article:modified_time\" content=\"2025-04-28T12:18:19+00:00\" \/>\n<meta property=\"og:image\" content=\"https:\/\/www.trustguard.eu\/wp-content\/uploads\/2024\/12\/TG_logo_1-line.png\" \/>\n\t<meta property=\"og:image:width\" content=\"792\" \/>\n\t<meta property=\"og:image:height\" content=\"613\" \/>\n\t<meta property=\"og:image:type\" content=\"image\/png\" \/>\n<meta name=\"twitter:card\" content=\"summary_large_image\" \/>\n<meta name=\"twitter:label1\" content=\"Gesch\u00e4tzte Lesezeit\" \/>\n\t<meta name=\"twitter:data1\" content=\"1\u00a0Minute\" \/>\n<script type=\"application\/ld+json\" class=\"yoast-schema-graph\">{\"@context\":\"https:\\\/\\\/schema.org\",\"@graph\":[{\"@type\":\"WebPage\",\"@id\":\"https:\\\/\\\/www.trustguard.eu\\\/de\\\/beziehungen\\\/partner\\\/logos\\\/\",\"url\":\"https:\\\/\\\/www.trustguard.eu\\\/de\\\/beziehungen\\\/partner\\\/logos\\\/\",\"name\":\"Logos - Trust Guard\",\"isPartOf\":{\"@id\":\"https:\\\/\\\/www.trustguard.eu\\\/de\\\/#website\"},\"primaryImageOfPage\":{\"@id\":\"https:\\\/\\\/www.trustguard.eu\\\/de\\\/beziehungen\\\/partner\\\/logos\\\/#primaryimage\"},\"image\":{\"@id\":\"https:\\\/\\\/www.trustguard.eu\\\/de\\\/beziehungen\\\/partner\\\/logos\\\/#primaryimage\"},\"thumbnailUrl\":\"https:\\\/\\\/www.trustguard.eu\\\/wp-content\\\/uploads\\\/2024\\\/12\\\/TG_logo_1-line.png\",\"datePublished\":\"2025-03-17T15:03:25+00:00\",\"dateModified\":\"2025-04-28T12:18:19+00:00\",\"description\":\"Unsere Partner verf\u00fcgen \u00fcber spezifisches Wissen und Fachkenntnisse, so dass sie Ihnen auf dem Gebiet der Website-Sicherheit hervorragend helfen k\u00f6nnen.\",\"breadcrumb\":{\"@id\":\"https:\\\/\\\/www.trustguard.eu\\\/de\\\/beziehungen\\\/partner\\\/logos\\\/#breadcrumb\"},\"inLanguage\":\"de\",\"potentialAction\":[{\"@type\":\"ReadAction\",\"target\":[\"https:\\\/\\\/www.trustguard.eu\\\/de\\\/beziehungen\\\/partner\\\/logos\\\/\"]}]},{\"@type\":\"ImageObject\",\"inLanguage\":\"de\",\"@id\":\"https:\\\/\\\/www.trustguard.eu\\\/de\\\/beziehungen\\\/partner\\\/logos\\\/#primaryimage\",\"url\":\"https:\\\/\\\/www.trustguard.eu\\\/wp-content\\\/uploads\\\/2024\\\/12\\\/TG_logo_1-line.png\",\"contentUrl\":\"https:\\\/\\\/www.trustguard.eu\\\/wp-content\\\/uploads\\\/2024\\\/12\\\/TG_logo_1-line.png\"},{\"@type\":\"BreadcrumbList\",\"@id\":\"https:\\\/\\\/www.trustguard.eu\\\/de\\\/beziehungen\\\/partner\\\/logos\\\/#breadcrumb\",\"itemListElement\":[{\"@type\":\"ListItem\",\"position\":1,\"name\":\"Home\",\"item\":\"https:\\\/\\\/www.trustguard.eu\\\/de\\\/\"},{\"@type\":\"ListItem\",\"position\":2,\"name\":\"Beziehungen\",\"item\":\"https:\\\/\\\/www.trustguard.eu\\\/de\\\/relaties\\\/\"},{\"@type\":\"ListItem\",\"position\":3,\"name\":\"Partner\",\"item\":\"https:\\\/\\\/www.trustguard.eu\\\/de\\\/beziehungen\\\/partner\\\/\"},{\"@type\":\"ListItem\",\"position\":4,\"name\":\"Logos\"}]},{\"@type\":\"WebSite\",\"@id\":\"https:\\\/\\\/www.trustguard.eu\\\/de\\\/#website\",\"url\":\"https:\\\/\\\/www.trustguard.eu\\\/de\\\/\",\"name\":\"Trust Guard\",\"description\":\"Websitebeveiliging\",\"publisher\":{\"@id\":\"https:\\\/\\\/www.trustguard.eu\\\/de\\\/#organization\"},\"potentialAction\":[{\"@type\":\"SearchAction\",\"target\":{\"@type\":\"EntryPoint\",\"urlTemplate\":\"https:\\\/\\\/www.trustguard.eu\\\/de\\\/?s={search_term_string}\"},\"query-input\":{\"@type\":\"PropertyValueSpecification\",\"valueRequired\":true,\"valueName\":\"search_term_string\"}}],\"inLanguage\":\"de\"},{\"@type\":\"Organization\",\"@id\":\"https:\\\/\\\/www.trustguard.eu\\\/de\\\/#organization\",\"name\":\"Trust Guard\",\"url\":\"https:\\\/\\\/www.trustguard.eu\\\/de\\\/\",\"logo\":{\"@type\":\"ImageObject\",\"inLanguage\":\"de\",\"@id\":\"https:\\\/\\\/www.trustguard.eu\\\/de\\\/#\\\/schema\\\/logo\\\/image\\\/\",\"url\":\"https:\\\/\\\/www.trustguard.eu\\\/wp-content\\\/uploads\\\/2024\\\/12\\\/TG_logo_1-line.png\",\"contentUrl\":\"https:\\\/\\\/www.trustguard.eu\\\/wp-content\\\/uploads\\\/2024\\\/12\\\/TG_logo_1-line.png\",\"width\":792,\"height\":613,\"caption\":\"Trust Guard\"},\"image\":{\"@id\":\"https:\\\/\\\/www.trustguard.eu\\\/de\\\/#\\\/schema\\\/logo\\\/image\\\/\"},\"sameAs\":[\"https:\\\/\\\/nl.linkedin.com\\\/company\\\/paybylink-com\"]}]}<\/script>\n<!-- \/ Yoast SEO plugin. -->","yoast_head_json":{"title":"Logos - Trust Guard","description":"Unsere Partner verf\u00fcgen \u00fcber spezifisches Wissen und Fachkenntnisse, so dass sie Ihnen auf dem Gebiet der Website-Sicherheit hervorragend helfen k\u00f6nnen.","robots":{"index":"index","follow":"follow","max-snippet":"max-snippet:-1","max-image-preview":"max-image-preview:large","max-video-preview":"max-video-preview:-1"},"canonical":"https:\/\/www.trustguard.eu\/de\/beziehungen\/partner\/logos\/","og_locale":"de_DE","og_type":"article","og_title":"Logos - Trust Guard","og_description":"Unsere Partner verf\u00fcgen \u00fcber spezifisches Wissen und Fachkenntnisse, so dass sie Ihnen auf dem Gebiet der Website-Sicherheit hervorragend helfen k\u00f6nnen.","og_url":"https:\/\/www.trustguard.eu\/de\/beziehungen\/partner\/logos\/","og_site_name":"Trust Guard","article_modified_time":"2025-04-28T12:18:19+00:00","og_image":[{"width":792,"height":613,"url":"https:\/\/www.trustguard.eu\/wp-content\/uploads\/2024\/12\/TG_logo_1-line.png","type":"image\/png"}],"twitter_card":"summary_large_image","twitter_misc":{"Gesch\u00e4tzte Lesezeit":"1\u00a0Minute"},"schema":{"@context":"https:\/\/schema.org","@graph":[{"@type":"WebPage","@id":"https:\/\/www.trustguard.eu\/de\/beziehungen\/partner\/logos\/","url":"https:\/\/www.trustguard.eu\/de\/beziehungen\/partner\/logos\/","name":"Logos - Trust Guard","isPartOf":{"@id":"https:\/\/www.trustguard.eu\/de\/#website"},"primaryImageOfPage":{"@id":"https:\/\/www.trustguard.eu\/de\/beziehungen\/partner\/logos\/#primaryimage"},"image":{"@id":"https:\/\/www.trustguard.eu\/de\/beziehungen\/partner\/logos\/#primaryimage"},"thumbnailUrl":"https:\/\/www.trustguard.eu\/wp-content\/uploads\/2024\/12\/TG_logo_1-line.png","datePublished":"2025-03-17T15:03:25+00:00","dateModified":"2025-04-28T12:18:19+00:00","description":"Unsere Partner verf\u00fcgen \u00fcber spezifisches Wissen und Fachkenntnisse, so dass sie Ihnen auf dem Gebiet der Website-Sicherheit hervorragend helfen k\u00f6nnen.","breadcrumb":{"@id":"https:\/\/www.trustguard.eu\/de\/beziehungen\/partner\/logos\/#breadcrumb"},"inLanguage":"de","potentialAction":[{"@type":"ReadAction","target":["https:\/\/www.trustguard.eu\/de\/beziehungen\/partner\/logos\/"]}]},{"@type":"ImageObject","inLanguage":"de","@id":"https:\/\/www.trustguard.eu\/de\/beziehungen\/partner\/logos\/#primaryimage","url":"https:\/\/www.trustguard.eu\/wp-content\/uploads\/2024\/12\/TG_logo_1-line.png","contentUrl":"https:\/\/www.trustguard.eu\/wp-content\/uploads\/2024\/12\/TG_logo_1-line.png"},{"@type":"BreadcrumbList","@id":"https:\/\/www.trustguard.eu\/de\/beziehungen\/partner\/logos\/#breadcrumb","itemListElement":[{"@type":"ListItem","position":1,"name":"Home","item":"https:\/\/www.trustguard.eu\/de\/"},{"@type":"ListItem","position":2,"name":"Beziehungen","item":"https:\/\/www.trustguard.eu\/de\/relaties\/"},{"@type":"ListItem","position":3,"name":"Partner","item":"https:\/\/www.trustguard.eu\/de\/beziehungen\/partner\/"},{"@type":"ListItem","position":4,"name":"Logos"}]},{"@type":"WebSite","@id":"https:\/\/www.trustguard.eu\/de\/#website","url":"https:\/\/www.trustguard.eu\/de\/","name":"Trust Guard","description":"Websitebeveiliging","publisher":{"@id":"https:\/\/www.trustguard.eu\/de\/#organization"},"potentialAction":[{"@type":"SearchAction","target":{"@type":"EntryPoint","urlTemplate":"https:\/\/www.trustguard.eu\/de\/?s={search_term_string}"},"query-input":{"@type":"PropertyValueSpecification","valueRequired":true,"valueName":"search_term_string"}}],"inLanguage":"de"},{"@type":"Organization","@id":"https:\/\/www.trustguard.eu\/de\/#organization","name":"Trust Guard","url":"https:\/\/www.trustguard.eu\/de\/","logo":{"@type":"ImageObject","inLanguage":"de","@id":"https:\/\/www.trustguard.eu\/de\/#\/schema\/logo\/image\/","url":"https:\/\/www.trustguard.eu\/wp-content\/uploads\/2024\/12\/TG_logo_1-line.png","contentUrl":"https:\/\/www.trustguard.eu\/wp-content\/uploads\/2024\/12\/TG_logo_1-line.png","width":792,"height":613,"caption":"Trust Guard"},"image":{"@id":"https:\/\/www.trustguard.eu\/de\/#\/schema\/logo\/image\/"},"sameAs":["https:\/\/nl.linkedin.com\/company\/paybylink-com"]}]}},"_links":{"self":[{"href":"https:\/\/www.trustguard.eu\/de\/wp-json\/wp\/v2\/pages\/33581","targetHints":{"allow":["GET"]}}],"collection":[{"href":"https:\/\/www.trustguard.eu\/de\/wp-json\/wp\/v2\/pages"}],"about":[{"href":"https:\/\/www.trustguard.eu\/de\/wp-json\/wp\/v2\/types\/page"}],"author":[{"embeddable":true,"href":"https:\/\/www.trustguard.eu\/de\/wp-json\/wp\/v2\/users\/2"}],"replies":[{"embeddable":true,"href":"https:\/\/www.trustguard.eu\/de\/wp-json\/wp\/v2\/comments?post=33581"}],"version-history":[{"count":0,"href":"https:\/\/www.trustguard.eu\/de\/wp-json\/wp\/v2\/pages\/33581\/revisions"}],"up":[{"embeddable":true,"href":"https:\/\/www.trustguard.eu\/de\/wp-json\/wp\/v2\/pages\/33565"}],"wp:attachment":[{"href":"https:\/\/www.trustguard.eu\/de\/wp-json\/wp\/v2\/media?parent=33581"}],"curies":[{"name":"wp","href":"https:\/\/api.w.org\/{rel}","templated":true}]}}