{"id":33676,"date":"2025-01-14T10:22:12","date_gmt":"2025-01-14T10:22:12","guid":{"rendered":"https:\/\/www.trustguard.eu\/?page_id=33676"},"modified":"2025-07-01T09:32:55","modified_gmt":"2025-07-01T09:32:55","slug":"broschuere","status":"publish","type":"page","link":"https:\/\/www.trustguard.eu\/de\/beziehungen\/partner\/broschuere\/","title":{"rendered":"Brosch\u00fcre"},"content":{"rendered":"\t\t<div data-elementor-type=\"wp-page\" data-elementor-id=\"33676\" class=\"elementor elementor-33676 elementor-32793\" data-elementor-post-type=\"page\">\n\t\t\t\t\t\t<section class=\"elementor-section elementor-top-section elementor-element elementor-element-28a9cf2 elementor-section-boxed elementor-section-height-default elementor-section-height-default\" data-id=\"28a9cf2\" data-element_type=\"section\" data-e-type=\"section\">\n\t\t\t\t\t\t<div class=\"elementor-container elementor-column-gap-default\">\n\t\t\t\t\t<div class=\"elementor-column elementor-col-100 elementor-top-column elementor-element elementor-element-7708651\" data-id=\"7708651\" data-element_type=\"column\" data-e-type=\"column\">\n\t\t\t<div class=\"elementor-widget-wrap\">\n\t\t\t\t\t\t\t<\/div>\n\t\t<\/div>\n\t\t\t\t\t<\/div>\n\t\t<\/section>\n\t\t\t\t<section class=\"elementor-section elementor-top-section elementor-element elementor-element-ac76f03 elementor-section-height-min-height elementor-section-boxed elementor-section-height-default elementor-section-items-middle\" data-id=\"ac76f03\" data-element_type=\"section\" data-e-type=\"section\" data-settings=\"{&quot;background_background&quot;:&quot;slideshow&quot;,&quot;background_slideshow_gallery&quot;:[{&quot;id&quot;:33643,&quot;url&quot;:&quot;https:\\\/\\\/www.trustguard.eu\\\/wp-content\\\/uploads\\\/2024\\\/12\\\/header-brochure.png&quot;}],&quot;background_slideshow_ken_burns&quot;:&quot;yes&quot;,&quot;background_slideshow_loop&quot;:&quot;yes&quot;,&quot;background_slideshow_slide_duration&quot;:5000,&quot;background_slideshow_slide_transition&quot;:&quot;fade&quot;,&quot;background_slideshow_transition_duration&quot;:500,&quot;background_slideshow_ken_burns_zoom_direction&quot;:&quot;in&quot;}\">\n\t\t\t\t\t\t\t<div class=\"elementor-background-overlay\"><\/div>\n\t\t\t\t\t\t\t<div class=\"elementor-container elementor-column-gap-default\">\n\t\t\t\t\t<div class=\"elementor-column elementor-col-100 elementor-top-column elementor-element elementor-element-175972f\" data-id=\"175972f\" data-element_type=\"column\" data-e-type=\"column\">\n\t\t\t<div class=\"elementor-widget-wrap elementor-element-populated\">\n\t\t\t\t\t\t<section class=\"elementor-section elementor-inner-section elementor-element elementor-element-a8893f9 elementor-section-boxed elementor-section-height-default elementor-section-height-default\" data-id=\"a8893f9\" data-element_type=\"section\" data-e-type=\"section\">\n\t\t\t\t\t\t<div class=\"elementor-container elementor-column-gap-default\">\n\t\t\t\t\t<div class=\"elementor-column elementor-col-100 elementor-inner-column elementor-element elementor-element-f024741\" data-id=\"f024741\" data-element_type=\"column\" data-e-type=\"column\">\n\t\t\t<div class=\"elementor-widget-wrap elementor-element-populated\">\n\t\t\t\t\t\t<div class=\"elementor-element elementor-element-2c3d10e elementor-widget__width-auto elementor-widget elementor-widget-heading\" data-id=\"2c3d10e\" data-element_type=\"widget\" data-e-type=\"widget\" data-widget_type=\"heading.default\">\n\t\t\t\t<div class=\"elementor-widget-container\">\n\t\t\t\t\t<h1 class=\"elementor-heading-title elementor-size-default\">Brosch\u00fcre<\/h1>\t\t\t\t<\/div>\n\t\t\t\t<\/div>\n\t\t\t\t<div class=\"elementor-element elementor-element-8fa201f elementor-widget elementor-widget-heading\" data-id=\"8fa201f\" data-element_type=\"widget\" data-e-type=\"widget\" data-widget_type=\"heading.default\">\n\t\t\t\t<div class=\"elementor-widget-container\">\n\t\t\t\t\t<h2 class=\"elementor-heading-title elementor-size-default\">Mit Ihrer eigenen Brosch\u00fcre ist es einfach, bei Ihren Kunden f\u00fcr <br> Trust Guard zu werben.<\/h2>\t\t\t\t<\/div>\n\t\t\t\t<\/div>\n\t\t\t\t<div class=\"elementor-element elementor-element-cb7327d elementor-align-left elementor-widget elementor-widget-button\" data-id=\"cb7327d\" data-element_type=\"widget\" data-e-type=\"widget\" data-widget_type=\"button.default\">\n\t\t\t\t<div class=\"elementor-widget-container\">\n\t\t\t\t\t\t\t\t\t<div class=\"elementor-button-wrapper\">\n\t\t\t\t\t<a class=\"elementor-button elementor-button-link elementor-size-sm elementor-animation-grow\" href=\"#brosch\u00fcre\">\n\t\t\t\t\t\t<span class=\"elementor-button-content-wrapper\">\n\t\t\t\t\t\t<span class=\"elementor-button-icon\">\n\t\t\t\t<i aria-hidden=\"true\" class=\"fas fa-chevron-down\"><\/i>\t\t\t<\/span>\n\t\t\t\t\t\t\t\t\t<span class=\"elementor-button-text\">DIE BROSCH\u00dcRE ANSEHEN<\/span>\n\t\t\t\t\t<\/span>\n\t\t\t\t\t<\/a>\n\t\t\t\t<\/div>\n\t\t\t\t\t\t\t\t<\/div>\n\t\t\t\t<\/div>\n\t\t\t\t\t<\/div>\n\t\t<\/div>\n\t\t\t\t\t<\/div>\n\t\t<\/section>\n\t\t\t\t\t<\/div>\n\t\t<\/div>\n\t\t\t\t\t<\/div>\n\t\t<\/section>\n\t\t\t\t<section class=\"elementor-section elementor-top-section elementor-element elementor-element-be42b7f elementor-section-boxed elementor-section-height-default elementor-section-height-default\" data-id=\"be42b7f\" data-element_type=\"section\" data-e-type=\"section\">\n\t\t\t\t\t\t<div class=\"elementor-container elementor-column-gap-default\">\n\t\t\t\t\t<div class=\"elementor-column elementor-col-100 elementor-top-column elementor-element elementor-element-1322ecc\" data-id=\"1322ecc\" data-element_type=\"column\" data-e-type=\"column\">\n\t\t\t<div class=\"elementor-widget-wrap elementor-element-populated\">\n\t\t\t\t\t\t<div class=\"elementor-element elementor-element-5b16296 elementor-widget elementor-widget-spacer\" data-id=\"5b16296\" data-element_type=\"widget\" data-e-type=\"widget\" data-widget_type=\"spacer.default\">\n\t\t\t\t<div class=\"elementor-widget-container\">\n\t\t\t\t\t\t\t<div class=\"elementor-spacer\">\n\t\t\t<div class=\"elementor-spacer-inner\"><\/div>\n\t\t<\/div>\n\t\t\t\t\t\t<\/div>\n\t\t\t\t<\/div>\n\t\t\t\t<div class=\"elementor-element elementor-element-fb04422 elementor-widget elementor-widget-html\" data-id=\"fb04422\" data-element_type=\"widget\" data-e-type=\"widget\" data-widget_type=\"html.default\">\n\t\t\t\t<div class=\"elementor-widget-container\">\n\t\t\t\t\t<div id=\"content\"><\/div>\t\t\t\t<\/div>\n\t\t\t\t<\/div>\n\t\t\t\t<div class=\"elementor-element elementor-element-fb47177 elementor-widget elementor-widget-menu-anchor\" data-id=\"fb47177\" data-element_type=\"widget\" data-e-type=\"widget\" data-widget_type=\"menu-anchor.default\">\n\t\t\t\t<div class=\"elementor-widget-container\">\n\t\t\t\t\t\t\t<div class=\"elementor-menu-anchor\" id=\"broschre\"><\/div>\n\t\t\t\t\t\t<\/div>\n\t\t\t\t<\/div>\n\t\t\t\t\t<\/div>\n\t\t<\/div>\n\t\t\t\t\t<\/div>\n\t\t<\/section>\n\t\t\t\t<section class=\"elementor-section elementor-top-section elementor-element elementor-element-c8b445c elementor-section-boxed elementor-section-height-default elementor-section-height-default\" data-id=\"c8b445c\" data-element_type=\"section\" data-e-type=\"section\">\n\t\t\t\t\t\t<div class=\"elementor-container elementor-column-gap-default\">\n\t\t\t\t\t<div class=\"elementor-column elementor-col-100 elementor-top-column elementor-element elementor-element-82bf82c\" data-id=\"82bf82c\" data-element_type=\"column\" data-e-type=\"column\">\n\t\t\t<div class=\"elementor-widget-wrap elementor-element-populated\">\n\t\t\t\t\t\t<div class=\"elementor-element elementor-element-1b6a3e3 elementor-widget elementor-widget-heading\" data-id=\"1b6a3e3\" data-element_type=\"widget\" data-e-type=\"widget\" data-widget_type=\"heading.default\">\n\t\t\t\t<div class=\"elementor-widget-container\">\n\t\t\t\t\t<h2 class=\"elementor-heading-title elementor-size-default\">Ihre eigene Trust Guard Brosch\u00fcre<\/h2>\t\t\t\t<\/div>\n\t\t\t\t<\/div>\n\t\t\t\t<div class=\"elementor-element elementor-element-5c13ffa elementor-widget elementor-widget-text-editor\" data-id=\"5c13ffa\" data-element_type=\"widget\" data-e-type=\"widget\" data-widget_type=\"text-editor.default\">\n\t\t\t\t<div class=\"elementor-widget-container\">\n\t\t\t\t\t\t\t\t\tWir haben f\u00fcr Sie eine Brosch\u00fcre \u00fcber die Bedeutung der Sicherheit von Websites vorbereitet. Darin wird auch darauf hingewiesen, dass die Ergebnisse des Trust Guard Schwachstellen-Scans in verschiedenen Berichten verf\u00fcgbar sind. Die Berichte werden nach Standards wie PCI DSS, GDPR, ISO27001, OWASP, NIS2, HIPAA und SOx erstellt. N\u00fctzlich, wenn ein Kunde die Sicherheitsanforderungen seiner Branche erf\u00fcllen muss.<br><br>Das Material ist in Niederl\u00e4ndisch und Englisch erh\u00e4ltlich. Wir sorgen daf\u00fcr, dass Ihr Logo, Ihre Adressdaten und (falls gew\u00fcnscht) Ihre Kontaktperson enthalten sind. Auf diese Weise wissen die Kunden sofort, an wen sie sich f\u00fcr weitere Informationen wenden k\u00f6nnen.\t\t\t\t\t\t\t\t<\/div>\n\t\t\t\t<\/div>\n\t\t\t\t\t<\/div>\n\t\t<\/div>\n\t\t\t\t\t<\/div>\n\t\t<\/section>\n\t\t\t\t<section class=\"elementor-section elementor-top-section elementor-element elementor-element-bf7a6a3 elementor-section-boxed elementor-section-height-default elementor-section-height-default\" data-id=\"bf7a6a3\" data-element_type=\"section\" data-e-type=\"section\">\n\t\t\t\t\t\t<div class=\"elementor-container elementor-column-gap-default\">\n\t\t\t\t\t<div class=\"elementor-column elementor-col-100 elementor-top-column elementor-element elementor-element-3a0dba9\" data-id=\"3a0dba9\" data-element_type=\"column\" data-e-type=\"column\">\n\t\t\t<div class=\"elementor-widget-wrap elementor-element-populated\">\n\t\t\t\t\t\t<div class=\"elementor-element elementor-element-a7f26e7 elementor-widget__width-initial elementor-widget elementor-widget-image\" data-id=\"a7f26e7\" data-element_type=\"widget\" data-e-type=\"widget\" data-widget_type=\"image.default\">\n\t\t\t\t<div class=\"elementor-widget-container\">\n\t\t\t\t\t\t\t\t\t\t\t\t\t\t\t<img fetchpriority=\"high\" decoding=\"async\" width=\"900\" height=\"540\" src=\"https:\/\/www.trustguard.eu\/wp-content\/uploads\/2025\/07\/brochure-example-en-3.png\" class=\"attachment-large size-large wp-image-36336\" alt=\"musterbrosch\u00fcre englisch\" srcset=\"https:\/\/www.trustguard.eu\/wp-content\/uploads\/2025\/07\/brochure-example-en-3.png 900w, https:\/\/www.trustguard.eu\/wp-content\/uploads\/2025\/07\/brochure-example-en-3-300x180.png 300w\" sizes=\"(max-width: 900px) 100vw, 900px\" \/>\t\t\t\t\t\t\t\t\t\t\t\t\t\t\t<\/div>\n\t\t\t\t<\/div>\n\t\t\t\t\t<\/div>\n\t\t<\/div>\n\t\t\t\t\t<\/div>\n\t\t<\/section>\n\t\t\t\t<section class=\"elementor-section elementor-top-section elementor-element elementor-element-726eddf elementor-section-boxed elementor-section-height-default elementor-section-height-default\" data-id=\"726eddf\" data-element_type=\"section\" data-e-type=\"section\">\n\t\t\t\t\t\t<div class=\"elementor-container elementor-column-gap-default\">\n\t\t\t\t\t<div class=\"elementor-column elementor-col-100 elementor-top-column elementor-element elementor-element-ddb4756\" data-id=\"ddb4756\" data-element_type=\"column\" data-e-type=\"column\">\n\t\t\t<div class=\"elementor-widget-wrap elementor-element-populated\">\n\t\t\t\t\t\t<div class=\"elementor-element elementor-element-bdc0cda elementor-widget elementor-widget-heading\" data-id=\"bdc0cda\" data-element_type=\"widget\" data-e-type=\"widget\" data-widget_type=\"heading.default\">\n\t\t\t\t<div class=\"elementor-widget-container\">\n\t\t\t\t\t<h2 class=\"elementor-heading-title elementor-size-default\">Mehr Werbematerial<\/h2>\t\t\t\t<\/div>\n\t\t\t\t<\/div>\n\t\t\t\t\t<\/div>\n\t\t<\/div>\n\t\t\t\t\t<\/div>\n\t\t<\/section>\n\t\t\t\t<section class=\"elementor-section elementor-top-section elementor-element elementor-element-7dc67a5 elementor-section-boxed elementor-section-height-default elementor-section-height-default\" data-id=\"7dc67a5\" data-element_type=\"section\" data-e-type=\"section\">\n\t\t\t\t\t\t<div class=\"elementor-container elementor-column-gap-default\">\n\t\t\t\t\t<div class=\"elementor-column elementor-col-100 elementor-top-column elementor-element elementor-element-49e3c1b\" data-id=\"49e3c1b\" data-element_type=\"column\" data-e-type=\"column\">\n\t\t\t<div class=\"elementor-widget-wrap elementor-element-populated\">\n\t\t\t\t\t\t<div class=\"elementor-element elementor-element-9f3c0e1 elementor-widget elementor-widget-text-editor\" data-id=\"9f3c0e1\" data-element_type=\"widget\" data-e-type=\"widget\" data-widget_type=\"text-editor.default\">\n\t\t\t\t<div class=\"elementor-widget-container\">\n\t\t\t\t\t\t\t\t\t<p>Zus\u00e4tzlich zum Faltblatt helfen wir Ihnen gerne, Trust Guard bekannter zu machen. Wir haben auch <a href=\"https:\/\/www.trustguard.eu\/de\/beziehungen\/partneruebersicht\/logos\/\">Logos<\/a>, <a href=\"https:\/\/www.trustguard.eu\/de\/beziehungen\/partneruebersicht\/banner\/\">Banner<\/a> und <a href=\"https:\/\/www.trustguard.eu\/de\/beziehungen\/partneruebersicht\/texte\/\">Texte<\/a> f\u00fcr diesen Zweck zur Verf\u00fcgung.<\/p>\n\t\t\t\t\t\t\t\t<\/div>\n\t\t\t\t<\/div>\n\t\t\t\t\t<\/div>\n\t\t<\/div>\n\t\t\t\t\t<\/div>\n\t\t<\/section>\n\t\t\t\t<\/div>\n\t\t","protected":false},"excerpt":{"rendered":"<p>Brosch\u00fcre Mit Ihrer eigenen Brosch\u00fcre ist es einfach, bei Ihren Kunden f\u00fcr Trust Guard zu werben. DIE BROSCH\u00dcRE ANSEHEN Ihre eigene Trust Guard Brosch\u00fcre Wir haben f\u00fcr Sie eine Brosch\u00fcre \u00fcber die Bedeutung der Sicherheit von Websites vorbereitet. Darin wird auch darauf hingewiesen, dass die Ergebnisse des Trust Guard Schwachstellen-Scans in verschiedenen Berichten verf\u00fcgbar sind. <a href=\"https:\/\/www.trustguard.eu\/de\/beziehungen\/partner\/broschuere\/\" class=\"more-link\">&#8230;<\/a><\/p>\n","protected":false},"author":2,"featured_media":0,"parent":33565,"menu_order":50,"comment_status":"closed","ping_status":"closed","template":"elementor_header_footer","meta":{"_acf_changed":false,"inline_featured_image":false,"footnotes":""},"class_list":["post-33676","page","type-page","status-publish","hentry"],"acf":[],"yoast_head":"<!-- This site is optimized with the Yoast SEO plugin v27.3 - https:\/\/yoast.com\/product\/yoast-seo-wordpress\/ -->\n<title>Brosch\u00fcre - Trust Guard<\/title>\n<meta name=\"description\" content=\"Eine eigene Brosch\u00fcre macht es einfacher, aktiv f\u00fcr Trust Guard zu werben. Wir helfen Ihnen gerne dabei, Ihr Logo und Ihre Adressdaten hinzuzuf\u00fcgen.\" \/>\n<meta name=\"robots\" content=\"index, follow, max-snippet:-1, max-image-preview:large, max-video-preview:-1\" \/>\n<link rel=\"canonical\" href=\"https:\/\/www.trustguard.eu\/de\/beziehungen\/partner\/broschuere\/\" \/>\n<meta property=\"og:locale\" content=\"de_DE\" \/>\n<meta property=\"og:type\" content=\"article\" \/>\n<meta property=\"og:title\" content=\"Brosch\u00fcre - Trust Guard\" \/>\n<meta property=\"og:description\" content=\"Eine eigene Brosch\u00fcre macht es einfacher, aktiv f\u00fcr Trust Guard zu werben. Wir helfen Ihnen gerne dabei, Ihr Logo und Ihre Adressdaten hinzuzuf\u00fcgen.\" \/>\n<meta property=\"og:url\" content=\"https:\/\/www.trustguard.eu\/de\/beziehungen\/partner\/broschuere\/\" \/>\n<meta property=\"og:site_name\" content=\"Trust Guard\" \/>\n<meta property=\"article:modified_time\" content=\"2025-07-01T09:32:55+00:00\" \/>\n<meta property=\"og:image\" content=\"https:\/\/www.trustguard.eu\/wp-content\/uploads\/2024\/12\/folder-voorbeeld-nl.png\" \/>\n\t<meta property=\"og:image:width\" content=\"900\" \/>\n\t<meta property=\"og:image:height\" content=\"540\" \/>\n\t<meta property=\"og:image:type\" content=\"image\/png\" \/>\n<meta name=\"twitter:card\" content=\"summary_large_image\" \/>\n<meta name=\"twitter:label1\" content=\"Gesch\u00e4tzte Lesezeit\" \/>\n\t<meta name=\"twitter:data1\" content=\"1\u00a0Minute\" \/>\n<script type=\"application\/ld+json\" class=\"yoast-schema-graph\">{\"@context\":\"https:\\\/\\\/schema.org\",\"@graph\":[{\"@type\":\"WebPage\",\"@id\":\"https:\\\/\\\/www.trustguard.eu\\\/de\\\/beziehungen\\\/partner\\\/broschuere\\\/\",\"url\":\"https:\\\/\\\/www.trustguard.eu\\\/de\\\/beziehungen\\\/partner\\\/broschuere\\\/\",\"name\":\"Brosch\u00fcre - Trust Guard\",\"isPartOf\":{\"@id\":\"https:\\\/\\\/www.trustguard.eu\\\/de\\\/#website\"},\"primaryImageOfPage\":{\"@id\":\"https:\\\/\\\/www.trustguard.eu\\\/de\\\/beziehungen\\\/partner\\\/broschuere\\\/#primaryimage\"},\"image\":{\"@id\":\"https:\\\/\\\/www.trustguard.eu\\\/de\\\/beziehungen\\\/partner\\\/broschuere\\\/#primaryimage\"},\"thumbnailUrl\":\"https:\\\/\\\/www.trustguard.eu\\\/wp-content\\\/uploads\\\/2024\\\/12\\\/folder-voorbeeld-nl.png\",\"datePublished\":\"2025-01-14T10:22:12+00:00\",\"dateModified\":\"2025-07-01T09:32:55+00:00\",\"description\":\"Eine eigene Brosch\u00fcre macht es einfacher, aktiv f\u00fcr Trust Guard zu werben. Wir helfen Ihnen gerne dabei, Ihr Logo und Ihre Adressdaten hinzuzuf\u00fcgen.\",\"breadcrumb\":{\"@id\":\"https:\\\/\\\/www.trustguard.eu\\\/de\\\/beziehungen\\\/partner\\\/broschuere\\\/#breadcrumb\"},\"inLanguage\":\"de\",\"potentialAction\":[{\"@type\":\"ReadAction\",\"target\":[\"https:\\\/\\\/www.trustguard.eu\\\/de\\\/beziehungen\\\/partner\\\/broschuere\\\/\"]}]},{\"@type\":\"ImageObject\",\"inLanguage\":\"de\",\"@id\":\"https:\\\/\\\/www.trustguard.eu\\\/de\\\/beziehungen\\\/partner\\\/broschuere\\\/#primaryimage\",\"url\":\"https:\\\/\\\/www.trustguard.eu\\\/wp-content\\\/uploads\\\/2024\\\/12\\\/folder-voorbeeld-nl.png\",\"contentUrl\":\"https:\\\/\\\/www.trustguard.eu\\\/wp-content\\\/uploads\\\/2024\\\/12\\\/folder-voorbeeld-nl.png\"},{\"@type\":\"BreadcrumbList\",\"@id\":\"https:\\\/\\\/www.trustguard.eu\\\/de\\\/beziehungen\\\/partner\\\/broschuere\\\/#breadcrumb\",\"itemListElement\":[{\"@type\":\"ListItem\",\"position\":1,\"name\":\"Home\",\"item\":\"https:\\\/\\\/www.trustguard.eu\\\/de\\\/\"},{\"@type\":\"ListItem\",\"position\":2,\"name\":\"Beziehungen\",\"item\":\"https:\\\/\\\/www.trustguard.eu\\\/de\\\/relaties\\\/\"},{\"@type\":\"ListItem\",\"position\":3,\"name\":\"Partner\",\"item\":\"https:\\\/\\\/www.trustguard.eu\\\/de\\\/beziehungen\\\/partner\\\/\"},{\"@type\":\"ListItem\",\"position\":4,\"name\":\"Brosch\u00fcre\"}]},{\"@type\":\"WebSite\",\"@id\":\"https:\\\/\\\/www.trustguard.eu\\\/de\\\/#website\",\"url\":\"https:\\\/\\\/www.trustguard.eu\\\/de\\\/\",\"name\":\"Trust Guard\",\"description\":\"Websitebeveiliging\",\"publisher\":{\"@id\":\"https:\\\/\\\/www.trustguard.eu\\\/de\\\/#organization\"},\"potentialAction\":[{\"@type\":\"SearchAction\",\"target\":{\"@type\":\"EntryPoint\",\"urlTemplate\":\"https:\\\/\\\/www.trustguard.eu\\\/de\\\/?s={search_term_string}\"},\"query-input\":{\"@type\":\"PropertyValueSpecification\",\"valueRequired\":true,\"valueName\":\"search_term_string\"}}],\"inLanguage\":\"de\"},{\"@type\":\"Organization\",\"@id\":\"https:\\\/\\\/www.trustguard.eu\\\/de\\\/#organization\",\"name\":\"Trust Guard\",\"url\":\"https:\\\/\\\/www.trustguard.eu\\\/de\\\/\",\"logo\":{\"@type\":\"ImageObject\",\"inLanguage\":\"de\",\"@id\":\"https:\\\/\\\/www.trustguard.eu\\\/de\\\/#\\\/schema\\\/logo\\\/image\\\/\",\"url\":\"https:\\\/\\\/www.trustguard.eu\\\/wp-content\\\/uploads\\\/2024\\\/12\\\/TG_logo_1-line.png\",\"contentUrl\":\"https:\\\/\\\/www.trustguard.eu\\\/wp-content\\\/uploads\\\/2024\\\/12\\\/TG_logo_1-line.png\",\"width\":792,\"height\":613,\"caption\":\"Trust Guard\"},\"image\":{\"@id\":\"https:\\\/\\\/www.trustguard.eu\\\/de\\\/#\\\/schema\\\/logo\\\/image\\\/\"},\"sameAs\":[\"https:\\\/\\\/nl.linkedin.com\\\/company\\\/paybylink-com\"]}]}<\/script>\n<!-- \/ Yoast SEO plugin. -->","yoast_head_json":{"title":"Brosch\u00fcre - Trust Guard","description":"Eine eigene Brosch\u00fcre macht es einfacher, aktiv f\u00fcr Trust Guard zu werben. Wir helfen Ihnen gerne dabei, Ihr Logo und Ihre Adressdaten hinzuzuf\u00fcgen.","robots":{"index":"index","follow":"follow","max-snippet":"max-snippet:-1","max-image-preview":"max-image-preview:large","max-video-preview":"max-video-preview:-1"},"canonical":"https:\/\/www.trustguard.eu\/de\/beziehungen\/partner\/broschuere\/","og_locale":"de_DE","og_type":"article","og_title":"Brosch\u00fcre - Trust Guard","og_description":"Eine eigene Brosch\u00fcre macht es einfacher, aktiv f\u00fcr Trust Guard zu werben. Wir helfen Ihnen gerne dabei, Ihr Logo und Ihre Adressdaten hinzuzuf\u00fcgen.","og_url":"https:\/\/www.trustguard.eu\/de\/beziehungen\/partner\/broschuere\/","og_site_name":"Trust Guard","article_modified_time":"2025-07-01T09:32:55+00:00","og_image":[{"width":900,"height":540,"url":"https:\/\/www.trustguard.eu\/wp-content\/uploads\/2024\/12\/folder-voorbeeld-nl.png","type":"image\/png"}],"twitter_card":"summary_large_image","twitter_misc":{"Gesch\u00e4tzte Lesezeit":"1\u00a0Minute"},"schema":{"@context":"https:\/\/schema.org","@graph":[{"@type":"WebPage","@id":"https:\/\/www.trustguard.eu\/de\/beziehungen\/partner\/broschuere\/","url":"https:\/\/www.trustguard.eu\/de\/beziehungen\/partner\/broschuere\/","name":"Brosch\u00fcre - Trust Guard","isPartOf":{"@id":"https:\/\/www.trustguard.eu\/de\/#website"},"primaryImageOfPage":{"@id":"https:\/\/www.trustguard.eu\/de\/beziehungen\/partner\/broschuere\/#primaryimage"},"image":{"@id":"https:\/\/www.trustguard.eu\/de\/beziehungen\/partner\/broschuere\/#primaryimage"},"thumbnailUrl":"https:\/\/www.trustguard.eu\/wp-content\/uploads\/2024\/12\/folder-voorbeeld-nl.png","datePublished":"2025-01-14T10:22:12+00:00","dateModified":"2025-07-01T09:32:55+00:00","description":"Eine eigene Brosch\u00fcre macht es einfacher, aktiv f\u00fcr Trust Guard zu werben. Wir helfen Ihnen gerne dabei, Ihr Logo und Ihre Adressdaten hinzuzuf\u00fcgen.","breadcrumb":{"@id":"https:\/\/www.trustguard.eu\/de\/beziehungen\/partner\/broschuere\/#breadcrumb"},"inLanguage":"de","potentialAction":[{"@type":"ReadAction","target":["https:\/\/www.trustguard.eu\/de\/beziehungen\/partner\/broschuere\/"]}]},{"@type":"ImageObject","inLanguage":"de","@id":"https:\/\/www.trustguard.eu\/de\/beziehungen\/partner\/broschuere\/#primaryimage","url":"https:\/\/www.trustguard.eu\/wp-content\/uploads\/2024\/12\/folder-voorbeeld-nl.png","contentUrl":"https:\/\/www.trustguard.eu\/wp-content\/uploads\/2024\/12\/folder-voorbeeld-nl.png"},{"@type":"BreadcrumbList","@id":"https:\/\/www.trustguard.eu\/de\/beziehungen\/partner\/broschuere\/#breadcrumb","itemListElement":[{"@type":"ListItem","position":1,"name":"Home","item":"https:\/\/www.trustguard.eu\/de\/"},{"@type":"ListItem","position":2,"name":"Beziehungen","item":"https:\/\/www.trustguard.eu\/de\/relaties\/"},{"@type":"ListItem","position":3,"name":"Partner","item":"https:\/\/www.trustguard.eu\/de\/beziehungen\/partner\/"},{"@type":"ListItem","position":4,"name":"Brosch\u00fcre"}]},{"@type":"WebSite","@id":"https:\/\/www.trustguard.eu\/de\/#website","url":"https:\/\/www.trustguard.eu\/de\/","name":"Trust Guard","description":"Websitebeveiliging","publisher":{"@id":"https:\/\/www.trustguard.eu\/de\/#organization"},"potentialAction":[{"@type":"SearchAction","target":{"@type":"EntryPoint","urlTemplate":"https:\/\/www.trustguard.eu\/de\/?s={search_term_string}"},"query-input":{"@type":"PropertyValueSpecification","valueRequired":true,"valueName":"search_term_string"}}],"inLanguage":"de"},{"@type":"Organization","@id":"https:\/\/www.trustguard.eu\/de\/#organization","name":"Trust Guard","url":"https:\/\/www.trustguard.eu\/de\/","logo":{"@type":"ImageObject","inLanguage":"de","@id":"https:\/\/www.trustguard.eu\/de\/#\/schema\/logo\/image\/","url":"https:\/\/www.trustguard.eu\/wp-content\/uploads\/2024\/12\/TG_logo_1-line.png","contentUrl":"https:\/\/www.trustguard.eu\/wp-content\/uploads\/2024\/12\/TG_logo_1-line.png","width":792,"height":613,"caption":"Trust Guard"},"image":{"@id":"https:\/\/www.trustguard.eu\/de\/#\/schema\/logo\/image\/"},"sameAs":["https:\/\/nl.linkedin.com\/company\/paybylink-com"]}]}},"_links":{"self":[{"href":"https:\/\/www.trustguard.eu\/de\/wp-json\/wp\/v2\/pages\/33676","targetHints":{"allow":["GET"]}}],"collection":[{"href":"https:\/\/www.trustguard.eu\/de\/wp-json\/wp\/v2\/pages"}],"about":[{"href":"https:\/\/www.trustguard.eu\/de\/wp-json\/wp\/v2\/types\/page"}],"author":[{"embeddable":true,"href":"https:\/\/www.trustguard.eu\/de\/wp-json\/wp\/v2\/users\/2"}],"replies":[{"embeddable":true,"href":"https:\/\/www.trustguard.eu\/de\/wp-json\/wp\/v2\/comments?post=33676"}],"version-history":[{"count":0,"href":"https:\/\/www.trustguard.eu\/de\/wp-json\/wp\/v2\/pages\/33676\/revisions"}],"up":[{"embeddable":true,"href":"https:\/\/www.trustguard.eu\/de\/wp-json\/wp\/v2\/pages\/33565"}],"wp:attachment":[{"href":"https:\/\/www.trustguard.eu\/de\/wp-json\/wp\/v2\/media?parent=33676"}],"curies":[{"name":"wp","href":"https:\/\/api.w.org\/{rel}","templated":true}]}}