{"id":26884,"date":"2023-10-05T13:05:46","date_gmt":"2023-10-05T13:05:46","guid":{"rendered":"https:\/\/www.trustguard.eu\/droits-dauteur\/"},"modified":"2024-01-15T09:50:42","modified_gmt":"2024-01-15T09:50:42","slug":"droits-dauteur","status":"publish","type":"page","link":"https:\/\/www.trustguard.eu\/fr\/droits-dauteur\/","title":{"rendered":"Droits d&rsquo;auteur"},"content":{"rendered":"\t\t<div data-elementor-type=\"wp-page\" data-elementor-id=\"26884\" class=\"elementor elementor-26884 elementor-1480\" data-elementor-post-type=\"page\">\n\t\t\t\t\t\t<section class=\"elementor-section elementor-top-section elementor-element elementor-element-33ff185 elementor-section-height-min-height elementor-section-boxed elementor-section-height-default elementor-section-items-middle\" data-id=\"33ff185\" data-element_type=\"section\" data-e-type=\"section\" data-settings=\"{&quot;background_background&quot;:&quot;classic&quot;,&quot;shape_divider_bottom&quot;:&quot;opacity-tilt&quot;}\">\n\t\t\t\t\t\t\t<div class=\"elementor-background-overlay\"><\/div>\n\t\t\t\t\t\t<div class=\"elementor-shape elementor-shape-bottom\" aria-hidden=\"true\" data-negative=\"false\">\n\t\t\t<svg xmlns=\"http:\/\/www.w3.org\/2000\/svg\" viewBox=\"0 0 2600 131.1\" preserveAspectRatio=\"none\">\n\t<path class=\"elementor-shape-fill\" d=\"M0 0L2600 0 2600 69.1 0 0z\"\/>\n\t<path class=\"elementor-shape-fill\" style=\"opacity:0.5\" d=\"M0 0L2600 0 2600 69.1 0 69.1z\"\/>\n\t<path class=\"elementor-shape-fill\" style=\"opacity:0.25\" d=\"M2600 0L0 0 0 130.1 2600 69.1z\"\/>\n<\/svg>\t\t<\/div>\n\t\t\t\t\t<div class=\"elementor-container elementor-column-gap-default\">\n\t\t\t\t\t<div class=\"elementor-column elementor-col-100 elementor-top-column elementor-element elementor-element-9915fb0\" data-id=\"9915fb0\" data-element_type=\"column\" data-e-type=\"column\">\n\t\t\t<div class=\"elementor-widget-wrap elementor-element-populated\">\n\t\t\t\t\t\t<div class=\"elementor-element elementor-element-2f24130 elementor-widget elementor-widget-heading\" data-id=\"2f24130\" data-element_type=\"widget\" data-e-type=\"widget\" data-widget_type=\"heading.default\">\n\t\t\t\t<div class=\"elementor-widget-container\">\n\t\t\t\t\t<h1 class=\"elementor-heading-title elementor-size-default\">Droits d'auteur<\/h1>\t\t\t\t<\/div>\n\t\t\t\t<\/div>\n\t\t\t\t\t<\/div>\n\t\t<\/div>\n\t\t\t\t\t<\/div>\n\t\t<\/section>\n\t\t\t\t<section class=\"elementor-section elementor-top-section elementor-element elementor-element-87dcc1f elementor-section-boxed elementor-section-height-default elementor-section-height-default\" data-id=\"87dcc1f\" data-element_type=\"section\" data-e-type=\"section\">\n\t\t\t\t\t\t<div class=\"elementor-container elementor-column-gap-default\">\n\t\t\t\t\t<div class=\"elementor-column elementor-col-100 elementor-top-column elementor-element elementor-element-0f07d4a\" data-id=\"0f07d4a\" data-element_type=\"column\" data-e-type=\"column\">\n\t\t\t<div class=\"elementor-widget-wrap elementor-element-populated\">\n\t\t\t\t\t\t<div class=\"elementor-element elementor-element-1d798e9 elementor-widget elementor-widget-spacer\" data-id=\"1d798e9\" data-element_type=\"widget\" data-e-type=\"widget\" data-widget_type=\"spacer.default\">\n\t\t\t\t<div class=\"elementor-widget-container\">\n\t\t\t\t\t\t\t<div class=\"elementor-spacer\">\n\t\t\t<div class=\"elementor-spacer-inner\"><\/div>\n\t\t<\/div>\n\t\t\t\t\t\t<\/div>\n\t\t\t\t<\/div>\n\t\t\t\t<div class=\"elementor-element elementor-element-5f08655 elementor-widget elementor-widget-html\" data-id=\"5f08655\" data-element_type=\"widget\" data-e-type=\"widget\" data-widget_type=\"html.default\">\n\t\t\t\t<div class=\"elementor-widget-container\">\n\t\t\t\t\t<div id=\"content\"><\/div>\t\t\t\t<\/div>\n\t\t\t\t<\/div>\n\t\t\t\t\t<\/div>\n\t\t<\/div>\n\t\t\t\t\t<\/div>\n\t\t<\/section>\n\t\t\t\t<section class=\"elementor-section elementor-top-section elementor-element elementor-element-310983f elementor-section-boxed elementor-section-height-default elementor-section-height-default\" data-id=\"310983f\" data-element_type=\"section\" data-e-type=\"section\">\n\t\t\t\t\t\t<div class=\"elementor-container elementor-column-gap-default\">\n\t\t\t\t\t<div class=\"elementor-column elementor-col-100 elementor-top-column elementor-element elementor-element-41068ae\" data-id=\"41068ae\" data-element_type=\"column\" data-e-type=\"column\" data-settings=\"{&quot;background_background&quot;:&quot;slideshow&quot;,&quot;background_slideshow_gallery&quot;:[],&quot;background_slideshow_loop&quot;:&quot;yes&quot;,&quot;background_slideshow_slide_duration&quot;:5000,&quot;background_slideshow_slide_transition&quot;:&quot;fade&quot;,&quot;background_slideshow_transition_duration&quot;:500}\">\n\t\t\t<div class=\"elementor-widget-wrap elementor-element-populated\">\n\t\t\t\t\t\t<div class=\"elementor-element elementor-element-137e89c elementor-widget elementor-widget-heading\" data-id=\"137e89c\" data-element_type=\"widget\" data-e-type=\"widget\" data-widget_type=\"heading.default\">\n\t\t\t\t<div class=\"elementor-widget-container\">\n\t\t\t\t\t<h2 class=\"elementor-heading-title elementor-size-default\">Droits d'auteur<\/h2>\t\t\t\t<\/div>\n\t\t\t\t<\/div>\n\t\t\t\t<div class=\"elementor-element elementor-element-7974a8a elementor-widget__width-initial elementor-widget elementor-widget-text-editor\" data-id=\"7974a8a\" data-element_type=\"widget\" data-e-type=\"widget\" data-widget_type=\"text-editor.default\">\n\t\t\t\t<div class=\"elementor-widget-container\">\n\t\t\t\t\t\t\t\t\t<p><strong>Copyright \u00a9 Business to You B.V. 2024. Tous droits r\u00e9serv\u00e9s. <\/strong><\/p>\n<p>Il est strictement interdit de stocker, copier, redistribuer, publier ou modifier tout mat\u00e9riel provenant des sites Web Business to You (B2U) ou des sites Web multim\u00e9dias li\u00e9s \u00e0 Business to You (B2U) sans l&rsquo;autorisation pr\u00e9alable de Business to You. Il n&rsquo;existe aucune libert\u00e9 de reproduire le contenu de ce site Web. Tous les droits d&rsquo;auteur sont r\u00e9serv\u00e9s, comme indiqu\u00e9 \u00e0 l&rsquo;article 15 de la Loi sur le droit d&rsquo;auteur.<\/p>\n\t\t\t\t\t\t\t\t<\/div>\n\t\t\t\t<\/div>\n\t\t\t\t\t<\/div>\n\t\t<\/div>\n\t\t\t\t\t<\/div>\n\t\t<\/section>\n\t\t\t\t<section class=\"elementor-section elementor-top-section elementor-element elementor-element-489fc51 elementor-section-boxed elementor-section-height-default elementor-section-height-default\" data-id=\"489fc51\" data-element_type=\"section\" data-e-type=\"section\">\n\t\t\t\t\t\t<div class=\"elementor-container elementor-column-gap-default\">\n\t\t\t\t\t<div class=\"elementor-column elementor-col-100 elementor-top-column elementor-element elementor-element-0b0cc36\" data-id=\"0b0cc36\" data-element_type=\"column\" data-e-type=\"column\">\n\t\t\t<div class=\"elementor-widget-wrap elementor-element-populated\">\n\t\t\t\t\t\t<div class=\"elementor-element elementor-element-0333794 elementor-widget elementor-widget-spacer\" data-id=\"0333794\" data-element_type=\"widget\" data-e-type=\"widget\" data-widget_type=\"spacer.default\">\n\t\t\t\t<div class=\"elementor-widget-container\">\n\t\t\t\t\t\t\t<div class=\"elementor-spacer\">\n\t\t\t<div class=\"elementor-spacer-inner\"><\/div>\n\t\t<\/div>\n\t\t\t\t\t\t<\/div>\n\t\t\t\t<\/div>\n\t\t\t\t\t<\/div>\n\t\t<\/div>\n\t\t\t\t\t<\/div>\n\t\t<\/section>\n\t\t\t\t<\/div>\n\t\t","protected":false},"excerpt":{"rendered":"<p>Droits d&rsquo;auteur Droits d&rsquo;auteur Copyright \u00a9 Business to You B.V. 2024. Tous droits r\u00e9serv\u00e9s. Il est strictement interdit de stocker, copier, redistribuer, publier ou modifier tout mat\u00e9riel provenant des sites Web Business to You (B2U) ou des sites Web multim\u00e9dias li\u00e9s \u00e0 Business to You (B2U) sans l&rsquo;autorisation pr\u00e9alable de Business to You. Il n&rsquo;existe <a href=\"https:\/\/www.trustguard.eu\/fr\/droits-dauteur\/\" class=\"more-link\">&#8230;<\/a><\/p>\n","protected":false},"author":2,"featured_media":0,"parent":0,"menu_order":804,"comment_status":"closed","ping_status":"closed","template":"elementor_header_footer","meta":{"_acf_changed":false,"inline_featured_image":false,"footnotes":""},"class_list":["post-26884","page","type-page","status-publish","hentry"],"acf":[],"yoast_head":"<!-- This site is optimized with the Yoast SEO plugin v27.3 - https:\/\/yoast.com\/product\/yoast-seo-wordpress\/ -->\n<title>Droits d&#039;auteur - Trust Guard<\/title>\n<meta name=\"description\" content=\"Le droit d&#039;auteur s&#039;applique \u00e0 ce site Web. Tous les droits d&#039;auteur sont r\u00e9serv\u00e9s, en vertu de l&#039;article 15 de la Loi sur le droit d&#039;auteur.\" \/>\n<meta name=\"robots\" content=\"index, follow, max-snippet:-1, max-image-preview:large, max-video-preview:-1\" \/>\n<link rel=\"canonical\" href=\"https:\/\/www.trustguard.eu\/fr\/droits-dauteur\/\" \/>\n<meta property=\"og:locale\" content=\"fr_FR\" \/>\n<meta property=\"og:type\" content=\"article\" \/>\n<meta property=\"og:title\" content=\"Droits d&#039;auteur - Trust Guard\" \/>\n<meta property=\"og:description\" content=\"Le droit d&#039;auteur s&#039;applique \u00e0 ce site Web. Tous les droits d&#039;auteur sont r\u00e9serv\u00e9s, en vertu de l&#039;article 15 de la Loi sur le droit d&#039;auteur.\" \/>\n<meta property=\"og:url\" content=\"https:\/\/www.trustguard.eu\/fr\/droits-dauteur\/\" \/>\n<meta property=\"og:site_name\" content=\"Trust Guard\" \/>\n<meta property=\"article:modified_time\" content=\"2024-01-15T09:50:42+00:00\" \/>\n<meta name=\"twitter:card\" content=\"summary_large_image\" \/>\n<script type=\"application\/ld+json\" class=\"yoast-schema-graph\">{\"@context\":\"https:\\\/\\\/schema.org\",\"@graph\":[{\"@type\":\"WebPage\",\"@id\":\"https:\\\/\\\/www.trustguard.eu\\\/fr\\\/droits-dauteur\\\/\",\"url\":\"https:\\\/\\\/www.trustguard.eu\\\/fr\\\/droits-dauteur\\\/\",\"name\":\"Droits d'auteur - Trust Guard\",\"isPartOf\":{\"@id\":\"https:\\\/\\\/www.trustguard.eu\\\/fr\\\/#website\"},\"datePublished\":\"2023-10-05T13:05:46+00:00\",\"dateModified\":\"2024-01-15T09:50:42+00:00\",\"description\":\"Le droit d'auteur s'applique \u00e0 ce site Web. Tous les droits d'auteur sont r\u00e9serv\u00e9s, en vertu de l'article 15 de la Loi sur le droit d'auteur.\",\"breadcrumb\":{\"@id\":\"https:\\\/\\\/www.trustguard.eu\\\/fr\\\/droits-dauteur\\\/#breadcrumb\"},\"inLanguage\":\"fr-FR\",\"potentialAction\":[{\"@type\":\"ReadAction\",\"target\":[\"https:\\\/\\\/www.trustguard.eu\\\/fr\\\/droits-dauteur\\\/\"]}]},{\"@type\":\"BreadcrumbList\",\"@id\":\"https:\\\/\\\/www.trustguard.eu\\\/fr\\\/droits-dauteur\\\/#breadcrumb\",\"itemListElement\":[{\"@type\":\"ListItem\",\"position\":1,\"name\":\"Home\",\"item\":\"https:\\\/\\\/www.trustguard.eu\\\/fr\\\/\"},{\"@type\":\"ListItem\",\"position\":2,\"name\":\"Droits d&#8217;auteur\"}]},{\"@type\":\"WebSite\",\"@id\":\"https:\\\/\\\/www.trustguard.eu\\\/fr\\\/#website\",\"url\":\"https:\\\/\\\/www.trustguard.eu\\\/fr\\\/\",\"name\":\"Trust Guard\",\"description\":\"Websitebeveiliging\",\"publisher\":{\"@id\":\"https:\\\/\\\/www.trustguard.eu\\\/fr\\\/#organization\"},\"potentialAction\":[{\"@type\":\"SearchAction\",\"target\":{\"@type\":\"EntryPoint\",\"urlTemplate\":\"https:\\\/\\\/www.trustguard.eu\\\/fr\\\/?s={search_term_string}\"},\"query-input\":{\"@type\":\"PropertyValueSpecification\",\"valueRequired\":true,\"valueName\":\"search_term_string\"}}],\"inLanguage\":\"fr-FR\"},{\"@type\":\"Organization\",\"@id\":\"https:\\\/\\\/www.trustguard.eu\\\/fr\\\/#organization\",\"name\":\"Trust Guard\",\"url\":\"https:\\\/\\\/www.trustguard.eu\\\/fr\\\/\",\"logo\":{\"@type\":\"ImageObject\",\"inLanguage\":\"fr-FR\",\"@id\":\"https:\\\/\\\/www.trustguard.eu\\\/fr\\\/#\\\/schema\\\/logo\\\/image\\\/\",\"url\":\"https:\\\/\\\/www.trustguard.eu\\\/wp-content\\\/uploads\\\/2024\\\/12\\\/TG_logo_1-line.png\",\"contentUrl\":\"https:\\\/\\\/www.trustguard.eu\\\/wp-content\\\/uploads\\\/2024\\\/12\\\/TG_logo_1-line.png\",\"width\":792,\"height\":613,\"caption\":\"Trust Guard\"},\"image\":{\"@id\":\"https:\\\/\\\/www.trustguard.eu\\\/fr\\\/#\\\/schema\\\/logo\\\/image\\\/\"},\"sameAs\":[\"https:\\\/\\\/nl.linkedin.com\\\/company\\\/paybylink-com\"]}]}<\/script>\n<!-- \/ Yoast SEO plugin. -->","yoast_head_json":{"title":"Droits d'auteur - Trust Guard","description":"Le droit d'auteur s'applique \u00e0 ce site Web. Tous les droits d'auteur sont r\u00e9serv\u00e9s, en vertu de l'article 15 de la Loi sur le droit d'auteur.","robots":{"index":"index","follow":"follow","max-snippet":"max-snippet:-1","max-image-preview":"max-image-preview:large","max-video-preview":"max-video-preview:-1"},"canonical":"https:\/\/www.trustguard.eu\/fr\/droits-dauteur\/","og_locale":"fr_FR","og_type":"article","og_title":"Droits d'auteur - Trust Guard","og_description":"Le droit d'auteur s'applique \u00e0 ce site Web. Tous les droits d'auteur sont r\u00e9serv\u00e9s, en vertu de l'article 15 de la Loi sur le droit d'auteur.","og_url":"https:\/\/www.trustguard.eu\/fr\/droits-dauteur\/","og_site_name":"Trust Guard","article_modified_time":"2024-01-15T09:50:42+00:00","twitter_card":"summary_large_image","schema":{"@context":"https:\/\/schema.org","@graph":[{"@type":"WebPage","@id":"https:\/\/www.trustguard.eu\/fr\/droits-dauteur\/","url":"https:\/\/www.trustguard.eu\/fr\/droits-dauteur\/","name":"Droits d'auteur - Trust Guard","isPartOf":{"@id":"https:\/\/www.trustguard.eu\/fr\/#website"},"datePublished":"2023-10-05T13:05:46+00:00","dateModified":"2024-01-15T09:50:42+00:00","description":"Le droit d'auteur s'applique \u00e0 ce site Web. Tous les droits d'auteur sont r\u00e9serv\u00e9s, en vertu de l'article 15 de la Loi sur le droit d'auteur.","breadcrumb":{"@id":"https:\/\/www.trustguard.eu\/fr\/droits-dauteur\/#breadcrumb"},"inLanguage":"fr-FR","potentialAction":[{"@type":"ReadAction","target":["https:\/\/www.trustguard.eu\/fr\/droits-dauteur\/"]}]},{"@type":"BreadcrumbList","@id":"https:\/\/www.trustguard.eu\/fr\/droits-dauteur\/#breadcrumb","itemListElement":[{"@type":"ListItem","position":1,"name":"Home","item":"https:\/\/www.trustguard.eu\/fr\/"},{"@type":"ListItem","position":2,"name":"Droits d&#8217;auteur"}]},{"@type":"WebSite","@id":"https:\/\/www.trustguard.eu\/fr\/#website","url":"https:\/\/www.trustguard.eu\/fr\/","name":"Trust Guard","description":"Websitebeveiliging","publisher":{"@id":"https:\/\/www.trustguard.eu\/fr\/#organization"},"potentialAction":[{"@type":"SearchAction","target":{"@type":"EntryPoint","urlTemplate":"https:\/\/www.trustguard.eu\/fr\/?s={search_term_string}"},"query-input":{"@type":"PropertyValueSpecification","valueRequired":true,"valueName":"search_term_string"}}],"inLanguage":"fr-FR"},{"@type":"Organization","@id":"https:\/\/www.trustguard.eu\/fr\/#organization","name":"Trust Guard","url":"https:\/\/www.trustguard.eu\/fr\/","logo":{"@type":"ImageObject","inLanguage":"fr-FR","@id":"https:\/\/www.trustguard.eu\/fr\/#\/schema\/logo\/image\/","url":"https:\/\/www.trustguard.eu\/wp-content\/uploads\/2024\/12\/TG_logo_1-line.png","contentUrl":"https:\/\/www.trustguard.eu\/wp-content\/uploads\/2024\/12\/TG_logo_1-line.png","width":792,"height":613,"caption":"Trust Guard"},"image":{"@id":"https:\/\/www.trustguard.eu\/fr\/#\/schema\/logo\/image\/"},"sameAs":["https:\/\/nl.linkedin.com\/company\/paybylink-com"]}]}},"_links":{"self":[{"href":"https:\/\/www.trustguard.eu\/fr\/wp-json\/wp\/v2\/pages\/26884","targetHints":{"allow":["GET"]}}],"collection":[{"href":"https:\/\/www.trustguard.eu\/fr\/wp-json\/wp\/v2\/pages"}],"about":[{"href":"https:\/\/www.trustguard.eu\/fr\/wp-json\/wp\/v2\/types\/page"}],"author":[{"embeddable":true,"href":"https:\/\/www.trustguard.eu\/fr\/wp-json\/wp\/v2\/users\/2"}],"replies":[{"embeddable":true,"href":"https:\/\/www.trustguard.eu\/fr\/wp-json\/wp\/v2\/comments?post=26884"}],"version-history":[{"count":0,"href":"https:\/\/www.trustguard.eu\/fr\/wp-json\/wp\/v2\/pages\/26884\/revisions"}],"wp:attachment":[{"href":"https:\/\/www.trustguard.eu\/fr\/wp-json\/wp\/v2\/media?parent=26884"}],"curies":[{"name":"wp","href":"https:\/\/api.w.org\/{rel}","templated":true}]}}