{"id":26894,"date":"2023-10-05T13:36:53","date_gmt":"2023-10-05T13:36:53","guid":{"rendered":"https:\/\/www.trustguard.eu\/politique-de-cookies\/"},"modified":"2023-11-14T10:51:44","modified_gmt":"2023-11-14T10:51:44","slug":"politique-de-cookies","status":"publish","type":"page","link":"https:\/\/www.trustguard.eu\/fr\/politique-de-cookies\/","title":{"rendered":"Politique de cookies"},"content":{"rendered":"\t\t<div data-elementor-type=\"wp-page\" data-elementor-id=\"26894\" class=\"elementor elementor-26894 elementor-1530\" data-elementor-post-type=\"page\">\n\t\t\t\t\t\t<section class=\"elementor-section elementor-top-section elementor-element elementor-element-5663c15 elementor-section-height-min-height elementor-section-boxed elementor-section-height-default elementor-section-items-middle\" data-id=\"5663c15\" data-element_type=\"section\" data-e-type=\"section\" data-settings=\"{&quot;background_background&quot;:&quot;classic&quot;,&quot;shape_divider_bottom&quot;:&quot;opacity-tilt&quot;}\">\n\t\t\t\t\t\t\t<div class=\"elementor-background-overlay\"><\/div>\n\t\t\t\t\t\t<div class=\"elementor-shape elementor-shape-bottom\" aria-hidden=\"true\" data-negative=\"false\">\n\t\t\t<svg xmlns=\"http:\/\/www.w3.org\/2000\/svg\" viewBox=\"0 0 2600 131.1\" preserveAspectRatio=\"none\">\n\t<path class=\"elementor-shape-fill\" d=\"M0 0L2600 0 2600 69.1 0 0z\"\/>\n\t<path class=\"elementor-shape-fill\" style=\"opacity:0.5\" d=\"M0 0L2600 0 2600 69.1 0 69.1z\"\/>\n\t<path class=\"elementor-shape-fill\" style=\"opacity:0.25\" d=\"M2600 0L0 0 0 130.1 2600 69.1z\"\/>\n<\/svg>\t\t<\/div>\n\t\t\t\t\t<div class=\"elementor-container elementor-column-gap-default\">\n\t\t\t\t\t<div class=\"elementor-column elementor-col-100 elementor-top-column elementor-element elementor-element-099a9a2\" data-id=\"099a9a2\" data-element_type=\"column\" data-e-type=\"column\">\n\t\t\t<div class=\"elementor-widget-wrap elementor-element-populated\">\n\t\t\t\t\t\t<div class=\"elementor-element elementor-element-64cfd27 elementor-widget elementor-widget-heading\" data-id=\"64cfd27\" data-element_type=\"widget\" data-e-type=\"widget\" data-widget_type=\"heading.default\">\n\t\t\t\t<div class=\"elementor-widget-container\">\n\t\t\t\t\t<h1 class=\"elementor-heading-title elementor-size-default\">Politique de cookies<\/h1>\t\t\t\t<\/div>\n\t\t\t\t<\/div>\n\t\t\t\t\t<\/div>\n\t\t<\/div>\n\t\t\t\t\t<\/div>\n\t\t<\/section>\n\t\t\t\t<section class=\"elementor-section elementor-top-section elementor-element elementor-element-a195186 elementor-section-boxed elementor-section-height-default elementor-section-height-default\" data-id=\"a195186\" data-element_type=\"section\" data-e-type=\"section\" data-settings=\"{&quot;background_background&quot;:&quot;slideshow&quot;,&quot;background_slideshow_gallery&quot;:[],&quot;background_slideshow_loop&quot;:&quot;yes&quot;,&quot;background_slideshow_slide_duration&quot;:5000,&quot;background_slideshow_slide_transition&quot;:&quot;fade&quot;,&quot;background_slideshow_transition_duration&quot;:500}\">\n\t\t\t\t\t\t<div class=\"elementor-container elementor-column-gap-default\">\n\t\t\t\t\t<div class=\"elementor-column elementor-col-100 elementor-top-column elementor-element elementor-element-3807b8f\" data-id=\"3807b8f\" data-element_type=\"column\" data-e-type=\"column\">\n\t\t\t<div class=\"elementor-widget-wrap elementor-element-populated\">\n\t\t\t\t\t\t<div class=\"elementor-element elementor-element-7b4dafe elementor-widget elementor-widget-spacer\" data-id=\"7b4dafe\" data-element_type=\"widget\" data-e-type=\"widget\" data-widget_type=\"spacer.default\">\n\t\t\t\t<div class=\"elementor-widget-container\">\n\t\t\t\t\t\t\t<div class=\"elementor-spacer\">\n\t\t\t<div class=\"elementor-spacer-inner\"><\/div>\n\t\t<\/div>\n\t\t\t\t\t\t<\/div>\n\t\t\t\t<\/div>\n\t\t\t\t<div class=\"elementor-element elementor-element-a94177a elementor-widget elementor-widget-html\" data-id=\"a94177a\" data-element_type=\"widget\" data-e-type=\"widget\" data-widget_type=\"html.default\">\n\t\t\t\t<div class=\"elementor-widget-container\">\n\t\t\t\t\t<div id=\"content\"><\/div>\t\t\t\t<\/div>\n\t\t\t\t<\/div>\n\t\t\t\t<div class=\"elementor-element elementor-element-3dd7346 elementor-widget elementor-widget-heading\" data-id=\"3dd7346\" data-element_type=\"widget\" data-e-type=\"widget\" data-widget_type=\"heading.default\">\n\t\t\t\t<div class=\"elementor-widget-container\">\n\t\t\t\t\t<h2 class=\"elementor-heading-title elementor-size-default\">Que sont les cookies ?<\/h2>\t\t\t\t<\/div>\n\t\t\t\t<\/div>\n\t\t\t\t<div class=\"elementor-element elementor-element-c4f0deb elementor-widget elementor-widget-text-editor\" data-id=\"c4f0deb\" data-element_type=\"widget\" data-e-type=\"widget\" data-widget_type=\"text-editor.default\">\n\t\t\t\t<div class=\"elementor-widget-container\">\n\t\t\t\t\t\t\t\t\t<p>Les cookies sont de petits fichiers texte simples que votre ordinateur ou appareil mobile stocke lorsque vous visitez notre site Web.<\/p>\n\t\t\t\t\t\t\t\t<\/div>\n\t\t\t\t<\/div>\n\t\t\t\t<div class=\"elementor-element elementor-element-5d0b535 elementor-widget elementor-widget-heading\" data-id=\"5d0b535\" data-element_type=\"widget\" data-e-type=\"widget\" data-widget_type=\"heading.default\">\n\t\t\t\t<div class=\"elementor-widget-container\">\n\t\t\t\t\t<h2 class=\"elementor-heading-title elementor-size-default\">Quels cookies utilisons-nous ?<\/h2>\t\t\t\t<\/div>\n\t\t\t\t<\/div>\n\t\t\t\t<div class=\"elementor-element elementor-element-81959af elementor-widget elementor-widget-text-editor\" data-id=\"81959af\" data-element_type=\"widget\" data-e-type=\"widget\" data-widget_type=\"text-editor.default\">\n\t\t\t\t<div class=\"elementor-widget-container\">\n\t\t\t\t\t\t\t\t\t<p><strong>Cookies fonctionnels<\/strong><br \/>\nLes cookies fonctionnels ou n\u00e9cessaires sont n\u00e9cessaires au bon fonctionnement du site Web. Pensez par exemple aux param\u00e8tres de navigateur enregistr\u00e9s afin que vous puissiez visualiser notre site Internet de mani\u00e8re optimale sur votre \u00e9cran.<\/p>\n<p><strong>Cookies analytiques<\/strong><br \/>\nCes cookies sont uniquement destin\u00e9s \u00e0 des fins statistiques. \u00c0 l&rsquo;aide de cookies analytiques, nous pouvons, par exemple, suivre les statistiques des visiteurs. Un cookie n&rsquo;est cr\u00e9\u00e9 qu&rsquo;\u00e0 la premi\u00e8re visite. Lors des visites ult\u00e9rieures, le cookie existant sera utilis\u00e9.<\/p>\n<p>Pour les cookies fonctionnels et analytiques, qui ont peu ou pas d&rsquo;impact sur votre vie priv\u00e9e, aucune autorisation de votre part n&rsquo;est requise. Le but de ces cookies est d&rsquo;am\u00e9liorer le fonctionnement du site Internet.<\/p>\n\t\t\t\t\t\t\t\t<\/div>\n\t\t\t\t<\/div>\n\t\t\t\t<div class=\"elementor-element elementor-element-0bc31ce elementor-widget elementor-widget-shortcode\" data-id=\"0bc31ce\" data-element_type=\"widget\" data-e-type=\"widget\" data-widget_type=\"shortcode.default\">\n\t\t\t\t<div class=\"elementor-widget-container\">\n\t\t\t\t\t\t\t<div class=\"elementor-shortcode\">\n<table id=\"tablepress-26\" class=\"tablepress tablepress-id-26\">\n<thead>\n<tr class=\"row-1\">\n\t<th class=\"column-1\">Nom du cookie<\/th><th class=\"column-2\">Cat\u00e9gorie de cookies<\/th><th class=\"column-3\">Origine<\/th>\n<\/tr>\n<\/thead>\n<tbody>\n<tr class=\"row-2\">\n\t<td class=\"column-1\">_ga<\/td><td class=\"column-2\">Cookie analytique<\/td><td class=\"column-3\">trustguard.eu<\/td>\n<\/tr>\n<tr class=\"row-3\">\n\t<td class=\"column-1\">_ga_0EVCJSRH3Q<\/td><td class=\"column-2\">Cookie analytique<\/td><td class=\"column-3\">trustguard.eu<\/td>\n<\/tr>\n<tr class=\"row-4\">\n\t<td class=\"column-1\">_gid<\/td><td class=\"column-2\">Cookie analytique<\/td><td class=\"column-3\">trustguard.eu<\/td>\n<\/tr>\n<\/tbody>\n<\/table>\n<!-- #tablepress-26 from cache --><\/div>\n\t\t\t\t\t\t<\/div>\n\t\t\t\t<\/div>\n\t\t\t\t<div class=\"elementor-element elementor-element-0fda376 elementor-widget elementor-widget-heading\" data-id=\"0fda376\" data-element_type=\"widget\" data-e-type=\"widget\" data-widget_type=\"heading.default\">\n\t\t\t\t<div class=\"elementor-widget-container\">\n\t\t\t\t\t<h2 class=\"elementor-heading-title elementor-size-default\">Politique de confidentialit\u00e9<\/h2>\t\t\t\t<\/div>\n\t\t\t\t<\/div>\n\t\t\t\t<div class=\"elementor-element elementor-element-48eccb8 elementor-widget elementor-widget-text-editor\" data-id=\"48eccb8\" data-element_type=\"widget\" data-e-type=\"widget\" data-widget_type=\"text-editor.default\">\n\t\t\t\t<div class=\"elementor-widget-container\">\n\t\t\t\t\t\t\t\t\t<p>Avec l&rsquo;utilisation de cookies sur notre site, il n&rsquo;y a pas ou peu d&rsquo;atteinte \u00e0 votre vie priv\u00e9e. Notre politique de confidentialit\u00e9 fournit plus d&rsquo;informations sur la mani\u00e8re dont nous traitons vos donn\u00e9es.<\/p>\n\t\t\t\t\t\t\t\t<\/div>\n\t\t\t\t<\/div>\n\t\t\t\t<div class=\"elementor-element elementor-element-59291cb elementor-widget elementor-widget-heading\" data-id=\"59291cb\" data-element_type=\"widget\" data-e-type=\"widget\" data-widget_type=\"heading.default\">\n\t\t\t\t<div class=\"elementor-widget-container\">\n\t\t\t\t\t<h2 class=\"elementor-heading-title elementor-size-default\">Enfin<\/h2>\t\t\t\t<\/div>\n\t\t\t\t<\/div>\n\t\t\t\t<div class=\"elementor-element elementor-element-de0fcf9 elementor-widget elementor-widget-text-editor\" data-id=\"de0fcf9\" data-element_type=\"widget\" data-e-type=\"widget\" data-widget_type=\"text-editor.default\">\n\t\t\t\t<div class=\"elementor-widget-container\">\n\t\t\t\t\t\t\t\t\t<p>Nous mettrons \u00e0 jour notre politique en mati\u00e8re de cookies si notre site Web ou les r\u00e8gles concernant les cookies changent. Vous pouvez acc\u00e9der \u00e0 la version actuelle de cette politique en mati\u00e8re de cookies en cliquant sur le lien de la politique en mati\u00e8re de cookies en bas de chaque page.<\/p>\n\t\t\t\t\t\t\t\t<\/div>\n\t\t\t\t<\/div>\n\t\t\t\t<div class=\"elementor-element elementor-element-1fc1a89 elementor-widget elementor-widget-spacer\" data-id=\"1fc1a89\" data-element_type=\"widget\" data-e-type=\"widget\" data-widget_type=\"spacer.default\">\n\t\t\t\t<div class=\"elementor-widget-container\">\n\t\t\t\t\t\t\t<div class=\"elementor-spacer\">\n\t\t\t<div class=\"elementor-spacer-inner\"><\/div>\n\t\t<\/div>\n\t\t\t\t\t\t<\/div>\n\t\t\t\t<\/div>\n\t\t\t\t\t<\/div>\n\t\t<\/div>\n\t\t\t\t\t<\/div>\n\t\t<\/section>\n\t\t\t\t<\/div>\n\t\t","protected":false},"excerpt":{"rendered":"<p>Politique de cookies Que sont les cookies ? Les cookies sont de petits fichiers texte simples que votre ordinateur ou appareil mobile stocke lorsque vous visitez notre site Web. Quels cookies utilisons-nous ? Cookies fonctionnels Les cookies fonctionnels ou n\u00e9cessaires sont n\u00e9cessaires au bon fonctionnement du site Web. Pensez par exemple aux param\u00e8tres de navigateur <a href=\"https:\/\/www.trustguard.eu\/fr\/politique-de-cookies\/\" class=\"more-link\">&#8230;<\/a><\/p>\n","protected":false},"author":2,"featured_media":0,"parent":0,"menu_order":802,"comment_status":"closed","ping_status":"closed","template":"elementor_header_footer","meta":{"_acf_changed":false,"inline_featured_image":false,"footnotes":""},"class_list":["post-26894","page","type-page","status-publish","hentry"],"acf":[],"yoast_head":"<!-- This site is optimized with the Yoast SEO plugin v27.3 - https:\/\/yoast.com\/product\/yoast-seo-wordpress\/ -->\n<title>Politique de cookies - Trust Guard<\/title>\n<meta name=\"description\" content=\"Utilisation des cookies sur notre site Web. V\u00e9rifiez ici les fonctions et les fonctionnalit\u00e9s techniques des cookies sur le site Web cr\u00e9\u00e9.\" \/>\n<meta name=\"robots\" content=\"index, follow, max-snippet:-1, max-image-preview:large, max-video-preview:-1\" \/>\n<link rel=\"canonical\" href=\"https:\/\/www.trustguard.eu\/fr\/politique-de-cookies\/\" \/>\n<meta property=\"og:locale\" content=\"fr_FR\" \/>\n<meta property=\"og:type\" content=\"article\" \/>\n<meta property=\"og:title\" content=\"Politique de cookies - Trust Guard\" \/>\n<meta property=\"og:description\" content=\"Utilisation des cookies sur notre site Web. V\u00e9rifiez ici les fonctions et les fonctionnalit\u00e9s techniques des cookies sur le site Web cr\u00e9\u00e9.\" \/>\n<meta property=\"og:url\" content=\"https:\/\/www.trustguard.eu\/fr\/politique-de-cookies\/\" \/>\n<meta property=\"og:site_name\" content=\"Trust Guard\" \/>\n<meta property=\"article:modified_time\" content=\"2023-11-14T10:51:44+00:00\" \/>\n<meta name=\"twitter:card\" content=\"summary_large_image\" \/>\n<meta name=\"twitter:label1\" content=\"Dur\u00e9e de lecture estim\u00e9e\" \/>\n\t<meta name=\"twitter:data1\" content=\"1 minute\" \/>\n<script type=\"application\/ld+json\" class=\"yoast-schema-graph\">{\"@context\":\"https:\\\/\\\/schema.org\",\"@graph\":[{\"@type\":\"WebPage\",\"@id\":\"https:\\\/\\\/www.trustguard.eu\\\/fr\\\/politique-de-cookies\\\/\",\"url\":\"https:\\\/\\\/www.trustguard.eu\\\/fr\\\/politique-de-cookies\\\/\",\"name\":\"Politique de cookies - Trust Guard\",\"isPartOf\":{\"@id\":\"https:\\\/\\\/www.trustguard.eu\\\/fr\\\/#website\"},\"datePublished\":\"2023-10-05T13:36:53+00:00\",\"dateModified\":\"2023-11-14T10:51:44+00:00\",\"description\":\"Utilisation des cookies sur notre site Web. V\u00e9rifiez ici les fonctions et les fonctionnalit\u00e9s techniques des cookies sur le site Web cr\u00e9\u00e9.\",\"breadcrumb\":{\"@id\":\"https:\\\/\\\/www.trustguard.eu\\\/fr\\\/politique-de-cookies\\\/#breadcrumb\"},\"inLanguage\":\"fr-FR\",\"potentialAction\":[{\"@type\":\"ReadAction\",\"target\":[\"https:\\\/\\\/www.trustguard.eu\\\/fr\\\/politique-de-cookies\\\/\"]}]},{\"@type\":\"BreadcrumbList\",\"@id\":\"https:\\\/\\\/www.trustguard.eu\\\/fr\\\/politique-de-cookies\\\/#breadcrumb\",\"itemListElement\":[{\"@type\":\"ListItem\",\"position\":1,\"name\":\"Home\",\"item\":\"https:\\\/\\\/www.trustguard.eu\\\/fr\\\/\"},{\"@type\":\"ListItem\",\"position\":2,\"name\":\"Politique de cookies\"}]},{\"@type\":\"WebSite\",\"@id\":\"https:\\\/\\\/www.trustguard.eu\\\/fr\\\/#website\",\"url\":\"https:\\\/\\\/www.trustguard.eu\\\/fr\\\/\",\"name\":\"Trust Guard\",\"description\":\"Websitebeveiliging\",\"publisher\":{\"@id\":\"https:\\\/\\\/www.trustguard.eu\\\/fr\\\/#organization\"},\"potentialAction\":[{\"@type\":\"SearchAction\",\"target\":{\"@type\":\"EntryPoint\",\"urlTemplate\":\"https:\\\/\\\/www.trustguard.eu\\\/fr\\\/?s={search_term_string}\"},\"query-input\":{\"@type\":\"PropertyValueSpecification\",\"valueRequired\":true,\"valueName\":\"search_term_string\"}}],\"inLanguage\":\"fr-FR\"},{\"@type\":\"Organization\",\"@id\":\"https:\\\/\\\/www.trustguard.eu\\\/fr\\\/#organization\",\"name\":\"Trust Guard\",\"url\":\"https:\\\/\\\/www.trustguard.eu\\\/fr\\\/\",\"logo\":{\"@type\":\"ImageObject\",\"inLanguage\":\"fr-FR\",\"@id\":\"https:\\\/\\\/www.trustguard.eu\\\/fr\\\/#\\\/schema\\\/logo\\\/image\\\/\",\"url\":\"https:\\\/\\\/www.trustguard.eu\\\/wp-content\\\/uploads\\\/2024\\\/12\\\/TG_logo_1-line.png\",\"contentUrl\":\"https:\\\/\\\/www.trustguard.eu\\\/wp-content\\\/uploads\\\/2024\\\/12\\\/TG_logo_1-line.png\",\"width\":792,\"height\":613,\"caption\":\"Trust Guard\"},\"image\":{\"@id\":\"https:\\\/\\\/www.trustguard.eu\\\/fr\\\/#\\\/schema\\\/logo\\\/image\\\/\"},\"sameAs\":[\"https:\\\/\\\/nl.linkedin.com\\\/company\\\/paybylink-com\"]}]}<\/script>\n<!-- \/ Yoast SEO plugin. -->","yoast_head_json":{"title":"Politique de cookies - Trust Guard","description":"Utilisation des cookies sur notre site Web. V\u00e9rifiez ici les fonctions et les fonctionnalit\u00e9s techniques des cookies sur le site Web cr\u00e9\u00e9.","robots":{"index":"index","follow":"follow","max-snippet":"max-snippet:-1","max-image-preview":"max-image-preview:large","max-video-preview":"max-video-preview:-1"},"canonical":"https:\/\/www.trustguard.eu\/fr\/politique-de-cookies\/","og_locale":"fr_FR","og_type":"article","og_title":"Politique de cookies - Trust Guard","og_description":"Utilisation des cookies sur notre site Web. V\u00e9rifiez ici les fonctions et les fonctionnalit\u00e9s techniques des cookies sur le site Web cr\u00e9\u00e9.","og_url":"https:\/\/www.trustguard.eu\/fr\/politique-de-cookies\/","og_site_name":"Trust Guard","article_modified_time":"2023-11-14T10:51:44+00:00","twitter_card":"summary_large_image","twitter_misc":{"Dur\u00e9e de lecture estim\u00e9e":"1 minute"},"schema":{"@context":"https:\/\/schema.org","@graph":[{"@type":"WebPage","@id":"https:\/\/www.trustguard.eu\/fr\/politique-de-cookies\/","url":"https:\/\/www.trustguard.eu\/fr\/politique-de-cookies\/","name":"Politique de cookies - Trust Guard","isPartOf":{"@id":"https:\/\/www.trustguard.eu\/fr\/#website"},"datePublished":"2023-10-05T13:36:53+00:00","dateModified":"2023-11-14T10:51:44+00:00","description":"Utilisation des cookies sur notre site Web. V\u00e9rifiez ici les fonctions et les fonctionnalit\u00e9s techniques des cookies sur le site Web cr\u00e9\u00e9.","breadcrumb":{"@id":"https:\/\/www.trustguard.eu\/fr\/politique-de-cookies\/#breadcrumb"},"inLanguage":"fr-FR","potentialAction":[{"@type":"ReadAction","target":["https:\/\/www.trustguard.eu\/fr\/politique-de-cookies\/"]}]},{"@type":"BreadcrumbList","@id":"https:\/\/www.trustguard.eu\/fr\/politique-de-cookies\/#breadcrumb","itemListElement":[{"@type":"ListItem","position":1,"name":"Home","item":"https:\/\/www.trustguard.eu\/fr\/"},{"@type":"ListItem","position":2,"name":"Politique de cookies"}]},{"@type":"WebSite","@id":"https:\/\/www.trustguard.eu\/fr\/#website","url":"https:\/\/www.trustguard.eu\/fr\/","name":"Trust Guard","description":"Websitebeveiliging","publisher":{"@id":"https:\/\/www.trustguard.eu\/fr\/#organization"},"potentialAction":[{"@type":"SearchAction","target":{"@type":"EntryPoint","urlTemplate":"https:\/\/www.trustguard.eu\/fr\/?s={search_term_string}"},"query-input":{"@type":"PropertyValueSpecification","valueRequired":true,"valueName":"search_term_string"}}],"inLanguage":"fr-FR"},{"@type":"Organization","@id":"https:\/\/www.trustguard.eu\/fr\/#organization","name":"Trust Guard","url":"https:\/\/www.trustguard.eu\/fr\/","logo":{"@type":"ImageObject","inLanguage":"fr-FR","@id":"https:\/\/www.trustguard.eu\/fr\/#\/schema\/logo\/image\/","url":"https:\/\/www.trustguard.eu\/wp-content\/uploads\/2024\/12\/TG_logo_1-line.png","contentUrl":"https:\/\/www.trustguard.eu\/wp-content\/uploads\/2024\/12\/TG_logo_1-line.png","width":792,"height":613,"caption":"Trust Guard"},"image":{"@id":"https:\/\/www.trustguard.eu\/fr\/#\/schema\/logo\/image\/"},"sameAs":["https:\/\/nl.linkedin.com\/company\/paybylink-com"]}]}},"_links":{"self":[{"href":"https:\/\/www.trustguard.eu\/fr\/wp-json\/wp\/v2\/pages\/26894","targetHints":{"allow":["GET"]}}],"collection":[{"href":"https:\/\/www.trustguard.eu\/fr\/wp-json\/wp\/v2\/pages"}],"about":[{"href":"https:\/\/www.trustguard.eu\/fr\/wp-json\/wp\/v2\/types\/page"}],"author":[{"embeddable":true,"href":"https:\/\/www.trustguard.eu\/fr\/wp-json\/wp\/v2\/users\/2"}],"replies":[{"embeddable":true,"href":"https:\/\/www.trustguard.eu\/fr\/wp-json\/wp\/v2\/comments?post=26894"}],"version-history":[{"count":0,"href":"https:\/\/www.trustguard.eu\/fr\/wp-json\/wp\/v2\/pages\/26894\/revisions"}],"wp:attachment":[{"href":"https:\/\/www.trustguard.eu\/fr\/wp-json\/wp\/v2\/media?parent=26894"}],"curies":[{"name":"wp","href":"https:\/\/api.w.org\/{rel}","templated":true}]}}