{"id":26902,"date":"2023-10-05T13:52:51","date_gmt":"2023-10-05T13:52:51","guid":{"rendered":"https:\/\/www.trustguard.eu\/conditions-generales\/"},"modified":"2024-07-11T11:53:33","modified_gmt":"2024-07-11T11:53:33","slug":"conditions-generales","status":"publish","type":"page","link":"https:\/\/www.trustguard.eu\/fr\/conditions-generales\/","title":{"rendered":"Conditions g\u00e9n\u00e9rales"},"content":{"rendered":"\t\t<div data-elementor-type=\"wp-page\" data-elementor-id=\"26902\" class=\"elementor elementor-26902 elementor-1449\" data-elementor-post-type=\"page\">\n\t\t\t\t\t\t<section class=\"elementor-section elementor-top-section elementor-element elementor-element-6e46147 elementor-section-height-min-height elementor-section-boxed elementor-section-height-default elementor-section-items-middle\" data-id=\"6e46147\" data-element_type=\"section\" data-e-type=\"section\" data-settings=\"{&quot;background_background&quot;:&quot;classic&quot;,&quot;shape_divider_bottom&quot;:&quot;opacity-tilt&quot;}\">\n\t\t\t\t\t\t\t<div class=\"elementor-background-overlay\"><\/div>\n\t\t\t\t\t\t<div class=\"elementor-shape elementor-shape-bottom\" aria-hidden=\"true\" data-negative=\"false\">\n\t\t\t<svg xmlns=\"http:\/\/www.w3.org\/2000\/svg\" viewBox=\"0 0 2600 131.1\" preserveAspectRatio=\"none\">\n\t<path class=\"elementor-shape-fill\" d=\"M0 0L2600 0 2600 69.1 0 0z\"\/>\n\t<path class=\"elementor-shape-fill\" style=\"opacity:0.5\" d=\"M0 0L2600 0 2600 69.1 0 69.1z\"\/>\n\t<path class=\"elementor-shape-fill\" style=\"opacity:0.25\" d=\"M2600 0L0 0 0 130.1 2600 69.1z\"\/>\n<\/svg>\t\t<\/div>\n\t\t\t\t\t<div class=\"elementor-container elementor-column-gap-default\">\n\t\t\t\t\t<div class=\"elementor-column elementor-col-100 elementor-top-column elementor-element elementor-element-e36e14d\" data-id=\"e36e14d\" data-element_type=\"column\" data-e-type=\"column\">\n\t\t\t<div class=\"elementor-widget-wrap elementor-element-populated\">\n\t\t\t\t\t\t<div class=\"elementor-element elementor-element-fa22a2e elementor-widget elementor-widget-heading\" data-id=\"fa22a2e\" data-element_type=\"widget\" data-e-type=\"widget\" data-widget_type=\"heading.default\">\n\t\t\t\t<div class=\"elementor-widget-container\">\n\t\t\t\t\t<h1 class=\"elementor-heading-title elementor-size-default\">Conditions g\u00e9n\u00e9rales<\/h1>\t\t\t\t<\/div>\n\t\t\t\t<\/div>\n\t\t\t\t\t<\/div>\n\t\t<\/div>\n\t\t\t\t\t<\/div>\n\t\t<\/section>\n\t\t\t\t<section class=\"elementor-section elementor-top-section elementor-element elementor-element-51ba6ea elementor-section-boxed elementor-section-height-default elementor-section-height-default\" data-id=\"51ba6ea\" data-element_type=\"section\" data-e-type=\"section\">\n\t\t\t\t\t\t<div class=\"elementor-container elementor-column-gap-default\">\n\t\t\t\t\t<div class=\"elementor-column elementor-col-100 elementor-top-column elementor-element elementor-element-00c2cb3\" data-id=\"00c2cb3\" data-element_type=\"column\" data-e-type=\"column\">\n\t\t\t<div class=\"elementor-widget-wrap elementor-element-populated\">\n\t\t\t\t\t\t<div class=\"elementor-element elementor-element-0592acb elementor-widget elementor-widget-spacer\" data-id=\"0592acb\" data-element_type=\"widget\" data-e-type=\"widget\" data-widget_type=\"spacer.default\">\n\t\t\t\t<div class=\"elementor-widget-container\">\n\t\t\t\t\t\t\t<div class=\"elementor-spacer\">\n\t\t\t<div class=\"elementor-spacer-inner\"><\/div>\n\t\t<\/div>\n\t\t\t\t\t\t<\/div>\n\t\t\t\t<\/div>\n\t\t\t\t<div class=\"elementor-element elementor-element-a038dbe elementor-widget elementor-widget-html\" data-id=\"a038dbe\" data-element_type=\"widget\" data-e-type=\"widget\" data-widget_type=\"html.default\">\n\t\t\t\t<div class=\"elementor-widget-container\">\n\t\t\t\t\t<div id=\"content\"><\/div>\t\t\t\t<\/div>\n\t\t\t\t<\/div>\n\t\t\t\t\t<\/div>\n\t\t<\/div>\n\t\t\t\t\t<\/div>\n\t\t<\/section>\n\t\t\t\t<section class=\"elementor-section elementor-top-section elementor-element elementor-element-73741c6 elementor-section-boxed elementor-section-height-default elementor-section-height-default\" data-id=\"73741c6\" data-element_type=\"section\" data-e-type=\"section\">\n\t\t\t\t\t\t<div class=\"elementor-container elementor-column-gap-default\">\n\t\t\t\t\t<div class=\"elementor-column elementor-col-100 elementor-top-column elementor-element elementor-element-a4a51df\" data-id=\"a4a51df\" data-element_type=\"column\" data-e-type=\"column\">\n\t\t\t<div class=\"elementor-widget-wrap elementor-element-populated\">\n\t\t\t\t\t\t<div class=\"elementor-element elementor-element-8605701 elementor-widget elementor-widget-heading\" data-id=\"8605701\" data-element_type=\"widget\" data-e-type=\"widget\" data-widget_type=\"heading.default\">\n\t\t\t\t<div class=\"elementor-widget-container\">\n\t\t\t\t\t<h2 class=\"elementor-heading-title elementor-size-default\">Conditions G\u00e9n\u00e9rales<\/h2>\t\t\t\t<\/div>\n\t\t\t\t<\/div>\n\t\t\t\t<div class=\"elementor-element elementor-element-81aa2ab elementor-widget__width-initial elementor-widget elementor-widget-text-editor\" data-id=\"81aa2ab\" data-element_type=\"widget\" data-e-type=\"widget\" data-widget_type=\"text-editor.default\">\n\t\t\t\t<div class=\"elementor-widget-container\">\n\t\t\t\t\t\t\t\t\t<div class=\"ebT7ne sMVRZe\"><\/div>\n<div class=\"QcsUad BDJ8fb BLojaf sMVRZe wneUed\">\n<p class=\"oBOnKe\"><span class=\"jCAhz ChMk0b\" style=\"font-size: 16px;\"><span class=\"ryNqvb\">Les NLdigital Terms y les Trust Guard USA Terms and conditions s\u2019appliquent.<br \/>\n<\/span><\/span> <span class=\"jCAhz ChMk0b\" style=\"font-size: 16px;\"><span class=\"ryNqvb\">Les NLdigital Terms ont \u00e9t\u00e9 d\u00e9pos\u00e9es par NLdigital aupr\u00e8s du Rechtbank Midden-Nederland (tribunal central de district), \u00e0 Utrecht.<\/span><\/span><\/p>\n<\/div>\n\t\t\t\t\t\t\t\t<\/div>\n\t\t\t\t<\/div>\n\t\t\t\t\t<\/div>\n\t\t<\/div>\n\t\t\t\t\t<\/div>\n\t\t<\/section>\n\t\t\t\t<section class=\"elementor-section elementor-top-section elementor-element elementor-element-d19477a elementor-section-boxed elementor-section-height-default elementor-section-height-default\" data-id=\"d19477a\" data-element_type=\"section\" data-e-type=\"section\">\n\t\t\t\t\t\t<div class=\"elementor-container elementor-column-gap-default\">\n\t\t\t\t\t<div class=\"elementor-column elementor-col-100 elementor-top-column elementor-element elementor-element-f2b5929\" data-id=\"f2b5929\" data-element_type=\"column\" data-e-type=\"column\" data-settings=\"{&quot;background_background&quot;:&quot;slideshow&quot;,&quot;background_slideshow_gallery&quot;:[{&quot;id&quot;:18760,&quot;url&quot;:&quot;https:\\\/\\\/www.trustguard.eu\\\/wp-content\\\/uploads\\\/2023\\\/04\\\/B2U-patronen-cirkels-ro.png&quot;}],&quot;background_slideshow_loop&quot;:&quot;yes&quot;,&quot;background_slideshow_slide_duration&quot;:5000,&quot;background_slideshow_slide_transition&quot;:&quot;fade&quot;,&quot;background_slideshow_transition_duration&quot;:500}\">\n\t\t\t<div class=\"elementor-widget-wrap elementor-element-populated\">\n\t\t\t\t\t\t<div class=\"elementor-element elementor-element-de33514 elementor-position-inline-start elementor-view-default elementor-mobile-position-block-start elementor-widget elementor-widget-icon-box\" data-id=\"de33514\" data-element_type=\"widget\" data-e-type=\"widget\" data-widget_type=\"icon-box.default\">\n\t\t\t\t<div class=\"elementor-widget-container\">\n\t\t\t\t\t\t\t<div class=\"elementor-icon-box-wrapper\">\n\n\t\t\t\t\t\t<div class=\"elementor-icon-box-icon\">\n\t\t\t\t<a href=\"https:\/\/www.trustguard.eu\/wp-content\/uploads\/2023\/12\/NLdigital-Voorwaarden-NL.pdf\" target=\"_blank\" class=\"elementor-icon\" tabindex=\"-1\" aria-label=\"NLdigital Voorwaarden - NL\">\n\t\t\t\t<i aria-hidden=\"true\" class=\"far fa-arrow-alt-circle-down\"><\/i>\t\t\t\t<\/a>\n\t\t\t<\/div>\n\t\t\t\n\t\t\t\t\t\t<div class=\"elementor-icon-box-content\">\n\n\t\t\t\t\t\t\t\t\t<span class=\"elementor-icon-box-title\">\n\t\t\t\t\t\t<a href=\"https:\/\/www.trustguard.eu\/wp-content\/uploads\/2023\/12\/NLdigital-Voorwaarden-NL.pdf\" target=\"_blank\" >\n\t\t\t\t\t\t\tNLdigital Voorwaarden - NL\t\t\t\t\t\t<\/a>\n\t\t\t\t\t<\/span>\n\t\t\t\t\n\t\t\t\t\n\t\t\t<\/div>\n\t\t\t\n\t\t<\/div>\n\t\t\t\t\t\t<\/div>\n\t\t\t\t<\/div>\n\t\t\t\t<div class=\"elementor-element elementor-element-c40b008 elementor-position-inline-start elementor-view-default elementor-mobile-position-block-start elementor-widget elementor-widget-icon-box\" data-id=\"c40b008\" data-element_type=\"widget\" data-e-type=\"widget\" data-widget_type=\"icon-box.default\">\n\t\t\t\t<div class=\"elementor-widget-container\">\n\t\t\t\t\t\t\t<div class=\"elementor-icon-box-wrapper\">\n\n\t\t\t\t\t\t<div class=\"elementor-icon-box-icon\">\n\t\t\t\t<a href=\"https:\/\/www.trustguard.eu\/wp-content\/uploads\/2023\/12\/NLdigital-Terms-EN.pdf\" target=\"_blank\" class=\"elementor-icon\" tabindex=\"-1\" aria-label=\"NLdigital Terms - EN\">\n\t\t\t\t<i aria-hidden=\"true\" class=\"far fa-arrow-alt-circle-down\"><\/i>\t\t\t\t<\/a>\n\t\t\t<\/div>\n\t\t\t\n\t\t\t\t\t\t<div class=\"elementor-icon-box-content\">\n\n\t\t\t\t\t\t\t\t\t<div class=\"elementor-icon-box-title\">\n\t\t\t\t\t\t<a href=\"https:\/\/www.trustguard.eu\/wp-content\/uploads\/2023\/12\/NLdigital-Terms-EN.pdf\" target=\"_blank\" >\n\t\t\t\t\t\t\tNLdigital Terms - EN\t\t\t\t\t\t<\/a>\n\t\t\t\t\t<\/div>\n\t\t\t\t\n\t\t\t\t\n\t\t\t<\/div>\n\t\t\t\n\t\t<\/div>\n\t\t\t\t\t\t<\/div>\n\t\t\t\t<\/div>\n\t\t\t\t<div class=\"elementor-element elementor-element-3443863 elementor-position-inline-start elementor-view-default elementor-mobile-position-block-start elementor-widget elementor-widget-icon-box\" data-id=\"3443863\" data-element_type=\"widget\" data-e-type=\"widget\" data-widget_type=\"icon-box.default\">\n\t\t\t\t<div class=\"elementor-widget-container\">\n\t\t\t\t\t\t\t<div class=\"elementor-icon-box-wrapper\">\n\n\t\t\t\t\t\t<div class=\"elementor-icon-box-icon\">\n\t\t\t\t<a href=\"https:\/\/www.trustguard.eu\/fr\/les-conditions-generales-trust-guard\/\" target=\"_blank\" class=\"elementor-icon\" tabindex=\"-1\" aria-label=\"Trust Guard USA Terms and conditions - EN\">\n\t\t\t\t<i aria-hidden=\"true\" class=\"far fa-arrow-alt-circle-down\"><\/i>\t\t\t\t<\/a>\n\t\t\t<\/div>\n\t\t\t\n\t\t\t\t\t\t<div class=\"elementor-icon-box-content\">\n\n\t\t\t\t\t\t\t\t\t<div class=\"elementor-icon-box-title\">\n\t\t\t\t\t\t<a href=\"https:\/\/www.trustguard.eu\/fr\/les-conditions-generales-trust-guard\/\" target=\"_blank\" >\n\t\t\t\t\t\t\tTrust Guard USA Terms and conditions - EN\t\t\t\t\t\t<\/a>\n\t\t\t\t\t<\/div>\n\t\t\t\t\n\t\t\t\t\n\t\t\t<\/div>\n\t\t\t\n\t\t<\/div>\n\t\t\t\t\t\t<\/div>\n\t\t\t\t<\/div>\n\t\t\t\t\t<\/div>\n\t\t<\/div>\n\t\t\t\t\t<\/div>\n\t\t<\/section>\n\t\t\t\t<section class=\"elementor-section elementor-top-section elementor-element elementor-element-a615b99 elementor-section-boxed elementor-section-height-default elementor-section-height-default\" data-id=\"a615b99\" data-element_type=\"section\" data-e-type=\"section\">\n\t\t\t\t\t\t<div class=\"elementor-container elementor-column-gap-default\">\n\t\t\t\t\t<div class=\"elementor-column elementor-col-100 elementor-top-column elementor-element elementor-element-a7f51be\" data-id=\"a7f51be\" data-element_type=\"column\" data-e-type=\"column\">\n\t\t\t<div class=\"elementor-widget-wrap elementor-element-populated\">\n\t\t\t\t\t\t<div class=\"elementor-element elementor-element-9ebd64c elementor-widget elementor-widget-spacer\" data-id=\"9ebd64c\" data-element_type=\"widget\" data-e-type=\"widget\" data-widget_type=\"spacer.default\">\n\t\t\t\t<div class=\"elementor-widget-container\">\n\t\t\t\t\t\t\t<div class=\"elementor-spacer\">\n\t\t\t<div class=\"elementor-spacer-inner\"><\/div>\n\t\t<\/div>\n\t\t\t\t\t\t<\/div>\n\t\t\t\t<\/div>\n\t\t\t\t\t<\/div>\n\t\t<\/div>\n\t\t\t\t\t<\/div>\n\t\t<\/section>\n\t\t\t\t<\/div>\n\t\t","protected":false},"excerpt":{"rendered":"<p>Conditions g\u00e9n\u00e9rales Conditions G\u00e9n\u00e9rales Les NLdigital Terms y les Trust Guard USA Terms and conditions s\u2019appliquent. Les NLdigital Terms ont \u00e9t\u00e9 d\u00e9pos\u00e9es par NLdigital aupr\u00e8s du Rechtbank Midden-Nederland (tribunal central de district), \u00e0 Utrecht. NLdigital Voorwaarden &#8211; NL NLdigital Terms &#8211; EN Trust Guard USA Terms and conditions &#8211; EN<\/p>\n","protected":false},"author":2,"featured_media":0,"parent":0,"menu_order":801,"comment_status":"closed","ping_status":"closed","template":"elementor_header_footer","meta":{"_acf_changed":false,"inline_featured_image":false,"footnotes":""},"class_list":["post-26902","page","type-page","status-publish","hentry"],"acf":[],"yoast_head":"<!-- This site is optimized with the Yoast SEO plugin v27.3 - https:\/\/yoast.com\/product\/yoast-seo-wordpress\/ -->\n<title>Conditions g\u00e9n\u00e9rales - Trust Guard<\/title>\n<meta name=\"description\" content=\"Les conditions g\u00e9n\u00e9rales applicables sont disponibles ici. Les versions n\u00e9erlandaise et anglaise sont disponibles.\" \/>\n<meta name=\"robots\" content=\"index, follow, max-snippet:-1, max-image-preview:large, max-video-preview:-1\" \/>\n<link rel=\"canonical\" href=\"https:\/\/www.trustguard.eu\/fr\/conditions-generales\/\" \/>\n<meta property=\"og:locale\" content=\"fr_FR\" \/>\n<meta property=\"og:type\" content=\"article\" \/>\n<meta property=\"og:title\" content=\"Conditions g\u00e9n\u00e9rales - Trust Guard\" \/>\n<meta property=\"og:description\" content=\"Les conditions g\u00e9n\u00e9rales applicables sont disponibles ici. Les versions n\u00e9erlandaise et anglaise sont disponibles.\" \/>\n<meta property=\"og:url\" content=\"https:\/\/www.trustguard.eu\/fr\/conditions-generales\/\" \/>\n<meta property=\"og:site_name\" content=\"Trust Guard\" \/>\n<meta property=\"article:modified_time\" content=\"2024-07-11T11:53:33+00:00\" \/>\n<meta name=\"twitter:card\" content=\"summary_large_image\" \/>\n<script type=\"application\/ld+json\" class=\"yoast-schema-graph\">{\"@context\":\"https:\\\/\\\/schema.org\",\"@graph\":[{\"@type\":\"WebPage\",\"@id\":\"https:\\\/\\\/www.trustguard.eu\\\/fr\\\/conditions-generales\\\/\",\"url\":\"https:\\\/\\\/www.trustguard.eu\\\/fr\\\/conditions-generales\\\/\",\"name\":\"Conditions g\u00e9n\u00e9rales - Trust Guard\",\"isPartOf\":{\"@id\":\"https:\\\/\\\/www.trustguard.eu\\\/fr\\\/#website\"},\"datePublished\":\"2023-10-05T13:52:51+00:00\",\"dateModified\":\"2024-07-11T11:53:33+00:00\",\"description\":\"Les conditions g\u00e9n\u00e9rales applicables sont disponibles ici. Les versions n\u00e9erlandaise et anglaise sont disponibles.\",\"breadcrumb\":{\"@id\":\"https:\\\/\\\/www.trustguard.eu\\\/fr\\\/conditions-generales\\\/#breadcrumb\"},\"inLanguage\":\"fr-FR\",\"potentialAction\":[{\"@type\":\"ReadAction\",\"target\":[\"https:\\\/\\\/www.trustguard.eu\\\/fr\\\/conditions-generales\\\/\"]}]},{\"@type\":\"BreadcrumbList\",\"@id\":\"https:\\\/\\\/www.trustguard.eu\\\/fr\\\/conditions-generales\\\/#breadcrumb\",\"itemListElement\":[{\"@type\":\"ListItem\",\"position\":1,\"name\":\"Home\",\"item\":\"https:\\\/\\\/www.trustguard.eu\\\/fr\\\/\"},{\"@type\":\"ListItem\",\"position\":2,\"name\":\"Conditions g\u00e9n\u00e9rales\"}]},{\"@type\":\"WebSite\",\"@id\":\"https:\\\/\\\/www.trustguard.eu\\\/fr\\\/#website\",\"url\":\"https:\\\/\\\/www.trustguard.eu\\\/fr\\\/\",\"name\":\"Trust Guard\",\"description\":\"Websitebeveiliging\",\"publisher\":{\"@id\":\"https:\\\/\\\/www.trustguard.eu\\\/fr\\\/#organization\"},\"potentialAction\":[{\"@type\":\"SearchAction\",\"target\":{\"@type\":\"EntryPoint\",\"urlTemplate\":\"https:\\\/\\\/www.trustguard.eu\\\/fr\\\/?s={search_term_string}\"},\"query-input\":{\"@type\":\"PropertyValueSpecification\",\"valueRequired\":true,\"valueName\":\"search_term_string\"}}],\"inLanguage\":\"fr-FR\"},{\"@type\":\"Organization\",\"@id\":\"https:\\\/\\\/www.trustguard.eu\\\/fr\\\/#organization\",\"name\":\"Trust Guard\",\"url\":\"https:\\\/\\\/www.trustguard.eu\\\/fr\\\/\",\"logo\":{\"@type\":\"ImageObject\",\"inLanguage\":\"fr-FR\",\"@id\":\"https:\\\/\\\/www.trustguard.eu\\\/fr\\\/#\\\/schema\\\/logo\\\/image\\\/\",\"url\":\"https:\\\/\\\/www.trustguard.eu\\\/wp-content\\\/uploads\\\/2024\\\/12\\\/TG_logo_1-line.png\",\"contentUrl\":\"https:\\\/\\\/www.trustguard.eu\\\/wp-content\\\/uploads\\\/2024\\\/12\\\/TG_logo_1-line.png\",\"width\":792,\"height\":613,\"caption\":\"Trust Guard\"},\"image\":{\"@id\":\"https:\\\/\\\/www.trustguard.eu\\\/fr\\\/#\\\/schema\\\/logo\\\/image\\\/\"},\"sameAs\":[\"https:\\\/\\\/nl.linkedin.com\\\/company\\\/paybylink-com\"]}]}<\/script>\n<!-- \/ Yoast SEO plugin. -->","yoast_head_json":{"title":"Conditions g\u00e9n\u00e9rales - Trust Guard","description":"Les conditions g\u00e9n\u00e9rales applicables sont disponibles ici. Les versions n\u00e9erlandaise et anglaise sont disponibles.","robots":{"index":"index","follow":"follow","max-snippet":"max-snippet:-1","max-image-preview":"max-image-preview:large","max-video-preview":"max-video-preview:-1"},"canonical":"https:\/\/www.trustguard.eu\/fr\/conditions-generales\/","og_locale":"fr_FR","og_type":"article","og_title":"Conditions g\u00e9n\u00e9rales - Trust Guard","og_description":"Les conditions g\u00e9n\u00e9rales applicables sont disponibles ici. Les versions n\u00e9erlandaise et anglaise sont disponibles.","og_url":"https:\/\/www.trustguard.eu\/fr\/conditions-generales\/","og_site_name":"Trust Guard","article_modified_time":"2024-07-11T11:53:33+00:00","twitter_card":"summary_large_image","schema":{"@context":"https:\/\/schema.org","@graph":[{"@type":"WebPage","@id":"https:\/\/www.trustguard.eu\/fr\/conditions-generales\/","url":"https:\/\/www.trustguard.eu\/fr\/conditions-generales\/","name":"Conditions g\u00e9n\u00e9rales - Trust Guard","isPartOf":{"@id":"https:\/\/www.trustguard.eu\/fr\/#website"},"datePublished":"2023-10-05T13:52:51+00:00","dateModified":"2024-07-11T11:53:33+00:00","description":"Les conditions g\u00e9n\u00e9rales applicables sont disponibles ici. Les versions n\u00e9erlandaise et anglaise sont disponibles.","breadcrumb":{"@id":"https:\/\/www.trustguard.eu\/fr\/conditions-generales\/#breadcrumb"},"inLanguage":"fr-FR","potentialAction":[{"@type":"ReadAction","target":["https:\/\/www.trustguard.eu\/fr\/conditions-generales\/"]}]},{"@type":"BreadcrumbList","@id":"https:\/\/www.trustguard.eu\/fr\/conditions-generales\/#breadcrumb","itemListElement":[{"@type":"ListItem","position":1,"name":"Home","item":"https:\/\/www.trustguard.eu\/fr\/"},{"@type":"ListItem","position":2,"name":"Conditions g\u00e9n\u00e9rales"}]},{"@type":"WebSite","@id":"https:\/\/www.trustguard.eu\/fr\/#website","url":"https:\/\/www.trustguard.eu\/fr\/","name":"Trust Guard","description":"Websitebeveiliging","publisher":{"@id":"https:\/\/www.trustguard.eu\/fr\/#organization"},"potentialAction":[{"@type":"SearchAction","target":{"@type":"EntryPoint","urlTemplate":"https:\/\/www.trustguard.eu\/fr\/?s={search_term_string}"},"query-input":{"@type":"PropertyValueSpecification","valueRequired":true,"valueName":"search_term_string"}}],"inLanguage":"fr-FR"},{"@type":"Organization","@id":"https:\/\/www.trustguard.eu\/fr\/#organization","name":"Trust Guard","url":"https:\/\/www.trustguard.eu\/fr\/","logo":{"@type":"ImageObject","inLanguage":"fr-FR","@id":"https:\/\/www.trustguard.eu\/fr\/#\/schema\/logo\/image\/","url":"https:\/\/www.trustguard.eu\/wp-content\/uploads\/2024\/12\/TG_logo_1-line.png","contentUrl":"https:\/\/www.trustguard.eu\/wp-content\/uploads\/2024\/12\/TG_logo_1-line.png","width":792,"height":613,"caption":"Trust Guard"},"image":{"@id":"https:\/\/www.trustguard.eu\/fr\/#\/schema\/logo\/image\/"},"sameAs":["https:\/\/nl.linkedin.com\/company\/paybylink-com"]}]}},"_links":{"self":[{"href":"https:\/\/www.trustguard.eu\/fr\/wp-json\/wp\/v2\/pages\/26902","targetHints":{"allow":["GET"]}}],"collection":[{"href":"https:\/\/www.trustguard.eu\/fr\/wp-json\/wp\/v2\/pages"}],"about":[{"href":"https:\/\/www.trustguard.eu\/fr\/wp-json\/wp\/v2\/types\/page"}],"author":[{"embeddable":true,"href":"https:\/\/www.trustguard.eu\/fr\/wp-json\/wp\/v2\/users\/2"}],"replies":[{"embeddable":true,"href":"https:\/\/www.trustguard.eu\/fr\/wp-json\/wp\/v2\/comments?post=26902"}],"version-history":[{"count":0,"href":"https:\/\/www.trustguard.eu\/fr\/wp-json\/wp\/v2\/pages\/26902\/revisions"}],"wp:attachment":[{"href":"https:\/\/www.trustguard.eu\/fr\/wp-json\/wp\/v2\/media?parent=26902"}],"curies":[{"name":"wp","href":"https:\/\/api.w.org\/{rel}","templated":true}]}}