{"id":33579,"date":"2025-03-17T15:02:48","date_gmt":"2025-03-17T15:02:48","guid":{"rendered":"https:\/\/www.trustguard.eu\/?page_id=33579"},"modified":"2025-04-28T12:17:49","modified_gmt":"2025-04-28T12:17:49","slug":"logos","status":"publish","type":"page","link":"https:\/\/www.trustguard.eu\/fr\/relations\/partenaires\/logos\/","title":{"rendered":"Logos"},"content":{"rendered":"\t\t<div data-elementor-type=\"wp-page\" data-elementor-id=\"33579\" class=\"elementor elementor-33579 elementor-32777\" data-elementor-post-type=\"page\">\n\t\t\t\t\t\t<section class=\"elementor-section elementor-top-section elementor-element elementor-element-ac76f03 elementor-section-height-min-height elementor-section-boxed elementor-section-height-default elementor-section-items-middle\" data-id=\"ac76f03\" data-element_type=\"section\" data-e-type=\"section\" data-settings=\"{&quot;background_background&quot;:&quot;slideshow&quot;,&quot;background_slideshow_gallery&quot;:[{&quot;id&quot;:33231,&quot;url&quot;:&quot;https:\\\/\\\/www.trustguard.eu\\\/wp-content\\\/uploads\\\/2024\\\/12\\\/TG-logo-2-lines.png&quot;}],&quot;background_slideshow_ken_burns&quot;:&quot;yes&quot;,&quot;background_slideshow_loop&quot;:&quot;yes&quot;,&quot;background_slideshow_slide_duration&quot;:5000,&quot;background_slideshow_slide_transition&quot;:&quot;fade&quot;,&quot;background_slideshow_transition_duration&quot;:500,&quot;background_slideshow_ken_burns_zoom_direction&quot;:&quot;in&quot;}\">\n\t\t\t\t\t\t\t<div class=\"elementor-background-overlay\"><\/div>\n\t\t\t\t\t\t\t<div class=\"elementor-container elementor-column-gap-default\">\n\t\t\t\t\t<div class=\"elementor-column elementor-col-100 elementor-top-column elementor-element elementor-element-175972f\" data-id=\"175972f\" data-element_type=\"column\" data-e-type=\"column\">\n\t\t\t<div class=\"elementor-widget-wrap elementor-element-populated\">\n\t\t\t\t\t\t<section class=\"elementor-section elementor-inner-section elementor-element elementor-element-a8893f9 elementor-section-boxed elementor-section-height-default elementor-section-height-default\" data-id=\"a8893f9\" data-element_type=\"section\" data-e-type=\"section\">\n\t\t\t\t\t\t<div class=\"elementor-container elementor-column-gap-default\">\n\t\t\t\t\t<div class=\"elementor-column elementor-col-100 elementor-inner-column elementor-element elementor-element-f024741\" data-id=\"f024741\" data-element_type=\"column\" data-e-type=\"column\">\n\t\t\t<div class=\"elementor-widget-wrap elementor-element-populated\">\n\t\t\t\t\t\t<div class=\"elementor-element elementor-element-2c3d10e elementor-widget__width-auto elementor-widget elementor-widget-heading\" data-id=\"2c3d10e\" data-element_type=\"widget\" data-e-type=\"widget\" data-widget_type=\"heading.default\">\n\t\t\t\t<div class=\"elementor-widget-container\">\n\t\t\t\t\t<h1 class=\"elementor-heading-title elementor-size-default\">Logos<\/h1>\t\t\t\t<\/div>\n\t\t\t\t<\/div>\n\t\t\t\t<div class=\"elementor-element elementor-element-e33be44 elementor-widget elementor-widget-heading\" data-id=\"e33be44\" data-element_type=\"widget\" data-e-type=\"widget\" data-widget_type=\"heading.default\">\n\t\t\t\t<div class=\"elementor-widget-container\">\n\t\t\t\t\t<h2 class=\"elementor-heading-title elementor-size-default\">Promouvoir Trust Guard et utiliser les diff\u00e9rents logos<\/h2>\t\t\t\t<\/div>\n\t\t\t\t<\/div>\n\t\t\t\t<div class=\"elementor-element elementor-element-10c97d8 elementor-align-left elementor-widget elementor-widget-button\" data-id=\"10c97d8\" data-element_type=\"widget\" data-e-type=\"widget\" data-widget_type=\"button.default\">\n\t\t\t\t<div class=\"elementor-widget-container\">\n\t\t\t\t\t\t\t\t\t<div class=\"elementor-button-wrapper\">\n\t\t\t\t\t<a class=\"elementor-button elementor-button-link elementor-size-sm elementor-animation-grow\" href=\"#logos\">\n\t\t\t\t\t\t<span class=\"elementor-button-content-wrapper\">\n\t\t\t\t\t\t<span class=\"elementor-button-icon\">\n\t\t\t\t<i aria-hidden=\"true\" class=\"fas fa-chevron-down\"><\/i>\t\t\t<\/span>\n\t\t\t\t\t\t\t\t\t<span class=\"elementor-button-text\">VOIR NOS LOGOS<\/span>\n\t\t\t\t\t<\/span>\n\t\t\t\t\t<\/a>\n\t\t\t\t<\/div>\n\t\t\t\t\t\t\t\t<\/div>\n\t\t\t\t<\/div>\n\t\t\t\t\t<\/div>\n\t\t<\/div>\n\t\t\t\t\t<\/div>\n\t\t<\/section>\n\t\t\t\t\t<\/div>\n\t\t<\/div>\n\t\t\t\t\t<\/div>\n\t\t<\/section>\n\t\t\t\t<section class=\"elementor-section elementor-top-section elementor-element elementor-element-be42b7f elementor-section-boxed elementor-section-height-default elementor-section-height-default\" data-id=\"be42b7f\" data-element_type=\"section\" data-e-type=\"section\">\n\t\t\t\t\t\t<div class=\"elementor-container elementor-column-gap-default\">\n\t\t\t\t\t<div class=\"elementor-column elementor-col-100 elementor-top-column elementor-element elementor-element-1322ecc\" data-id=\"1322ecc\" data-element_type=\"column\" data-e-type=\"column\">\n\t\t\t<div class=\"elementor-widget-wrap elementor-element-populated\">\n\t\t\t\t\t\t<div class=\"elementor-element elementor-element-5b16296 elementor-widget elementor-widget-spacer\" data-id=\"5b16296\" data-element_type=\"widget\" data-e-type=\"widget\" data-widget_type=\"spacer.default\">\n\t\t\t\t<div class=\"elementor-widget-container\">\n\t\t\t\t\t\t\t<div class=\"elementor-spacer\">\n\t\t\t<div class=\"elementor-spacer-inner\"><\/div>\n\t\t<\/div>\n\t\t\t\t\t\t<\/div>\n\t\t\t\t<\/div>\n\t\t\t\t<div class=\"elementor-element elementor-element-fb04422 elementor-widget elementor-widget-html\" data-id=\"fb04422\" data-element_type=\"widget\" data-e-type=\"widget\" data-widget_type=\"html.default\">\n\t\t\t\t<div class=\"elementor-widget-container\">\n\t\t\t\t\t<div id=\"content\"><\/div>\t\t\t\t<\/div>\n\t\t\t\t<\/div>\n\t\t\t\t<div class=\"elementor-element elementor-element-f76ef6c elementor-widget elementor-widget-menu-anchor\" data-id=\"f76ef6c\" data-element_type=\"widget\" data-e-type=\"widget\" data-widget_type=\"menu-anchor.default\">\n\t\t\t\t<div class=\"elementor-widget-container\">\n\t\t\t\t\t\t\t<div class=\"elementor-menu-anchor\" id=\"logos\"><\/div>\n\t\t\t\t\t\t<\/div>\n\t\t\t\t<\/div>\n\t\t\t\t\t<\/div>\n\t\t<\/div>\n\t\t\t\t\t<\/div>\n\t\t<\/section>\n\t\t\t\t<section class=\"elementor-section elementor-top-section elementor-element elementor-element-07cfce7 elementor-section-boxed elementor-section-height-default elementor-section-height-default\" data-id=\"07cfce7\" data-element_type=\"section\" data-e-type=\"section\">\n\t\t\t\t\t\t<div class=\"elementor-container elementor-column-gap-default\">\n\t\t\t\t\t<div class=\"elementor-column elementor-col-100 elementor-top-column elementor-element elementor-element-79ba44f\" data-id=\"79ba44f\" data-element_type=\"column\" data-e-type=\"column\">\n\t\t\t<div class=\"elementor-widget-wrap elementor-element-populated\">\n\t\t\t\t\t\t<div class=\"elementor-element elementor-element-0450377 elementor-widget elementor-widget-heading\" data-id=\"0450377\" data-element_type=\"widget\" data-e-type=\"widget\" data-widget_type=\"heading.default\">\n\t\t\t\t<div class=\"elementor-widget-container\">\n\t\t\t\t\t<h2 class=\"elementor-heading-title elementor-size-default\">Les logos du Trust Guard<\/h2>\t\t\t\t<\/div>\n\t\t\t\t<\/div>\n\t\t\t\t<div class=\"elementor-element elementor-element-c8beee4 elementor-widget elementor-widget-text-editor\" data-id=\"c8beee4\" data-element_type=\"widget\" data-e-type=\"widget\" data-widget_type=\"text-editor.default\">\n\t\t\t\t<div class=\"elementor-widget-container\">\n\t\t\t\t\t\t\t\t\t<p>Afin de faciliter la promotion active de Trust Guard aupr\u00e8s de vos clients, cette page a \u00e9t\u00e9 sp\u00e9cialement con\u00e7ue pour vous avec diff\u00e9rents logos que vous pouvez utiliser \u00e0 cette fin.<\/p>\n<p>Nous mettons volontiers \u00e0 votre disposition le logo Trust Guard que vous pouvez utiliser, par exemple, sur votre propre site web.<br \/>\nIl s&rsquo;agit d&rsquo;un logo large avec le mot Trust Guard sur une ligne. Vous pouvez \u00e9galement opter pour un logo \u00e9troit qui s&rsquo;\u00e9tend sur deux lignes.<\/p>\n\t\t\t\t\t\t\t\t<\/div>\n\t\t\t\t<\/div>\n\t\t\t\t\t<\/div>\n\t\t<\/div>\n\t\t\t\t\t<\/div>\n\t\t<\/section>\n\t\t\t\t<section class=\"elementor-section elementor-top-section elementor-element elementor-element-bba3eb1 elementor-section-boxed elementor-section-height-default elementor-section-height-default\" data-id=\"bba3eb1\" data-element_type=\"section\" data-e-type=\"section\" data-settings=\"{&quot;background_background&quot;:&quot;classic&quot;}\">\n\t\t\t\t\t\t<div class=\"elementor-container elementor-column-gap-default\">\n\t\t\t\t\t<div class=\"elementor-column elementor-col-100 elementor-top-column elementor-element elementor-element-d20bed4\" data-id=\"d20bed4\" data-element_type=\"column\" data-e-type=\"column\">\n\t\t\t<div class=\"elementor-widget-wrap elementor-element-populated\">\n\t\t\t\t\t\t<section class=\"elementor-section elementor-inner-section elementor-element elementor-element-692ea02 elementor-section-boxed elementor-section-height-default elementor-section-height-default\" data-id=\"692ea02\" data-element_type=\"section\" data-e-type=\"section\">\n\t\t\t\t\t\t<div class=\"elementor-container elementor-column-gap-default\">\n\t\t\t\t\t<div class=\"elementor-column elementor-col-50 elementor-inner-column elementor-element elementor-element-6173cbd\" data-id=\"6173cbd\" data-element_type=\"column\" data-e-type=\"column\">\n\t\t\t<div class=\"elementor-widget-wrap elementor-element-populated\">\n\t\t\t\t\t\t<div class=\"elementor-element elementor-element-18da3ab elementor-widget elementor-widget-image\" data-id=\"18da3ab\" data-element_type=\"widget\" data-e-type=\"widget\" data-widget_type=\"image.default\">\n\t\t\t\t<div class=\"elementor-widget-container\">\n\t\t\t\t\t\t\t\t\t\t\t\t\t\t\t<img fetchpriority=\"high\" decoding=\"async\" width=\"792\" height=\"613\" src=\"https:\/\/www.trustguard.eu\/wp-content\/uploads\/2024\/12\/TG_logo_1-line.png\" class=\"attachment-full size-full wp-image-33229\" alt=\"TG-logo one line\" srcset=\"https:\/\/www.trustguard.eu\/wp-content\/uploads\/2024\/12\/TG_logo_1-line.png 792w, https:\/\/www.trustguard.eu\/wp-content\/uploads\/2024\/12\/TG_logo_1-line-300x232.png 300w\" sizes=\"(max-width: 792px) 100vw, 792px\" \/>\t\t\t\t\t\t\t\t\t\t\t\t\t\t\t<\/div>\n\t\t\t\t<\/div>\n\t\t\t\t\t<\/div>\n\t\t<\/div>\n\t\t\t\t<div class=\"elementor-column elementor-col-50 elementor-inner-column elementor-element elementor-element-84eed85\" data-id=\"84eed85\" data-element_type=\"column\" data-e-type=\"column\">\n\t\t\t<div class=\"elementor-widget-wrap elementor-element-populated\">\n\t\t\t\t\t\t<div class=\"elementor-element elementor-element-8c2d558 elementor-widget__width-initial elementor-widget elementor-widget-image\" data-id=\"8c2d558\" data-element_type=\"widget\" data-e-type=\"widget\" data-widget_type=\"image.default\">\n\t\t\t\t<div class=\"elementor-widget-container\">\n\t\t\t\t\t\t\t\t\t\t\t\t\t\t\t<img decoding=\"async\" width=\"793\" height=\"613\" src=\"https:\/\/www.trustguard.eu\/wp-content\/uploads\/2024\/12\/TG-logo-2-lines.png\" class=\"attachment-full size-full wp-image-33233\" alt=\"Tg-logo two lines\" srcset=\"https:\/\/www.trustguard.eu\/wp-content\/uploads\/2024\/12\/TG-logo-2-lines.png 793w, https:\/\/www.trustguard.eu\/wp-content\/uploads\/2024\/12\/TG-logo-2-lines-300x232.png 300w\" sizes=\"(max-width: 793px) 100vw, 793px\" \/>\t\t\t\t\t\t\t\t\t\t\t\t\t\t\t<\/div>\n\t\t\t\t<\/div>\n\t\t\t\t\t<\/div>\n\t\t<\/div>\n\t\t\t\t\t<\/div>\n\t\t<\/section>\n\t\t\t\t\t<\/div>\n\t\t<\/div>\n\t\t\t\t\t<\/div>\n\t\t<\/section>\n\t\t\t\t<section class=\"elementor-section elementor-top-section elementor-element elementor-element-2bc015d elementor-section-boxed elementor-section-height-default elementor-section-height-default\" data-id=\"2bc015d\" data-element_type=\"section\" data-e-type=\"section\">\n\t\t\t\t\t\t<div class=\"elementor-container elementor-column-gap-default\">\n\t\t\t\t\t<div class=\"elementor-column elementor-col-100 elementor-top-column elementor-element elementor-element-3ff6ec2\" data-id=\"3ff6ec2\" data-element_type=\"column\" data-e-type=\"column\">\n\t\t\t<div class=\"elementor-widget-wrap elementor-element-populated\">\n\t\t\t\t\t\t<div class=\"elementor-element elementor-element-6e19336 elementor-widget elementor-widget-text-editor\" data-id=\"6e19336\" data-element_type=\"widget\" data-e-type=\"widget\" data-widget_type=\"text-editor.default\">\n\t\t\t\t<div class=\"elementor-widget-container\">\n\t\t\t\t\t\t\t\t\t<p>Veuillez noter que ce logo ne peut \u00eatre utilis\u00e9 qu&rsquo;\u00e0 titre d&rsquo;indication des services de Trust Guard et ne remplace pas <a href=\"https:\/\/www.trustguard.eu\/fr\/solution\/trustmark\/\">le trustmark Trust Guard<\/a>.<\/p>\n\t\t\t\t\t\t\t\t<\/div>\n\t\t\t\t<\/div>\n\t\t\t\t<div class=\"elementor-element elementor-element-12e2ab3 elementor-widget elementor-widget-spacer\" data-id=\"12e2ab3\" data-element_type=\"widget\" data-e-type=\"widget\" data-widget_type=\"spacer.default\">\n\t\t\t\t<div class=\"elementor-widget-container\">\n\t\t\t\t\t\t\t<div class=\"elementor-spacer\">\n\t\t\t<div class=\"elementor-spacer-inner\"><\/div>\n\t\t<\/div>\n\t\t\t\t\t\t<\/div>\n\t\t\t\t<\/div>\n\t\t\t\t\t<\/div>\n\t\t<\/div>\n\t\t\t\t\t<\/div>\n\t\t<\/section>\n\t\t\t\t<\/div>\n\t\t","protected":false},"excerpt":{"rendered":"<p>Logos Promouvoir Trust Guard et utiliser les diff\u00e9rents logos VOIR NOS LOGOS Les logos du Trust Guard Afin de faciliter la promotion active de Trust Guard aupr\u00e8s de vos clients, cette page a \u00e9t\u00e9 sp\u00e9cialement con\u00e7ue pour vous avec diff\u00e9rents logos que vous pouvez utiliser \u00e0 cette fin. Nous mettons volontiers \u00e0 votre disposition le <a href=\"https:\/\/www.trustguard.eu\/fr\/relations\/partenaires\/logos\/\" class=\"more-link\">&#8230;<\/a><\/p>\n","protected":false},"author":2,"featured_media":0,"parent":33563,"menu_order":30,"comment_status":"closed","ping_status":"closed","template":"elementor_header_footer","meta":{"_acf_changed":false,"inline_featured_image":false,"footnotes":""},"class_list":["post-33579","page","type-page","status-publish","hentry"],"acf":[],"yoast_head":"<!-- This site is optimized with the Yoast SEO plugin v27.3 - https:\/\/yoast.com\/product\/yoast-seo-wordpress\/ -->\n<title>Logos - Trust Guard<\/title>\n<meta name=\"description\" content=\"Nos partenaires poss\u00e8dent des connaissances et une expertise sp\u00e9cifiques qui leur permettent de vous aider efficacement dans le domaine de la s\u00e9curit\u00e9 des sites web.\" \/>\n<meta name=\"robots\" content=\"index, follow, max-snippet:-1, max-image-preview:large, max-video-preview:-1\" \/>\n<link rel=\"canonical\" href=\"https:\/\/www.trustguard.eu\/fr\/relations\/partenaires\/logos\/\" \/>\n<meta property=\"og:locale\" content=\"fr_FR\" \/>\n<meta property=\"og:type\" content=\"article\" \/>\n<meta property=\"og:title\" content=\"Logos - Trust Guard\" \/>\n<meta property=\"og:description\" content=\"Nos partenaires poss\u00e8dent des connaissances et une expertise sp\u00e9cifiques qui leur permettent de vous aider efficacement dans le domaine de la s\u00e9curit\u00e9 des sites web.\" \/>\n<meta property=\"og:url\" content=\"https:\/\/www.trustguard.eu\/fr\/relations\/partenaires\/logos\/\" \/>\n<meta property=\"og:site_name\" content=\"Trust Guard\" \/>\n<meta property=\"article:modified_time\" content=\"2025-04-28T12:17:49+00:00\" \/>\n<meta property=\"og:image\" content=\"https:\/\/www.trustguard.eu\/wp-content\/uploads\/2024\/12\/TG_logo_1-line.png\" \/>\n\t<meta property=\"og:image:width\" content=\"792\" \/>\n\t<meta property=\"og:image:height\" content=\"613\" \/>\n\t<meta property=\"og:image:type\" content=\"image\/png\" \/>\n<meta name=\"twitter:card\" content=\"summary_large_image\" \/>\n<meta name=\"twitter:label1\" content=\"Dur\u00e9e de lecture estim\u00e9e\" \/>\n\t<meta name=\"twitter:data1\" content=\"1 minute\" \/>\n<script type=\"application\/ld+json\" class=\"yoast-schema-graph\">{\"@context\":\"https:\\\/\\\/schema.org\",\"@graph\":[{\"@type\":\"WebPage\",\"@id\":\"https:\\\/\\\/www.trustguard.eu\\\/fr\\\/relations\\\/partenaires\\\/logos\\\/\",\"url\":\"https:\\\/\\\/www.trustguard.eu\\\/fr\\\/relations\\\/partenaires\\\/logos\\\/\",\"name\":\"Logos - Trust Guard\",\"isPartOf\":{\"@id\":\"https:\\\/\\\/www.trustguard.eu\\\/fr\\\/#website\"},\"primaryImageOfPage\":{\"@id\":\"https:\\\/\\\/www.trustguard.eu\\\/fr\\\/relations\\\/partenaires\\\/logos\\\/#primaryimage\"},\"image\":{\"@id\":\"https:\\\/\\\/www.trustguard.eu\\\/fr\\\/relations\\\/partenaires\\\/logos\\\/#primaryimage\"},\"thumbnailUrl\":\"https:\\\/\\\/www.trustguard.eu\\\/wp-content\\\/uploads\\\/2024\\\/12\\\/TG_logo_1-line.png\",\"datePublished\":\"2025-03-17T15:02:48+00:00\",\"dateModified\":\"2025-04-28T12:17:49+00:00\",\"description\":\"Nos partenaires poss\u00e8dent des connaissances et une expertise sp\u00e9cifiques qui leur permettent de vous aider efficacement dans le domaine de la s\u00e9curit\u00e9 des sites web.\",\"breadcrumb\":{\"@id\":\"https:\\\/\\\/www.trustguard.eu\\\/fr\\\/relations\\\/partenaires\\\/logos\\\/#breadcrumb\"},\"inLanguage\":\"fr-FR\",\"potentialAction\":[{\"@type\":\"ReadAction\",\"target\":[\"https:\\\/\\\/www.trustguard.eu\\\/fr\\\/relations\\\/partenaires\\\/logos\\\/\"]}]},{\"@type\":\"ImageObject\",\"inLanguage\":\"fr-FR\",\"@id\":\"https:\\\/\\\/www.trustguard.eu\\\/fr\\\/relations\\\/partenaires\\\/logos\\\/#primaryimage\",\"url\":\"https:\\\/\\\/www.trustguard.eu\\\/wp-content\\\/uploads\\\/2024\\\/12\\\/TG_logo_1-line.png\",\"contentUrl\":\"https:\\\/\\\/www.trustguard.eu\\\/wp-content\\\/uploads\\\/2024\\\/12\\\/TG_logo_1-line.png\"},{\"@type\":\"BreadcrumbList\",\"@id\":\"https:\\\/\\\/www.trustguard.eu\\\/fr\\\/relations\\\/partenaires\\\/logos\\\/#breadcrumb\",\"itemListElement\":[{\"@type\":\"ListItem\",\"position\":1,\"name\":\"Home\",\"item\":\"https:\\\/\\\/www.trustguard.eu\\\/fr\\\/\"},{\"@type\":\"ListItem\",\"position\":2,\"name\":\"Relations\",\"item\":\"https:\\\/\\\/www.trustguard.eu\\\/fr\\\/relaties\\\/\"},{\"@type\":\"ListItem\",\"position\":3,\"name\":\"Partenaires\",\"item\":\"https:\\\/\\\/www.trustguard.eu\\\/fr\\\/relations\\\/partenaires\\\/\"},{\"@type\":\"ListItem\",\"position\":4,\"name\":\"Logos\"}]},{\"@type\":\"WebSite\",\"@id\":\"https:\\\/\\\/www.trustguard.eu\\\/fr\\\/#website\",\"url\":\"https:\\\/\\\/www.trustguard.eu\\\/fr\\\/\",\"name\":\"Trust Guard\",\"description\":\"Websitebeveiliging\",\"publisher\":{\"@id\":\"https:\\\/\\\/www.trustguard.eu\\\/fr\\\/#organization\"},\"potentialAction\":[{\"@type\":\"SearchAction\",\"target\":{\"@type\":\"EntryPoint\",\"urlTemplate\":\"https:\\\/\\\/www.trustguard.eu\\\/fr\\\/?s={search_term_string}\"},\"query-input\":{\"@type\":\"PropertyValueSpecification\",\"valueRequired\":true,\"valueName\":\"search_term_string\"}}],\"inLanguage\":\"fr-FR\"},{\"@type\":\"Organization\",\"@id\":\"https:\\\/\\\/www.trustguard.eu\\\/fr\\\/#organization\",\"name\":\"Trust Guard\",\"url\":\"https:\\\/\\\/www.trustguard.eu\\\/fr\\\/\",\"logo\":{\"@type\":\"ImageObject\",\"inLanguage\":\"fr-FR\",\"@id\":\"https:\\\/\\\/www.trustguard.eu\\\/fr\\\/#\\\/schema\\\/logo\\\/image\\\/\",\"url\":\"https:\\\/\\\/www.trustguard.eu\\\/wp-content\\\/uploads\\\/2024\\\/12\\\/TG_logo_1-line.png\",\"contentUrl\":\"https:\\\/\\\/www.trustguard.eu\\\/wp-content\\\/uploads\\\/2024\\\/12\\\/TG_logo_1-line.png\",\"width\":792,\"height\":613,\"caption\":\"Trust Guard\"},\"image\":{\"@id\":\"https:\\\/\\\/www.trustguard.eu\\\/fr\\\/#\\\/schema\\\/logo\\\/image\\\/\"},\"sameAs\":[\"https:\\\/\\\/nl.linkedin.com\\\/company\\\/paybylink-com\"]}]}<\/script>\n<!-- \/ Yoast SEO plugin. -->","yoast_head_json":{"title":"Logos - Trust Guard","description":"Nos partenaires poss\u00e8dent des connaissances et une expertise sp\u00e9cifiques qui leur permettent de vous aider efficacement dans le domaine de la s\u00e9curit\u00e9 des sites web.","robots":{"index":"index","follow":"follow","max-snippet":"max-snippet:-1","max-image-preview":"max-image-preview:large","max-video-preview":"max-video-preview:-1"},"canonical":"https:\/\/www.trustguard.eu\/fr\/relations\/partenaires\/logos\/","og_locale":"fr_FR","og_type":"article","og_title":"Logos - Trust Guard","og_description":"Nos partenaires poss\u00e8dent des connaissances et une expertise sp\u00e9cifiques qui leur permettent de vous aider efficacement dans le domaine de la s\u00e9curit\u00e9 des sites web.","og_url":"https:\/\/www.trustguard.eu\/fr\/relations\/partenaires\/logos\/","og_site_name":"Trust Guard","article_modified_time":"2025-04-28T12:17:49+00:00","og_image":[{"width":792,"height":613,"url":"https:\/\/www.trustguard.eu\/wp-content\/uploads\/2024\/12\/TG_logo_1-line.png","type":"image\/png"}],"twitter_card":"summary_large_image","twitter_misc":{"Dur\u00e9e de lecture estim\u00e9e":"1 minute"},"schema":{"@context":"https:\/\/schema.org","@graph":[{"@type":"WebPage","@id":"https:\/\/www.trustguard.eu\/fr\/relations\/partenaires\/logos\/","url":"https:\/\/www.trustguard.eu\/fr\/relations\/partenaires\/logos\/","name":"Logos - Trust Guard","isPartOf":{"@id":"https:\/\/www.trustguard.eu\/fr\/#website"},"primaryImageOfPage":{"@id":"https:\/\/www.trustguard.eu\/fr\/relations\/partenaires\/logos\/#primaryimage"},"image":{"@id":"https:\/\/www.trustguard.eu\/fr\/relations\/partenaires\/logos\/#primaryimage"},"thumbnailUrl":"https:\/\/www.trustguard.eu\/wp-content\/uploads\/2024\/12\/TG_logo_1-line.png","datePublished":"2025-03-17T15:02:48+00:00","dateModified":"2025-04-28T12:17:49+00:00","description":"Nos partenaires poss\u00e8dent des connaissances et une expertise sp\u00e9cifiques qui leur permettent de vous aider efficacement dans le domaine de la s\u00e9curit\u00e9 des sites web.","breadcrumb":{"@id":"https:\/\/www.trustguard.eu\/fr\/relations\/partenaires\/logos\/#breadcrumb"},"inLanguage":"fr-FR","potentialAction":[{"@type":"ReadAction","target":["https:\/\/www.trustguard.eu\/fr\/relations\/partenaires\/logos\/"]}]},{"@type":"ImageObject","inLanguage":"fr-FR","@id":"https:\/\/www.trustguard.eu\/fr\/relations\/partenaires\/logos\/#primaryimage","url":"https:\/\/www.trustguard.eu\/wp-content\/uploads\/2024\/12\/TG_logo_1-line.png","contentUrl":"https:\/\/www.trustguard.eu\/wp-content\/uploads\/2024\/12\/TG_logo_1-line.png"},{"@type":"BreadcrumbList","@id":"https:\/\/www.trustguard.eu\/fr\/relations\/partenaires\/logos\/#breadcrumb","itemListElement":[{"@type":"ListItem","position":1,"name":"Home","item":"https:\/\/www.trustguard.eu\/fr\/"},{"@type":"ListItem","position":2,"name":"Relations","item":"https:\/\/www.trustguard.eu\/fr\/relaties\/"},{"@type":"ListItem","position":3,"name":"Partenaires","item":"https:\/\/www.trustguard.eu\/fr\/relations\/partenaires\/"},{"@type":"ListItem","position":4,"name":"Logos"}]},{"@type":"WebSite","@id":"https:\/\/www.trustguard.eu\/fr\/#website","url":"https:\/\/www.trustguard.eu\/fr\/","name":"Trust Guard","description":"Websitebeveiliging","publisher":{"@id":"https:\/\/www.trustguard.eu\/fr\/#organization"},"potentialAction":[{"@type":"SearchAction","target":{"@type":"EntryPoint","urlTemplate":"https:\/\/www.trustguard.eu\/fr\/?s={search_term_string}"},"query-input":{"@type":"PropertyValueSpecification","valueRequired":true,"valueName":"search_term_string"}}],"inLanguage":"fr-FR"},{"@type":"Organization","@id":"https:\/\/www.trustguard.eu\/fr\/#organization","name":"Trust Guard","url":"https:\/\/www.trustguard.eu\/fr\/","logo":{"@type":"ImageObject","inLanguage":"fr-FR","@id":"https:\/\/www.trustguard.eu\/fr\/#\/schema\/logo\/image\/","url":"https:\/\/www.trustguard.eu\/wp-content\/uploads\/2024\/12\/TG_logo_1-line.png","contentUrl":"https:\/\/www.trustguard.eu\/wp-content\/uploads\/2024\/12\/TG_logo_1-line.png","width":792,"height":613,"caption":"Trust Guard"},"image":{"@id":"https:\/\/www.trustguard.eu\/fr\/#\/schema\/logo\/image\/"},"sameAs":["https:\/\/nl.linkedin.com\/company\/paybylink-com"]}]}},"_links":{"self":[{"href":"https:\/\/www.trustguard.eu\/fr\/wp-json\/wp\/v2\/pages\/33579","targetHints":{"allow":["GET"]}}],"collection":[{"href":"https:\/\/www.trustguard.eu\/fr\/wp-json\/wp\/v2\/pages"}],"about":[{"href":"https:\/\/www.trustguard.eu\/fr\/wp-json\/wp\/v2\/types\/page"}],"author":[{"embeddable":true,"href":"https:\/\/www.trustguard.eu\/fr\/wp-json\/wp\/v2\/users\/2"}],"replies":[{"embeddable":true,"href":"https:\/\/www.trustguard.eu\/fr\/wp-json\/wp\/v2\/comments?post=33579"}],"version-history":[{"count":0,"href":"https:\/\/www.trustguard.eu\/fr\/wp-json\/wp\/v2\/pages\/33579\/revisions"}],"up":[{"embeddable":true,"href":"https:\/\/www.trustguard.eu\/fr\/wp-json\/wp\/v2\/pages\/33563"}],"wp:attachment":[{"href":"https:\/\/www.trustguard.eu\/fr\/wp-json\/wp\/v2\/media?parent=33579"}],"curies":[{"name":"wp","href":"https:\/\/api.w.org\/{rel}","templated":true}]}}