{"id":33668,"date":"2025-01-14T10:20:47","date_gmt":"2025-01-14T10:20:47","guid":{"rendered":"https:\/\/www.trustguard.eu\/?page_id=33668"},"modified":"2025-07-01T09:34:09","modified_gmt":"2025-07-01T09:34:09","slug":"brochure","status":"publish","type":"page","link":"https:\/\/www.trustguard.eu\/fr\/relations\/partenaires\/brochure\/","title":{"rendered":"Brochure"},"content":{"rendered":"\t\t<div data-elementor-type=\"wp-page\" data-elementor-id=\"33668\" class=\"elementor elementor-33668 elementor-32793\" data-elementor-post-type=\"page\">\n\t\t\t\t\t\t<section class=\"elementor-section elementor-top-section elementor-element elementor-element-28a9cf2 elementor-section-boxed elementor-section-height-default elementor-section-height-default\" data-id=\"28a9cf2\" data-element_type=\"section\" data-e-type=\"section\">\n\t\t\t\t\t\t<div class=\"elementor-container elementor-column-gap-default\">\n\t\t\t\t\t<div class=\"elementor-column elementor-col-100 elementor-top-column elementor-element elementor-element-7708651\" data-id=\"7708651\" data-element_type=\"column\" data-e-type=\"column\">\n\t\t\t<div class=\"elementor-widget-wrap\">\n\t\t\t\t\t\t\t<\/div>\n\t\t<\/div>\n\t\t\t\t\t<\/div>\n\t\t<\/section>\n\t\t\t\t<section class=\"elementor-section elementor-top-section elementor-element elementor-element-ac76f03 elementor-section-height-min-height elementor-section-boxed elementor-section-height-default elementor-section-items-middle\" data-id=\"ac76f03\" data-element_type=\"section\" data-e-type=\"section\" data-settings=\"{&quot;background_background&quot;:&quot;slideshow&quot;,&quot;background_slideshow_gallery&quot;:[{&quot;id&quot;:33642,&quot;url&quot;:&quot;https:\\\/\\\/www.trustguard.eu\\\/wp-content\\\/uploads\\\/2024\\\/12\\\/header-brochure.png&quot;}],&quot;background_slideshow_ken_burns&quot;:&quot;yes&quot;,&quot;background_slideshow_loop&quot;:&quot;yes&quot;,&quot;background_slideshow_slide_duration&quot;:5000,&quot;background_slideshow_slide_transition&quot;:&quot;fade&quot;,&quot;background_slideshow_transition_duration&quot;:500,&quot;background_slideshow_ken_burns_zoom_direction&quot;:&quot;in&quot;}\">\n\t\t\t\t\t\t\t<div class=\"elementor-background-overlay\"><\/div>\n\t\t\t\t\t\t\t<div class=\"elementor-container elementor-column-gap-default\">\n\t\t\t\t\t<div class=\"elementor-column elementor-col-100 elementor-top-column elementor-element elementor-element-175972f\" data-id=\"175972f\" data-element_type=\"column\" data-e-type=\"column\">\n\t\t\t<div class=\"elementor-widget-wrap elementor-element-populated\">\n\t\t\t\t\t\t<section class=\"elementor-section elementor-inner-section elementor-element elementor-element-a8893f9 elementor-section-boxed elementor-section-height-default elementor-section-height-default\" data-id=\"a8893f9\" data-element_type=\"section\" data-e-type=\"section\">\n\t\t\t\t\t\t<div class=\"elementor-container elementor-column-gap-default\">\n\t\t\t\t\t<div class=\"elementor-column elementor-col-100 elementor-inner-column elementor-element elementor-element-f024741\" data-id=\"f024741\" data-element_type=\"column\" data-e-type=\"column\">\n\t\t\t<div class=\"elementor-widget-wrap elementor-element-populated\">\n\t\t\t\t\t\t<div class=\"elementor-element elementor-element-2c3d10e elementor-widget__width-auto elementor-widget elementor-widget-heading\" data-id=\"2c3d10e\" data-element_type=\"widget\" data-e-type=\"widget\" data-widget_type=\"heading.default\">\n\t\t\t\t<div class=\"elementor-widget-container\">\n\t\t\t\t\t<h1 class=\"elementor-heading-title elementor-size-default\">Brochure<\/h1>\t\t\t\t<\/div>\n\t\t\t\t<\/div>\n\t\t\t\t<div class=\"elementor-element elementor-element-8fa201f elementor-widget elementor-widget-heading\" data-id=\"8fa201f\" data-element_type=\"widget\" data-e-type=\"widget\" data-widget_type=\"heading.default\">\n\t\t\t\t<div class=\"elementor-widget-container\">\n\t\t\t\t\t<h2 class=\"elementor-heading-title elementor-size-default\">Avec votre propre brochure, il est facile de promouvoir Trust Guard aupr\u00e8s de vos clients.<\/h2>\t\t\t\t<\/div>\n\t\t\t\t<\/div>\n\t\t\t\t<div class=\"elementor-element elementor-element-cb7327d elementor-align-left elementor-widget elementor-widget-button\" data-id=\"cb7327d\" data-element_type=\"widget\" data-e-type=\"widget\" data-widget_type=\"button.default\">\n\t\t\t\t<div class=\"elementor-widget-container\">\n\t\t\t\t\t\t\t\t\t<div class=\"elementor-button-wrapper\">\n\t\t\t\t\t<a class=\"elementor-button elementor-button-link elementor-size-sm elementor-animation-grow\" href=\"#brochure\">\n\t\t\t\t\t\t<span class=\"elementor-button-content-wrapper\">\n\t\t\t\t\t\t<span class=\"elementor-button-icon\">\n\t\t\t\t<i aria-hidden=\"true\" class=\"fas fa-chevron-down\"><\/i>\t\t\t<\/span>\n\t\t\t\t\t\t\t\t\t<span class=\"elementor-button-text\">VOIR LA BROCHURE<\/span>\n\t\t\t\t\t<\/span>\n\t\t\t\t\t<\/a>\n\t\t\t\t<\/div>\n\t\t\t\t\t\t\t\t<\/div>\n\t\t\t\t<\/div>\n\t\t\t\t\t<\/div>\n\t\t<\/div>\n\t\t\t\t\t<\/div>\n\t\t<\/section>\n\t\t\t\t\t<\/div>\n\t\t<\/div>\n\t\t\t\t\t<\/div>\n\t\t<\/section>\n\t\t\t\t<section class=\"elementor-section elementor-top-section elementor-element elementor-element-be42b7f elementor-section-boxed elementor-section-height-default elementor-section-height-default\" data-id=\"be42b7f\" data-element_type=\"section\" data-e-type=\"section\">\n\t\t\t\t\t\t<div class=\"elementor-container elementor-column-gap-default\">\n\t\t\t\t\t<div class=\"elementor-column elementor-col-100 elementor-top-column elementor-element elementor-element-1322ecc\" data-id=\"1322ecc\" data-element_type=\"column\" data-e-type=\"column\">\n\t\t\t<div class=\"elementor-widget-wrap elementor-element-populated\">\n\t\t\t\t\t\t<div class=\"elementor-element elementor-element-5b16296 elementor-widget elementor-widget-spacer\" data-id=\"5b16296\" data-element_type=\"widget\" data-e-type=\"widget\" data-widget_type=\"spacer.default\">\n\t\t\t\t<div class=\"elementor-widget-container\">\n\t\t\t\t\t\t\t<div class=\"elementor-spacer\">\n\t\t\t<div class=\"elementor-spacer-inner\"><\/div>\n\t\t<\/div>\n\t\t\t\t\t\t<\/div>\n\t\t\t\t<\/div>\n\t\t\t\t<div class=\"elementor-element elementor-element-fb04422 elementor-widget elementor-widget-html\" data-id=\"fb04422\" data-element_type=\"widget\" data-e-type=\"widget\" data-widget_type=\"html.default\">\n\t\t\t\t<div class=\"elementor-widget-container\">\n\t\t\t\t\t<div id=\"content\"><\/div>\t\t\t\t<\/div>\n\t\t\t\t<\/div>\n\t\t\t\t<div class=\"elementor-element elementor-element-fb47177 elementor-widget elementor-widget-menu-anchor\" data-id=\"fb47177\" data-element_type=\"widget\" data-e-type=\"widget\" data-widget_type=\"menu-anchor.default\">\n\t\t\t\t<div class=\"elementor-widget-container\">\n\t\t\t\t\t\t\t<div class=\"elementor-menu-anchor\" id=\"brochure\"><\/div>\n\t\t\t\t\t\t<\/div>\n\t\t\t\t<\/div>\n\t\t\t\t\t<\/div>\n\t\t<\/div>\n\t\t\t\t\t<\/div>\n\t\t<\/section>\n\t\t\t\t<section class=\"elementor-section elementor-top-section elementor-element elementor-element-c8b445c elementor-section-boxed elementor-section-height-default elementor-section-height-default\" data-id=\"c8b445c\" data-element_type=\"section\" data-e-type=\"section\">\n\t\t\t\t\t\t<div class=\"elementor-container elementor-column-gap-default\">\n\t\t\t\t\t<div class=\"elementor-column elementor-col-100 elementor-top-column elementor-element elementor-element-82bf82c\" data-id=\"82bf82c\" data-element_type=\"column\" data-e-type=\"column\">\n\t\t\t<div class=\"elementor-widget-wrap elementor-element-populated\">\n\t\t\t\t\t\t<div class=\"elementor-element elementor-element-1b6a3e3 elementor-widget elementor-widget-heading\" data-id=\"1b6a3e3\" data-element_type=\"widget\" data-e-type=\"widget\" data-widget_type=\"heading.default\">\n\t\t\t\t<div class=\"elementor-widget-container\">\n\t\t\t\t\t<h2 class=\"elementor-heading-title elementor-size-default\">Votre propre brochure Trust Guard<\/h2>\t\t\t\t<\/div>\n\t\t\t\t<\/div>\n\t\t\t\t<div class=\"elementor-element elementor-element-5c13ffa elementor-widget elementor-widget-text-editor\" data-id=\"5c13ffa\" data-element_type=\"widget\" data-e-type=\"widget\" data-widget_type=\"text-editor.default\">\n\t\t\t\t<div class=\"elementor-widget-container\">\n\t\t\t\t\t\t\t\t\tNous avons pr\u00e9par\u00e9 pour vous une brochure sur l&rsquo;importance de la s\u00e9curit\u00e9 des sites web. Cette brochure indique \u00e9galement que les r\u00e9sultats de l&rsquo;analyse de vuln\u00e9rabilit\u00e9 de Trust Guard sont disponibles dans diff\u00e9rents rapports. Les rapports sont pr\u00e9par\u00e9s conform\u00e9ment aux normes telles que PCI DSS, GDPR, ISO27001, OWASP, NIS2, HIPAA et SOx. Utile si un client doit r\u00e9pondre aux exigences de s\u00e9curit\u00e9 de son secteur.<br><br>Le mat\u00e9riel est disponible en n\u00e9erlandais et en anglais. Nous veillons \u00e0 ce que votre logo, vos coordonn\u00e9es et (si vous le souhaitez) votre personne de contact soient inclus. Ainsi, les clients savent imm\u00e9diatement \u00e0 qui s&rsquo;adresser pour obtenir de plus amples informations.\t\t\t\t\t\t\t\t<\/div>\n\t\t\t\t<\/div>\n\t\t\t\t\t<\/div>\n\t\t<\/div>\n\t\t\t\t\t<\/div>\n\t\t<\/section>\n\t\t\t\t<section class=\"elementor-section elementor-top-section elementor-element elementor-element-bf7a6a3 elementor-section-boxed elementor-section-height-default elementor-section-height-default\" data-id=\"bf7a6a3\" data-element_type=\"section\" data-e-type=\"section\">\n\t\t\t\t\t\t<div class=\"elementor-container elementor-column-gap-default\">\n\t\t\t\t\t<div class=\"elementor-column elementor-col-100 elementor-top-column elementor-element elementor-element-3a0dba9\" data-id=\"3a0dba9\" data-element_type=\"column\" data-e-type=\"column\">\n\t\t\t<div class=\"elementor-widget-wrap elementor-element-populated\">\n\t\t\t\t\t\t<div class=\"elementor-element elementor-element-a7f26e7 elementor-widget__width-initial elementor-widget elementor-widget-image\" data-id=\"a7f26e7\" data-element_type=\"widget\" data-e-type=\"widget\" data-widget_type=\"image.default\">\n\t\t\t\t<div class=\"elementor-widget-container\">\n\t\t\t\t\t\t\t\t\t\t\t\t\t\t\t<img fetchpriority=\"high\" decoding=\"async\" width=\"900\" height=\"540\" src=\"https:\/\/www.trustguard.eu\/wp-content\/uploads\/2025\/07\/brochure-example-en-2.png\" class=\"attachment-large size-large wp-image-36334\" alt=\"Exemple de brochure en anglais\" srcset=\"https:\/\/www.trustguard.eu\/wp-content\/uploads\/2025\/07\/brochure-example-en-2.png 900w, https:\/\/www.trustguard.eu\/wp-content\/uploads\/2025\/07\/brochure-example-en-2-300x180.png 300w\" sizes=\"(max-width: 900px) 100vw, 900px\" \/>\t\t\t\t\t\t\t\t\t\t\t\t\t\t\t<\/div>\n\t\t\t\t<\/div>\n\t\t\t\t\t<\/div>\n\t\t<\/div>\n\t\t\t\t\t<\/div>\n\t\t<\/section>\n\t\t\t\t<section class=\"elementor-section elementor-top-section elementor-element elementor-element-726eddf elementor-section-boxed elementor-section-height-default elementor-section-height-default\" data-id=\"726eddf\" data-element_type=\"section\" data-e-type=\"section\">\n\t\t\t\t\t\t<div class=\"elementor-container elementor-column-gap-default\">\n\t\t\t\t\t<div class=\"elementor-column elementor-col-100 elementor-top-column elementor-element elementor-element-ddb4756\" data-id=\"ddb4756\" data-element_type=\"column\" data-e-type=\"column\">\n\t\t\t<div class=\"elementor-widget-wrap elementor-element-populated\">\n\t\t\t\t\t\t<div class=\"elementor-element elementor-element-bdc0cda elementor-widget elementor-widget-heading\" data-id=\"bdc0cda\" data-element_type=\"widget\" data-e-type=\"widget\" data-widget_type=\"heading.default\">\n\t\t\t\t<div class=\"elementor-widget-container\">\n\t\t\t\t\t<h2 class=\"elementor-heading-title elementor-size-default\">Plus de mat\u00e9riel promotionnel<\/h2>\t\t\t\t<\/div>\n\t\t\t\t<\/div>\n\t\t\t\t\t<\/div>\n\t\t<\/div>\n\t\t\t\t\t<\/div>\n\t\t<\/section>\n\t\t\t\t<section class=\"elementor-section elementor-top-section elementor-element elementor-element-7dc67a5 elementor-section-boxed elementor-section-height-default elementor-section-height-default\" data-id=\"7dc67a5\" data-element_type=\"section\" data-e-type=\"section\">\n\t\t\t\t\t\t<div class=\"elementor-container elementor-column-gap-default\">\n\t\t\t\t\t<div class=\"elementor-column elementor-col-100 elementor-top-column elementor-element elementor-element-49e3c1b\" data-id=\"49e3c1b\" data-element_type=\"column\" data-e-type=\"column\">\n\t\t\t<div class=\"elementor-widget-wrap elementor-element-populated\">\n\t\t\t\t\t\t<div class=\"elementor-element elementor-element-9f3c0e1 elementor-widget elementor-widget-text-editor\" data-id=\"9f3c0e1\" data-element_type=\"widget\" data-e-type=\"widget\" data-widget_type=\"text-editor.default\">\n\t\t\t\t<div class=\"elementor-widget-container\">\n\t\t\t\t\t\t\t\t\t<p>En plus de la brochure, nous sommes heureux de vous aider \u00e0 faire conna\u00eetre Trust Guard. Nous disposons \u00e9galement de <a href=\"https:\/\/www.trustguard.eu\/fr\/relations\/presentation-des-partenaires\/logos\/\">logos<\/a>, de <a href=\"https:\/\/www.trustguard.eu\/fr\/relations\/presentation-des-partenaires\/bannieres\/\">banni\u00e8res<\/a> et de <a href=\"https:\/\/www.trustguard.eu\/fr\/relations\/presentation-des-partenaires\/textes\/\">textes<\/a> \u00e0 cet effet.<\/p>\n\t\t\t\t\t\t\t\t<\/div>\n\t\t\t\t<\/div>\n\t\t\t\t\t<\/div>\n\t\t<\/div>\n\t\t\t\t\t<\/div>\n\t\t<\/section>\n\t\t\t\t<\/div>\n\t\t","protected":false},"excerpt":{"rendered":"<p>Brochure Avec votre propre brochure, il est facile de promouvoir Trust Guard aupr\u00e8s de vos clients. VOIR LA BROCHURE Votre propre brochure Trust Guard Nous avons pr\u00e9par\u00e9 pour vous une brochure sur l&rsquo;importance de la s\u00e9curit\u00e9 des sites web. Cette brochure indique \u00e9galement que les r\u00e9sultats de l&rsquo;analyse de vuln\u00e9rabilit\u00e9 de Trust Guard sont disponibles <a href=\"https:\/\/www.trustguard.eu\/fr\/relations\/partenaires\/brochure\/\" class=\"more-link\">&#8230;<\/a><\/p>\n","protected":false},"author":2,"featured_media":0,"parent":33563,"menu_order":50,"comment_status":"closed","ping_status":"closed","template":"elementor_header_footer","meta":{"_acf_changed":false,"inline_featured_image":false,"footnotes":""},"class_list":["post-33668","page","type-page","status-publish","hentry"],"acf":[],"yoast_head":"<!-- This site is optimized with the Yoast SEO plugin v27.3 - https:\/\/yoast.com\/product\/yoast-seo-wordpress\/ -->\n<title>Brochure - Trust Guard<\/title>\n<meta name=\"description\" content=\"Le fait de disposer de votre propre brochure facilite la promotion active de Trust Guard. Nous nous ferons un plaisir de vous aider \u00e0 ajouter votre logo et vos coordonn\u00e9es.\" \/>\n<meta name=\"robots\" content=\"index, follow, max-snippet:-1, max-image-preview:large, max-video-preview:-1\" \/>\n<link rel=\"canonical\" href=\"https:\/\/www.trustguard.eu\/fr\/relations\/partenaires\/brochure\/\" \/>\n<meta property=\"og:locale\" content=\"fr_FR\" \/>\n<meta property=\"og:type\" content=\"article\" \/>\n<meta property=\"og:title\" content=\"Brochure - Trust Guard\" \/>\n<meta property=\"og:description\" content=\"Le fait de disposer de votre propre brochure facilite la promotion active de Trust Guard. Nous nous ferons un plaisir de vous aider \u00e0 ajouter votre logo et vos coordonn\u00e9es.\" \/>\n<meta property=\"og:url\" content=\"https:\/\/www.trustguard.eu\/fr\/relations\/partenaires\/brochure\/\" \/>\n<meta property=\"og:site_name\" content=\"Trust Guard\" \/>\n<meta property=\"article:modified_time\" content=\"2025-07-01T09:34:09+00:00\" \/>\n<meta property=\"og:image\" content=\"https:\/\/www.trustguard.eu\/wp-content\/uploads\/2024\/12\/folder-voorbeeld-nl.png\" \/>\n\t<meta property=\"og:image:width\" content=\"900\" \/>\n\t<meta property=\"og:image:height\" content=\"540\" \/>\n\t<meta property=\"og:image:type\" content=\"image\/png\" \/>\n<meta name=\"twitter:card\" content=\"summary_large_image\" \/>\n<meta name=\"twitter:label1\" content=\"Dur\u00e9e de lecture estim\u00e9e\" \/>\n\t<meta name=\"twitter:data1\" content=\"2 minutes\" \/>\n<script type=\"application\/ld+json\" class=\"yoast-schema-graph\">{\"@context\":\"https:\\\/\\\/schema.org\",\"@graph\":[{\"@type\":\"WebPage\",\"@id\":\"https:\\\/\\\/www.trustguard.eu\\\/fr\\\/relations\\\/partenaires\\\/brochure\\\/\",\"url\":\"https:\\\/\\\/www.trustguard.eu\\\/fr\\\/relations\\\/partenaires\\\/brochure\\\/\",\"name\":\"Brochure - Trust Guard\",\"isPartOf\":{\"@id\":\"https:\\\/\\\/www.trustguard.eu\\\/fr\\\/#website\"},\"primaryImageOfPage\":{\"@id\":\"https:\\\/\\\/www.trustguard.eu\\\/fr\\\/relations\\\/partenaires\\\/brochure\\\/#primaryimage\"},\"image\":{\"@id\":\"https:\\\/\\\/www.trustguard.eu\\\/fr\\\/relations\\\/partenaires\\\/brochure\\\/#primaryimage\"},\"thumbnailUrl\":\"https:\\\/\\\/www.trustguard.eu\\\/wp-content\\\/uploads\\\/2024\\\/12\\\/folder-voorbeeld-nl.png\",\"datePublished\":\"2025-01-14T10:20:47+00:00\",\"dateModified\":\"2025-07-01T09:34:09+00:00\",\"description\":\"Le fait de disposer de votre propre brochure facilite la promotion active de Trust Guard. Nous nous ferons un plaisir de vous aider \u00e0 ajouter votre logo et vos coordonn\u00e9es.\",\"breadcrumb\":{\"@id\":\"https:\\\/\\\/www.trustguard.eu\\\/fr\\\/relations\\\/partenaires\\\/brochure\\\/#breadcrumb\"},\"inLanguage\":\"fr-FR\",\"potentialAction\":[{\"@type\":\"ReadAction\",\"target\":[\"https:\\\/\\\/www.trustguard.eu\\\/fr\\\/relations\\\/partenaires\\\/brochure\\\/\"]}]},{\"@type\":\"ImageObject\",\"inLanguage\":\"fr-FR\",\"@id\":\"https:\\\/\\\/www.trustguard.eu\\\/fr\\\/relations\\\/partenaires\\\/brochure\\\/#primaryimage\",\"url\":\"https:\\\/\\\/www.trustguard.eu\\\/wp-content\\\/uploads\\\/2024\\\/12\\\/folder-voorbeeld-nl.png\",\"contentUrl\":\"https:\\\/\\\/www.trustguard.eu\\\/wp-content\\\/uploads\\\/2024\\\/12\\\/folder-voorbeeld-nl.png\"},{\"@type\":\"BreadcrumbList\",\"@id\":\"https:\\\/\\\/www.trustguard.eu\\\/fr\\\/relations\\\/partenaires\\\/brochure\\\/#breadcrumb\",\"itemListElement\":[{\"@type\":\"ListItem\",\"position\":1,\"name\":\"Home\",\"item\":\"https:\\\/\\\/www.trustguard.eu\\\/fr\\\/\"},{\"@type\":\"ListItem\",\"position\":2,\"name\":\"Relations\",\"item\":\"https:\\\/\\\/www.trustguard.eu\\\/fr\\\/relaties\\\/\"},{\"@type\":\"ListItem\",\"position\":3,\"name\":\"Partenaires\",\"item\":\"https:\\\/\\\/www.trustguard.eu\\\/fr\\\/relations\\\/partenaires\\\/\"},{\"@type\":\"ListItem\",\"position\":4,\"name\":\"Brochure\"}]},{\"@type\":\"WebSite\",\"@id\":\"https:\\\/\\\/www.trustguard.eu\\\/fr\\\/#website\",\"url\":\"https:\\\/\\\/www.trustguard.eu\\\/fr\\\/\",\"name\":\"Trust Guard\",\"description\":\"Websitebeveiliging\",\"publisher\":{\"@id\":\"https:\\\/\\\/www.trustguard.eu\\\/fr\\\/#organization\"},\"potentialAction\":[{\"@type\":\"SearchAction\",\"target\":{\"@type\":\"EntryPoint\",\"urlTemplate\":\"https:\\\/\\\/www.trustguard.eu\\\/fr\\\/?s={search_term_string}\"},\"query-input\":{\"@type\":\"PropertyValueSpecification\",\"valueRequired\":true,\"valueName\":\"search_term_string\"}}],\"inLanguage\":\"fr-FR\"},{\"@type\":\"Organization\",\"@id\":\"https:\\\/\\\/www.trustguard.eu\\\/fr\\\/#organization\",\"name\":\"Trust Guard\",\"url\":\"https:\\\/\\\/www.trustguard.eu\\\/fr\\\/\",\"logo\":{\"@type\":\"ImageObject\",\"inLanguage\":\"fr-FR\",\"@id\":\"https:\\\/\\\/www.trustguard.eu\\\/fr\\\/#\\\/schema\\\/logo\\\/image\\\/\",\"url\":\"https:\\\/\\\/www.trustguard.eu\\\/wp-content\\\/uploads\\\/2024\\\/12\\\/TG_logo_1-line.png\",\"contentUrl\":\"https:\\\/\\\/www.trustguard.eu\\\/wp-content\\\/uploads\\\/2024\\\/12\\\/TG_logo_1-line.png\",\"width\":792,\"height\":613,\"caption\":\"Trust Guard\"},\"image\":{\"@id\":\"https:\\\/\\\/www.trustguard.eu\\\/fr\\\/#\\\/schema\\\/logo\\\/image\\\/\"},\"sameAs\":[\"https:\\\/\\\/nl.linkedin.com\\\/company\\\/paybylink-com\"]}]}<\/script>\n<!-- \/ Yoast SEO plugin. -->","yoast_head_json":{"title":"Brochure - Trust Guard","description":"Le fait de disposer de votre propre brochure facilite la promotion active de Trust Guard. Nous nous ferons un plaisir de vous aider \u00e0 ajouter votre logo et vos coordonn\u00e9es.","robots":{"index":"index","follow":"follow","max-snippet":"max-snippet:-1","max-image-preview":"max-image-preview:large","max-video-preview":"max-video-preview:-1"},"canonical":"https:\/\/www.trustguard.eu\/fr\/relations\/partenaires\/brochure\/","og_locale":"fr_FR","og_type":"article","og_title":"Brochure - Trust Guard","og_description":"Le fait de disposer de votre propre brochure facilite la promotion active de Trust Guard. Nous nous ferons un plaisir de vous aider \u00e0 ajouter votre logo et vos coordonn\u00e9es.","og_url":"https:\/\/www.trustguard.eu\/fr\/relations\/partenaires\/brochure\/","og_site_name":"Trust Guard","article_modified_time":"2025-07-01T09:34:09+00:00","og_image":[{"width":900,"height":540,"url":"https:\/\/www.trustguard.eu\/wp-content\/uploads\/2024\/12\/folder-voorbeeld-nl.png","type":"image\/png"}],"twitter_card":"summary_large_image","twitter_misc":{"Dur\u00e9e de lecture estim\u00e9e":"2 minutes"},"schema":{"@context":"https:\/\/schema.org","@graph":[{"@type":"WebPage","@id":"https:\/\/www.trustguard.eu\/fr\/relations\/partenaires\/brochure\/","url":"https:\/\/www.trustguard.eu\/fr\/relations\/partenaires\/brochure\/","name":"Brochure - Trust Guard","isPartOf":{"@id":"https:\/\/www.trustguard.eu\/fr\/#website"},"primaryImageOfPage":{"@id":"https:\/\/www.trustguard.eu\/fr\/relations\/partenaires\/brochure\/#primaryimage"},"image":{"@id":"https:\/\/www.trustguard.eu\/fr\/relations\/partenaires\/brochure\/#primaryimage"},"thumbnailUrl":"https:\/\/www.trustguard.eu\/wp-content\/uploads\/2024\/12\/folder-voorbeeld-nl.png","datePublished":"2025-01-14T10:20:47+00:00","dateModified":"2025-07-01T09:34:09+00:00","description":"Le fait de disposer de votre propre brochure facilite la promotion active de Trust Guard. Nous nous ferons un plaisir de vous aider \u00e0 ajouter votre logo et vos coordonn\u00e9es.","breadcrumb":{"@id":"https:\/\/www.trustguard.eu\/fr\/relations\/partenaires\/brochure\/#breadcrumb"},"inLanguage":"fr-FR","potentialAction":[{"@type":"ReadAction","target":["https:\/\/www.trustguard.eu\/fr\/relations\/partenaires\/brochure\/"]}]},{"@type":"ImageObject","inLanguage":"fr-FR","@id":"https:\/\/www.trustguard.eu\/fr\/relations\/partenaires\/brochure\/#primaryimage","url":"https:\/\/www.trustguard.eu\/wp-content\/uploads\/2024\/12\/folder-voorbeeld-nl.png","contentUrl":"https:\/\/www.trustguard.eu\/wp-content\/uploads\/2024\/12\/folder-voorbeeld-nl.png"},{"@type":"BreadcrumbList","@id":"https:\/\/www.trustguard.eu\/fr\/relations\/partenaires\/brochure\/#breadcrumb","itemListElement":[{"@type":"ListItem","position":1,"name":"Home","item":"https:\/\/www.trustguard.eu\/fr\/"},{"@type":"ListItem","position":2,"name":"Relations","item":"https:\/\/www.trustguard.eu\/fr\/relaties\/"},{"@type":"ListItem","position":3,"name":"Partenaires","item":"https:\/\/www.trustguard.eu\/fr\/relations\/partenaires\/"},{"@type":"ListItem","position":4,"name":"Brochure"}]},{"@type":"WebSite","@id":"https:\/\/www.trustguard.eu\/fr\/#website","url":"https:\/\/www.trustguard.eu\/fr\/","name":"Trust Guard","description":"Websitebeveiliging","publisher":{"@id":"https:\/\/www.trustguard.eu\/fr\/#organization"},"potentialAction":[{"@type":"SearchAction","target":{"@type":"EntryPoint","urlTemplate":"https:\/\/www.trustguard.eu\/fr\/?s={search_term_string}"},"query-input":{"@type":"PropertyValueSpecification","valueRequired":true,"valueName":"search_term_string"}}],"inLanguage":"fr-FR"},{"@type":"Organization","@id":"https:\/\/www.trustguard.eu\/fr\/#organization","name":"Trust Guard","url":"https:\/\/www.trustguard.eu\/fr\/","logo":{"@type":"ImageObject","inLanguage":"fr-FR","@id":"https:\/\/www.trustguard.eu\/fr\/#\/schema\/logo\/image\/","url":"https:\/\/www.trustguard.eu\/wp-content\/uploads\/2024\/12\/TG_logo_1-line.png","contentUrl":"https:\/\/www.trustguard.eu\/wp-content\/uploads\/2024\/12\/TG_logo_1-line.png","width":792,"height":613,"caption":"Trust Guard"},"image":{"@id":"https:\/\/www.trustguard.eu\/fr\/#\/schema\/logo\/image\/"},"sameAs":["https:\/\/nl.linkedin.com\/company\/paybylink-com"]}]}},"_links":{"self":[{"href":"https:\/\/www.trustguard.eu\/fr\/wp-json\/wp\/v2\/pages\/33668","targetHints":{"allow":["GET"]}}],"collection":[{"href":"https:\/\/www.trustguard.eu\/fr\/wp-json\/wp\/v2\/pages"}],"about":[{"href":"https:\/\/www.trustguard.eu\/fr\/wp-json\/wp\/v2\/types\/page"}],"author":[{"embeddable":true,"href":"https:\/\/www.trustguard.eu\/fr\/wp-json\/wp\/v2\/users\/2"}],"replies":[{"embeddable":true,"href":"https:\/\/www.trustguard.eu\/fr\/wp-json\/wp\/v2\/comments?post=33668"}],"version-history":[{"count":0,"href":"https:\/\/www.trustguard.eu\/fr\/wp-json\/wp\/v2\/pages\/33668\/revisions"}],"up":[{"embeddable":true,"href":"https:\/\/www.trustguard.eu\/fr\/wp-json\/wp\/v2\/pages\/33563"}],"wp:attachment":[{"href":"https:\/\/www.trustguard.eu\/fr\/wp-json\/wp\/v2\/media?parent=33668"}],"curies":[{"name":"wp","href":"https:\/\/api.w.org\/{rel}","templated":true}]}}